{"id":1032,"date":"2017-07-31T13:01:34","date_gmt":"2017-07-31T13:01:34","guid":{"rendered":"http:\/\/axiomed.ro\/?post_type=product&#038;p=1032\/"},"modified":"2024-12-29T20:29:40","modified_gmt":"2024-12-29T17:29:40","slug":"vata-medicinala-de-200gr-b","status":"publish","type":"product","link":"https:\/\/axiomed.ro\/en\/shop\/vata-medicinala-de-200gr-b\/","title":{"rendered":"Medicinal wool of 200gr"},"content":{"rendered":"<p>Hydrophilic wool<\/p>\n<ul>\n<li>BC type for medicinal use,<\/li>\n<li>absorbent,<\/li>\n<li>odorless,<\/li>\n<li>100% cotton%<\/li>\n<\/ul>\n<p>Packing mode: in packs of 200 gr.<\/p>\n<p>Lot no., date of manufacture, expiry date, manufacturer, CE mark<\/p>","protected":false},"excerpt":{"rendered":"<p>Vat\u0103 hidrofil\u0103 tip BC pentru uz medicinal, absorbanta, inodor\u0103, din bumbac 100%. Mod de ambalare: \u00een pachete de 200 gr. Marcaj nr.lot, data fabrica\u021biei, data expir\u0103rii, produc\u0103tor, marca CE.<\/p>","protected":false},"featured_media":1979,"comment_status":"open","ping_status":"closed","template":"","meta":[],"product_brand":[],"product_cat":[26,29],"product_tag":[394,393,392,395],"class_list":{"0":"post-1032","1":"product","2":"type-product","3":"status-publish","4":"has-post-thumbnail","6":"product_cat-consumabile-medicale","7":"product_cat-medicina-generala","8":"product_tag-vata-din-bumbac","9":"product_tag-vata-hidrofila","10":"product_tag-vata-medicinala","11":"product_tag-vata-medicinala-axiomed","13":"first","14":"instock","15":"taxable","16":"shipping-taxable","17":"purchasable","18":"product-type-simple"},"_links":{"self":[{"href":"https:\/\/axiomed.ro\/en\/wp-json\/wp\/v2\/product\/1032","targetHints":{"allow":["GET"]}}],"collection":[{"href":"https:\/\/axiomed.ro\/en\/wp-json\/wp\/v2\/product"}],"about":[{"href":"https:\/\/axiomed.ro\/en\/wp-json\/wp\/v2\/types\/product"}],"replies":[{"embeddable":true,"href":"https:\/\/axiomed.ro\/en\/wp-json\/wp\/v2\/comments?post=1032"}],"wp:featuredmedia":[{"embeddable":true,"href":"https:\/\/axiomed.ro\/en\/wp-json\/wp\/v2\/media\/1979"}],"wp:attachment":[{"href":"https:\/\/axiomed.ro\/en\/wp-json\/wp\/v2\/media?parent=1032"}],"wp:term":[{"taxonomy":"product_brand","embeddable":true,"href":"https:\/\/axiomed.ro\/en\/wp-json\/wp\/v2\/product_brand?post=1032"},{"taxonomy":"product_cat","embeddable":true,"href":"https:\/\/axiomed.ro\/en\/wp-json\/wp\/v2\/product_cat?post=1032"},{"taxonomy":"product_tag","embeddable":true,"href":"https:\/\/axiomed.ro\/en\/wp-json\/wp\/v2\/product_tag?post=1032"}],"curies":[{"name":"wp","href":"https:\/\/api.w.org\/{rel}","templated":true}]}}