{"id":10805,"date":"2025-06-10T14:05:57","date_gmt":"2025-06-10T11:05:57","guid":{"rendered":"https:\/\/axiomed.ro\/?post_type=product&#038;p=10805"},"modified":"2025-06-23T11:24:43","modified_gmt":"2025-06-23T08:24:43","slug":"masina-de-lipire-sigilare","status":"publish","type":"product","link":"https:\/\/axiomed.ro\/en\/shop\/masina-de-lipire-sigilare\/","title":{"rendered":"Glueing\/sealing machine"},"content":{"rendered":"<p class=\"translation-block\"><span style=\"font-size: medium\">Ma\u0219ina de etan\u0219are manual\u0103 conven\u021bional\u0103 care nu poate \u00eendeplini situa\u021bia actual\u0103 a rolei de sterilizare Tyvek cu etan\u0219are termic\u0103 la temperatur\u0103 sc\u0103zut\u0103, folosind sistemul de \u00eenc\u0103lzire \u0219i control al temperaturii. <\/span><span style=\"font-size: medium\">Produsul are propria func\u021bie de t\u0103iere manual\u0103 a sacului de rulare, adopt\u0103 control cu un singur cip, afi\u0219aj digital al tubului, \u00eenc\u0103lzitor cu durat\u0103 lung\u0103 de via\u021b\u0103, reglabil la temperatur\u0103, protec\u021bie automat\u0103 la temperatur\u0103 ultra-ridicat\u0103<\/span><\/p>\n<p><span style=\"font-size: large;\"><b>Technical indicators<\/b><\/span><\/p>\n<ol>\n<li style=\"list-style-type: none;\">\n<ul>\n<li><span style=\"font-size: medium;\">Working temperature: 60 ~ 220\u00b0C adjustable<\/span><\/li>\n<li><span style=\"font-size: medium;\">Temperature Accuracy: \u2264 \u00b1  2 % \u00b0 C<\/span><\/li>\n<li><span style=\"font-size: medium;\">AC power: 220V \u00b110% 50Hz \/ 60Hz<\/span><\/li>\n<li><span style=\"font-size: medium;\">Maximum current:3.2 A<\/span><\/li>\n<li><span style=\"font-size: medium;\">Fuse: 5A\u00d72<\/span><\/li>\n<li>\n<p align=\"JUSTIFY\"><span style=\"font-size: small;\">Sealing width: 300<\/span><\/p>\n<\/li>\n<li>\n<p align=\"JUSTIFY\"><span style=\"font-size: small;\">Embossing width: 10<\/span><\/p>\n<\/li>\n<li>\n<p align=\"JUSTIFY\">Power: 500<\/p>\n<\/li>\n<li>\n<p align=\"JUSTIFY\">\u00a0Weight: 9Kg<\/p>\n<\/li>\n<li>Size: 360\u00d7330\u00d7150<\/li>\n<\/ul>\n<\/li>\n<\/ol>\n<p><span style=\"font-size: medium;\">Storage utilization environment <\/span><\/p>\n<ul>\n<li style=\"list-style-type: none;\">\n<ul>\n<li><span style=\"font-size: medium;\">Temperature: 10 ~ 40 \u00b0C;<\/span><\/li>\n<li><span style=\"font-size: medium;\">Humidity: \u226490% (RH);<\/span><\/li>\n<li class=\"translation-block\"><span style=\"font-size: medium\">Atmospheric <\/span><span style=\"font-size: medium\">pressure: 50KPa ~ 106KPa<\/span><\/li>\n<\/ul>\n<\/li>\n<\/ul>","protected":false},"excerpt":{"rendered":"<p>Ma\u0219ina de etan\u0219are manual\u0103 conven\u021bional\u0103 care nu poate \u00eendeplini situa\u021bia actual\u0103 a rolei de sterilizare Tyvek cu etan\u0219are termic\u0103 la temperatur\u0103 sc\u0103zut\u0103, folosind sistemul de \u00eenc\u0103lzire \u0219i control al temperaturii.Produsul&#8230;<\/p>","protected":false},"featured_media":10841,"comment_status":"open","ping_status":"closed","template":"","meta":[],"product_brand":[],"product_cat":[32,1451],"product_tag":[],"class_list":{"0":"post-10805","1":"product","2":"type-product","3":"status-publish","4":"has-post-thumbnail","6":"product_cat-echipamente-sterilizare","7":"product_cat-sterilizare","9":"first","10":"instock","11":"taxable","12":"shipping-taxable","13":"purchasable","14":"product-type-simple"},"_links":{"self":[{"href":"https:\/\/axiomed.ro\/en\/wp-json\/wp\/v2\/product\/10805","targetHints":{"allow":["GET"]}}],"collection":[{"href":"https:\/\/axiomed.ro\/en\/wp-json\/wp\/v2\/product"}],"about":[{"href":"https:\/\/axiomed.ro\/en\/wp-json\/wp\/v2\/types\/product"}],"replies":[{"embeddable":true,"href":"https:\/\/axiomed.ro\/en\/wp-json\/wp\/v2\/comments?post=10805"}],"wp:featuredmedia":[{"embeddable":true,"href":"https:\/\/axiomed.ro\/en\/wp-json\/wp\/v2\/media\/10841"}],"wp:attachment":[{"href":"https:\/\/axiomed.ro\/en\/wp-json\/wp\/v2\/media?parent=10805"}],"wp:term":[{"taxonomy":"product_brand","embeddable":true,"href":"https:\/\/axiomed.ro\/en\/wp-json\/wp\/v2\/product_brand?post=10805"},{"taxonomy":"product_cat","embeddable":true,"href":"https:\/\/axiomed.ro\/en\/wp-json\/wp\/v2\/product_cat?post=10805"},{"taxonomy":"product_tag","embeddable":true,"href":"https:\/\/axiomed.ro\/en\/wp-json\/wp\/v2\/product_tag?post=10805"}],"curies":[{"name":"wp","href":"https:\/\/api.w.org\/{rel}","templated":true}]}}