{"id":10810,"date":"2025-06-10T14:36:00","date_gmt":"2025-06-10T11:36:00","guid":{"rendered":"https:\/\/axiomed.ro\/?post_type=product&#038;p=10810"},"modified":"2025-06-10T14:49:11","modified_gmt":"2025-06-10T11:49:11","slug":"roller","status":"publish","type":"product","link":"https:\/\/axiomed.ro\/en\/shop\/roller\/","title":{"rendered":"Front roller table for sealing machines"},"content":{"rendered":"<p>Roller front tables have the advantage that the packaging is guided more easily through the heat sealing machine and prevent the heavy weight from causing faulty sealing.<\/p>\n<p>Dimensions: 745 x 256 x 52mm<\/p>","protected":false},"excerpt":{"rendered":"<p>Mesele frontale cu role au avantajul c\u0103 ambalajul este ghidat mai u\u0219or prin ma\u0219ina de sigilare termic\u0103 \u0219i \u00eempiedic\u0103 greutatea mare s\u0103 provoace sigil\u0103ri defectuoase. Dimensiuni: 745 x 256 x&#8230;<\/p>","protected":false},"featured_media":10811,"comment_status":"open","ping_status":"closed","template":"","meta":[],"product_brand":[],"product_cat":[32,1451],"product_tag":[1621,1622,1624,1623,1619],"class_list":{"0":"post-10810","1":"product","2":"type-product","3":"status-publish","4":"has-post-thumbnail","6":"product_cat-echipamente-sterilizare","7":"product_cat-sterilizare","8":"product_tag-masa","9":"product_tag-masa-de-sigilare","10":"product_tag-masa-frontala","11":"product_tag-role","12":"product_tag-sigilare","14":"first","15":"instock","16":"taxable","17":"shipping-taxable","18":"purchasable","19":"product-type-simple"},"_links":{"self":[{"href":"https:\/\/axiomed.ro\/en\/wp-json\/wp\/v2\/product\/10810","targetHints":{"allow":["GET"]}}],"collection":[{"href":"https:\/\/axiomed.ro\/en\/wp-json\/wp\/v2\/product"}],"about":[{"href":"https:\/\/axiomed.ro\/en\/wp-json\/wp\/v2\/types\/product"}],"replies":[{"embeddable":true,"href":"https:\/\/axiomed.ro\/en\/wp-json\/wp\/v2\/comments?post=10810"}],"wp:featuredmedia":[{"embeddable":true,"href":"https:\/\/axiomed.ro\/en\/wp-json\/wp\/v2\/media\/10811"}],"wp:attachment":[{"href":"https:\/\/axiomed.ro\/en\/wp-json\/wp\/v2\/media?parent=10810"}],"wp:term":[{"taxonomy":"product_brand","embeddable":true,"href":"https:\/\/axiomed.ro\/en\/wp-json\/wp\/v2\/product_brand?post=10810"},{"taxonomy":"product_cat","embeddable":true,"href":"https:\/\/axiomed.ro\/en\/wp-json\/wp\/v2\/product_cat?post=10810"},{"taxonomy":"product_tag","embeddable":true,"href":"https:\/\/axiomed.ro\/en\/wp-json\/wp\/v2\/product_tag?post=10810"}],"curies":[{"name":"wp","href":"https:\/\/api.w.org\/{rel}","templated":true}]}}