{"id":10848,"date":"2025-06-24T08:52:43","date_gmt":"2025-06-24T05:52:43","guid":{"rendered":"https:\/\/axiomed.ro\/?post_type=product&#038;p=10848"},"modified":"2025-06-24T09:47:41","modified_gmt":"2025-06-24T06:47:41","slug":"incubator-termosat-cu-abur","status":"publish","type":"product","link":"https:\/\/axiomed.ro\/en\/shop\/incubator-termosat-cu-abur\/","title":{"rendered":"Steam incubator\/thermostat"},"content":{"rendered":"<p class=\"translation-block\">It is a device for incubating biological indicators at 56\u00b0C. The incubator maintains the temperature of the device constant throughout the incubation period, after a start-up period of 3 to 5 minutes. After starting the test with the START button, the incubator maintains the set temperature until the device is switched off.<br>\nThe incubator consists of a metal frame, a plastic housing, an aluminum heater, three places for biological tests and an electronic board for automatic control of the heater temperature.<br>\nOn the back there is a socket for connecting the plug from the supplied power adapter. On the front of the device there is a START button and a STAND BY\/ALARM warning diode , on the top of the device there is a transparent insulating cover .<\/p>\n<p class=\"translation-block\">USAGE TEMPERATURE: 17\u00b0C - 27\u00b0C<br>\nDIMENSIONS: 130*85*90 mm<br>\nN.W: 0. 8kg<br>\nFRAME: Fe360B steel, FUNCTION: ABS plastic<br>\nHEATER: anodized aluminum block<br>\nPACK SIZE: 220*170*110 mm<br>\nSUPPLY VOLTAGE: 10-14V NUMBER OF PHASES: 1<br>\nPOWER SUPPLY FREQUENCY: 50Hz<br>\nPOWER : 46W<br>\nSAFETY LEVEL: ON INSULATION CLASS: 1<br>\nCABLE LENGTHS: L=1200mm (2*0. 75mm*2 + grounding wire), L2=1400mm<br>\n MAXIMUM CURRENT IN THE HEAT PHASE: 4.5A AVERAGE CURRENT INA24H HEAT CYCLE: 2A<\/p>\n<p class=\"translation-block\">STANDBY CURRENT: 0.1A<br>\nMAX POWER CONSUMPTION: 60W STANDBY POWER CONSUMPTION: 1.2W<\/p>\n<p class=\"translation-block\">OPERATING TEMPERATURE: 56\u00b0C<br>\nTEMPERATURE STABILIZATION: +\/-1\u00b0C<\/p>","protected":false},"excerpt":{"rendered":"<p>Este un dispozitiv pentru incubarea indicatorilor biologici la 56\u00b0C. Incubatorul men\u021bine temperatura dispozitivului constant\u0103 pe toat\u0103 perioada de incubare, dup\u0103 o perioad\u0103 de pornire care dureaz\u0103 de la 3 la&#8230;<\/p>","protected":false},"featured_media":10849,"comment_status":"open","ping_status":"closed","template":"","meta":[],"product_brand":[],"product_cat":[32,1451],"product_tag":[1630,1458,1631,1574,1632],"class_list":{"0":"post-10848","1":"product","2":"type-product","3":"status-publish","4":"has-post-thumbnail","6":"product_cat-echipamente-sterilizare","7":"product_cat-sterilizare","8":"product_tag-abur","9":"product_tag-incubator","10":"product_tag-incubator-cu-abur","11":"product_tag-termostat","12":"product_tag-termostat-cu-abur","14":"first","15":"instock","16":"taxable","17":"shipping-taxable","18":"purchasable","19":"product-type-simple"},"_links":{"self":[{"href":"https:\/\/axiomed.ro\/en\/wp-json\/wp\/v2\/product\/10848","targetHints":{"allow":["GET"]}}],"collection":[{"href":"https:\/\/axiomed.ro\/en\/wp-json\/wp\/v2\/product"}],"about":[{"href":"https:\/\/axiomed.ro\/en\/wp-json\/wp\/v2\/types\/product"}],"replies":[{"embeddable":true,"href":"https:\/\/axiomed.ro\/en\/wp-json\/wp\/v2\/comments?post=10848"}],"wp:featuredmedia":[{"embeddable":true,"href":"https:\/\/axiomed.ro\/en\/wp-json\/wp\/v2\/media\/10849"}],"wp:attachment":[{"href":"https:\/\/axiomed.ro\/en\/wp-json\/wp\/v2\/media?parent=10848"}],"wp:term":[{"taxonomy":"product_brand","embeddable":true,"href":"https:\/\/axiomed.ro\/en\/wp-json\/wp\/v2\/product_brand?post=10848"},{"taxonomy":"product_cat","embeddable":true,"href":"https:\/\/axiomed.ro\/en\/wp-json\/wp\/v2\/product_cat?post=10848"},{"taxonomy":"product_tag","embeddable":true,"href":"https:\/\/axiomed.ro\/en\/wp-json\/wp\/v2\/product_tag?post=10848"}],"curies":[{"name":"wp","href":"https:\/\/api.w.org\/{rel}","templated":true}]}}