{"id":11311,"date":"2026-02-17T16:12:45","date_gmt":"2026-02-17T14:12:45","guid":{"rendered":"https:\/\/axiomed.ro\/?post_type=product&#038;p=11311"},"modified":"2026-02-26T10:46:45","modified_gmt":"2026-02-26T08:46:45","slug":"indicator-chimic-integrator-clasa-5-axioster-sterilizare-abur-121-135-grade","status":"publish","type":"product","link":"https:\/\/axiomed.ro\/en\/shop\/indicator-chimic-integrator-clasa-5-axioster-sterilizare-abur-121-135-grade\/","title":{"rendered":"Indicator chimic integrator clasa 5  AxioSter sterilizare abur 121-135 grade"},"content":{"rendered":"<p>DESCRIEREA PRODUSULUI<br \/>\nIndicator de tip 5 &#8211; Pentru procesele de sterilizare cu abur<br \/>\nUse:<br \/>\nControlul proceselor de sterilizare cu abur \u00eentre 121 \u00baC \u0219i 135 \u00baC. Reglementare aplicabil\u0103<br \/>\nProiectat \u00een conformitate cu standardele de sisteme de management al calit\u0103\u021bii ISO 13485:2016 \/ NS-EN ISO 13485:2016. ISO 11140-1: 2014.<br \/>\nClasificare<br \/>\nClasa 1, \u00een func\u021bie de risc. Caracteristici<br \/>\nIndicator integrator de tip 5 (conform ISO 11140-1). benzi imprimate cu cerneal\u0103 indicator.<br \/>\nDimensiune: 25mmx65mm.<br \/>\nCuloare ini\u021bial\u0103: albastru.<br \/>\nCuloarea final\u0103: negru.<br \/>\n100% f\u0103r\u0103 metale toxice<\/p>\n<p>Condi\u021bii: abur saturat la 121 \u00baC, 128 \u00baC, 135 \u00baC.<br \/>\nProdusul asigur\u0103 un control adecvat al eficacit\u0103\u021bii proceselor de sterilizare (temperatur\u0103, timp, calitatea aburului)<br \/>\nPentru a interpreta vizual rezultatele, utiliza\u021bi referin\u021ba g\u0103sit\u0103 \u00een instruc\u021biunile de mai jos. Condi\u021bii de mediu \u00een timpul produc\u021biei<br \/>\nT = 15-30 \u00baC, RH = 30-80%.<br \/>\nCondi\u021bii de depozitare<br \/>\nT = 10-30 \u00baC, RH = 30-80%, departe de lumina direct\u0103. Condi\u021bii de transport<br \/>\nCondi\u021biile de depozitare trebuie respectate cu stricte\u021be.<br \/>\nTransport \u00een cutii \u00eenchise \u0219i armate pentru a evita deteriorarea. Transportul acestui produs nu prezint\u0103 un risc pentru s\u0103n\u0103tate. Valabilitate : 5 ani.<\/p>\n<p>Ambalaj: 250 de unit\u0103\u021bi pe cutie.<br \/>\nInforma\u021bii despre ambalaj: descrierea produsului, instruc\u021biuni de utilizare, reglementare, condi\u021bii de depozitare, informa\u021bii despre produc\u0103tor \u0219i date de etichet\u0103.<br \/>\nEtichetare<br \/>\nPe ambalajul produsului: codul \u0219i descrierea produsului, procesul de utilizare prev\u0103zut, clasificarea conform reglement\u0103rilor, prezentarea, num\u0103rul lotului, data fabrica\u021biei \u0219i expir\u0103rii.<br \/>\nPosibile pie\u021be \u021bint\u0103<br \/>\nS\u0103n\u0103tate, industria alimentar\u0103, farmaceutic\u0103 \u0219i medical\u0103. Alte informa\u021bii importante<br \/>\nV\u0103 rug\u0103m s\u0103 citi\u021bi cu aten\u021bie instruc\u021biunile de utilizare ale produsului \u00eenainte de utilizare. Precau\u0163ii<br \/>\nNu depozita\u021bi produsul l\u00e2ng\u0103 agen\u021bi de sterilizare.<br \/>\nNu expune\u021bi acest produs la EO, c\u0103ldur\u0103 uscat\u0103 sau alte procese de sterilizare, altele dec\u00e2t aburul. Nu reutiliza\u021bi sterilizatorul p\u00e2n\u0103 c\u00e2nd indicatorul nu s-a schimbat \u00een culoarea indicat\u0103 pe produs.<\/p>\n<p>Indicator de tip 5 conform ISO 11140-1:2014<br \/>\nDescrierea produsului Instruc\u021biuni de utilizare<br \/>\nUtiliza\u021bi indicatorul integrator pentru a monitoriza procesele de sterilizare cu abur \u00eentre 121\u00baC \u0219i 135\u00baC.<\/p>\n<p>Condi\u021bia de integrare se realizeaz\u0103 \u00een procesele de sterilizare cu abur<br \/>\nPrecau\u0163ii<br \/>\nNu expune\u021bi acest produs la EO, c\u0103ldur\u0103 uscat\u0103 sau orice alt proces de sterilizare dec\u00e2t aburul. Instruc\u021biuni de utilizare<\/p>\n<p>A\u0219eza\u021bi un indicator chimic de clasa 5 \u00een fiecare pachet, pung\u0103 sau tav\u0103 care urmeaz\u0103 s\u0103 fie sterilizat\u0103 cu abur.<\/p>\n<p>\u00cen recipientele rigide, a\u0219eza\u021bi un indicator chimic de clasa 5 \u00een fiecare col\u021b sau cel pu\u021bin dou\u0103 col\u021buri opuse \u00een diagonal\u0103 pentru a v\u0103 asigura c\u0103 aburul a ajuns \u00een zonele cele mai inaccesibile.<\/p>\n<p>Dup\u0103 finalizarea procesului de sterilizare, analiza\u021bi rezultatele. Dac\u0103 cerneala imprimat\u0103 pe indicator se schimb\u0103 \u00een culoarea de referin\u021b\u0103 imprimat\u0103 pe produs, condi\u021bia de integrare este \u00eendeplinit\u0103 \u0219i procesul de sterilizare a avut succes.<br \/>\nDepozitare \u0219i termen de valabilitate<\/p>\n<p>Indicatoarele trebuie depozitate \u00een locuri uscate, ferite de lumin\u0103, la temperaturi cuprinse \u00eentre 10-30 \u00baC \u0219i 30-80% umiditate relativ\u0103. Nu v\u0103 uda\u021bi. Nu depozita\u021bi \u00een apropierea agen\u021bilor de sterilizare.<\/p>\n<p>Indicatorii au o dat\u0103 de expirare de 5 ani de la data fabrica\u021biei, atunci c\u00e2nd sunt depozita\u021bi \u00een condi\u021biile recomandate. Data de expirare \u0219i num\u0103rul lotului de produs sunt specificate pe eticheta ambalajului \u0219i \u00een fiecare unitate de produs. Nu utiliza\u021bi indicatori dup\u0103 data de expirare.<br \/>\nDup\u0103 utilizare, indicatorul nu se va schimba timp de 6 luni dac\u0103 este stocat corespunzator<\/p>","protected":false},"excerpt":{"rendered":"<p>DESCRIEREA PRODUSULUI Indicator de tip 5 &#8211; Pentru procesele de sterilizare cu abur Utilizare: Controlul proceselor de sterilizare cu abur \u00eentre 121 \u00baC \u0219i 135 \u00baC. Reglementare aplicabil\u0103 Proiectat \u00een&#8230;<\/p>","protected":false},"featured_media":11312,"comment_status":"open","ping_status":"closed","template":"","meta":[],"product_brand":[],"product_cat":[26,1031,1450,31,1463,1451],"product_tag":[1041,1639,1642,1641,1643,1354,1640,1644,1645],"class_list":{"0":"post-11311","1":"product","2":"type-product","3":"status-publish","4":"has-post-thumbnail","6":"product_cat-consumabile-medicale","7":"product_cat-control-igiena-spalare-dezinfectie","8":"product_cat-indicatori-chimici","9":"product_cat-indicatori-control-sterilizare","10":"product_cat-control-sterilizare-indicatori","11":"product_cat-sterilizare","12":"product_tag-indicator","13":"product_tag-indicator-chimic-abur","14":"product_tag-indicator-chimic-sterilizare-abur","15":"product_tag-indicator-tip-5","16":"product_tag-indicator121-135","17":"product_tag-integrator","18":"product_tag-strip-abur","19":"product_tag-strip-clasa-5","20":"product_tag-stripuri","22":"first","23":"instock","24":"taxable","25":"shipping-taxable","26":"purchasable","27":"product-type-simple"},"_links":{"self":[{"href":"https:\/\/axiomed.ro\/en\/wp-json\/wp\/v2\/product\/11311","targetHints":{"allow":["GET"]}}],"collection":[{"href":"https:\/\/axiomed.ro\/en\/wp-json\/wp\/v2\/product"}],"about":[{"href":"https:\/\/axiomed.ro\/en\/wp-json\/wp\/v2\/types\/product"}],"replies":[{"embeddable":true,"href":"https:\/\/axiomed.ro\/en\/wp-json\/wp\/v2\/comments?post=11311"}],"wp:featuredmedia":[{"embeddable":true,"href":"https:\/\/axiomed.ro\/en\/wp-json\/wp\/v2\/media\/11312"}],"wp:attachment":[{"href":"https:\/\/axiomed.ro\/en\/wp-json\/wp\/v2\/media?parent=11311"}],"wp:term":[{"taxonomy":"product_brand","embeddable":true,"href":"https:\/\/axiomed.ro\/en\/wp-json\/wp\/v2\/product_brand?post=11311"},{"taxonomy":"product_cat","embeddable":true,"href":"https:\/\/axiomed.ro\/en\/wp-json\/wp\/v2\/product_cat?post=11311"},{"taxonomy":"product_tag","embeddable":true,"href":"https:\/\/axiomed.ro\/en\/wp-json\/wp\/v2\/product_tag?post=11311"}],"curies":[{"name":"wp","href":"https:\/\/api.w.org\/{rel}","templated":true}]}}