{"id":11353,"date":"2026-03-02T13:19:04","date_gmt":"2026-03-02T11:19:04","guid":{"rendered":"https:\/\/axiomed.ro\/?post_type=product&#038;p=11353"},"modified":"2026-03-02T15:00:48","modified_gmt":"2026-03-02T13:00:48","slug":"rola-pungi-sterilizare-abur-50mm-x-200m-plata","status":"publish","type":"product","link":"https:\/\/axiomed.ro\/en\/shop\/rola-pungi-sterilizare-abur-50mm-x-200m-plata\/","title":{"rendered":"Rola pungi sterilizare abur 50mm x 200m plata"},"content":{"rendered":"<p>Membran\u0103 medical\u0103 compozit\u0103 autoprodus\u0103.<br \/>\nH\u00e2rtie medical\u0103 avansat\u0103\u00a0 \u2013 H\u00e2rtia de grad medical 60 gsm sau 70 gsm este o barier\u0103 eficient\u0103 \u00eempotriva bacteriilor \u0219i germenilor.<br \/>\nPelicul\u0103 u\u0219or de dezlipit (Peel-easy): Pelicula Peel-easy permite separarea peliculei de h\u00e2rtie f\u0103r\u0103 fragmentare.<br \/>\nBand\u0103 tripl\u0103 de etan\u0219are: Band\u0103 tripl\u0103 de etan\u0219are pentru o rezisten\u021b\u0103 mai mare a pachetului, prevenind \u00een mod eficient fisurile.<br \/>\nSchimbarea culorii la sterilizare<br \/>\nPermite p\u0103trunderea aerului, aburului sau gazului de sterilizare, oferind o indica\u021bie clar\u0103 \u0219i precis\u0103 a procesului prin schimbarea culorii.<br \/>\nCerneal\u0103 non-toxic\u0103 pe baz\u0103 de ap\u0103<br \/>\nCerneal\u0103 non-toxic\u0103 pe baz\u0103 de ap\u0103 pentru a asigura afi\u0219area clar\u0103 a textului \u0219i care nu este u\u0219or de estompat.<br \/>\nAmbalaje din film transparent<br \/>\nPermite vizualizarea clar\u0103 a con\u021binutului interior, prevenind erorile vizuale.<br \/>\nCondi\u021bii de depozitare:<br \/>\nEvita\u021bi expunerea direct\u0103 la lumina soarelui sau la surse de c\u0103ldur\u0103 \u0219i depozita\u021bi \u00een medii cu contaminare redus\u0103. P\u0103stra\u021bi produsul departe de sursele de c\u0103ldur\u0103, lumin\u0103 \u0219i umiditate.<br \/>\nUtiliza\u021bi \u00een ordinea sosirii \u0219i manipula\u021bi cu grij\u0103.<br \/>\nPerioada de valabilitate a produsului<br \/>\nProdusul are un termen de valabilitate de 5 (cinci) ani de la data produc\u021biei.<br \/>\nProdusul trebuie p\u0103strat \u0219i depozitat \u00een locuri uscate, la temperatura mediului, departe de surse de poluare chimic\u0103, microbiologic\u0103 \u0219i biologic\u0103. Locurile de depozitare trebuie s\u0103 aib\u0103 un program de control al d\u0103un\u0103torilor pentru a evita contactul cu roz\u0103toare, insecte \u0219i alte animale t\u00e2r\u00e2toare.<br \/>\nSterilitatea produsului este garantat\u0103 numai dac\u0103 ambalajul este intact \u0219i depozitat corespunz\u0103tor.<br \/>\nPrin prezenta certific\u0103m c\u0103 produsul a fost fabricat \u00een conformitate cu standardul tehnic al companiei \u0219i \u00eendepline\u0219te cerin\u021bele EN868-5:2009 pentru acest tip produs<\/p>","protected":false},"excerpt":{"rendered":"<p><a href=\"https:\/\/axiomed.ro\/wp-content\/uploads\/2026\/03\/role-plate.jpg\"><img loading=\"lazy\" decoding=\"async\" class=\"alignnone size-full wp-image-11354\" src=\"https:\/\/axiomed.ro\/wp-content\/uploads\/2026\/03\/role-plate.jpg\" alt=\"\" width=\"600\" height=\"600\" srcset=\"https:\/\/axiomed.ro\/wp-content\/uploads\/2026\/03\/role-plate.jpg 600w, https:\/\/axiomed.ro\/wp-content\/uploads\/2026\/03\/role-plate-300x300.jpg 300w, https:\/\/axiomed.ro\/wp-content\/uploads\/2026\/03\/role-plate-150x150.jpg 150w, https:\/\/axiomed.ro\/wp-content\/uploads\/2026\/03\/role-plate-12x12.jpg 12w, https:\/\/axiomed.ro\/wp-content\/uploads\/2026\/03\/role-plate-100x100.jpg 100w, https:\/\/axiomed.ro\/wp-content\/uploads\/2026\/03\/role-plate-140x140.jpg 140w, https:\/\/axiomed.ro\/wp-content\/uploads\/2026\/03\/role-plate-500x500.jpg 500w, https:\/\/axiomed.ro\/wp-content\/uploads\/2026\/03\/role-plate-350x350.jpg 350w\" sizes=\"auto, (max-width: 600px) 100vw, 600px\" \/><\/a><\/p>","protected":false},"featured_media":11354,"comment_status":"open","ping_status":"closed","template":"","meta":[],"product_brand":[],"product_cat":[1443,1463,1451],"product_tag":[1654,1653,1160,1651,1652,1595,1593,1623,1655],"class_list":{"0":"post-11353","1":"product","2":"type-product","3":"status-publish","4":"has-post-thumbnail","6":"product_cat-impachetare-instrumentar","7":"product_cat-control-sterilizare-indicatori","8":"product_cat-sterilizare","9":"product_tag-punga","10":"product_tag-pungi","11":"product_tag-pungi-sterilizare","12":"product_tag-rola","13":"product_tag-rola-50x200","14":"product_tag-rola-plata","15":"product_tag-rola-sterilizare","16":"product_tag-role","17":"product_tag-role-sterilizare-abur","19":"first","20":"instock","21":"taxable","22":"shipping-taxable","23":"purchasable","24":"product-type-simple"},"_links":{"self":[{"href":"https:\/\/axiomed.ro\/en\/wp-json\/wp\/v2\/product\/11353","targetHints":{"allow":["GET"]}}],"collection":[{"href":"https:\/\/axiomed.ro\/en\/wp-json\/wp\/v2\/product"}],"about":[{"href":"https:\/\/axiomed.ro\/en\/wp-json\/wp\/v2\/types\/product"}],"replies":[{"embeddable":true,"href":"https:\/\/axiomed.ro\/en\/wp-json\/wp\/v2\/comments?post=11353"}],"wp:featuredmedia":[{"embeddable":true,"href":"https:\/\/axiomed.ro\/en\/wp-json\/wp\/v2\/media\/11354"}],"wp:attachment":[{"href":"https:\/\/axiomed.ro\/en\/wp-json\/wp\/v2\/media?parent=11353"}],"wp:term":[{"taxonomy":"product_brand","embeddable":true,"href":"https:\/\/axiomed.ro\/en\/wp-json\/wp\/v2\/product_brand?post=11353"},{"taxonomy":"product_cat","embeddable":true,"href":"https:\/\/axiomed.ro\/en\/wp-json\/wp\/v2\/product_cat?post=11353"},{"taxonomy":"product_tag","embeddable":true,"href":"https:\/\/axiomed.ro\/en\/wp-json\/wp\/v2\/product_tag?post=11353"}],"curies":[{"name":"wp","href":"https:\/\/api.w.org\/{rel}","templated":true}]}}