{"id":11357,"date":"2026-03-02T14:53:13","date_gmt":"2026-03-02T12:53:13","guid":{"rendered":"https:\/\/axiomed.ro\/?post_type=product&#038;p=11357"},"modified":"2026-03-02T15:26:05","modified_gmt":"2026-03-02T13:26:05","slug":"bowie-dick-pachet-testare-autoclav","status":"publish","type":"product","link":"https:\/\/axiomed.ro\/en\/shop\/bowie-dick-pachet-testare-autoclav\/","title":{"rendered":"Bowie Dick pachet testare autoclav"},"content":{"rendered":"<p>Pachet de testare Bowie Dick<\/p>\n<p>ISO 11140-1, ISO11140-4<br \/>\nPachetul de testare Bowie Dick este conceput pentru a detecta scurgerile de aer, eliminarea inadecvat\u0103 a aerului \u0219i p\u0103trunderea aburului \u00een sterilizatoarele cu abur pre-vid. Se utilizeaz\u0103 \u00eentr-un ciclu gol \u00eenainte de sterilizare. Se compune dintr-un pachet de foi de testare care sunt plasate \u00eentr-o camer\u0103 de sterilizare \u0219i supuse unui ciclu de sterilizare la 134 \u00b0C 3.5 minute Dup\u0103 finalizarea ciclului, foile de testare sunt examinate pentru modific\u0103ri de culoare, care indic\u0103 dac\u0103 procesul de sterilizare a avut succes sau nu.<br \/>\nBowie Dick Test Pack trebuie utilizat \u00een conformitate cu instruc\u021biunile produc\u0103torului. Indicatorul este plasat \u00een camera de sterilizare \u0219i supus procesului de sterilizare. Indicatorul \u00ee\u0219i va schimba culoarea atunci c\u00e2nd a fost expus la temperatura necesar\u0103 \u0219i la suficient abur, indic\u00e2nd c\u0103 sterilizatorul func\u021bioneaz\u0103 corect.<br \/>\nCerneala utilizat\u0103 pentru imprimarea indicatorilor de sterilizare con\u021bine urm\u0103toarele componente la niveluri de p\u0103r\u021bi pe milion (ppm).<br \/>\nAp\u0103: %33<br \/>\nAlcool de diaceton\u0103: %2,9<br \/>\nAmestec brevetat: %64,1<br \/>\nAcest produs nu con\u021bine substan\u021be considerate periculoase \u0219i necesit\u0103 aten\u021bie \u00een conformitate cu directivele CE.<br \/>\nPachetul de testare\u00a0 Bowie Dick const\u0103 din foi de h\u00e2rtie \u0219i un card indicator care con\u021bine un indicator chimic sensibil la c\u0103ldur\u0103 Indicatorul \u00ee\u0219i schimb\u0103 culoarea atunci c\u00e2nd este expus la temperatura necesar\u0103 \u0219i la suficient abur, indic\u00e2nd c\u0103 procesul de sterilizare a avut succes. Indicatorul poate include, de asemenea, o diagram\u0103 de culori de referin\u021b\u0103 pentru a compara schimbarea culorii pentru a confirma rezultatele. Cardul test este preasamblat intre 200 de coli de hartie poroasa si ambalat intr-o cutie din carton prevazuta cu orificii in vederea penetrarii aburului pana la cardul de testare.<br \/>\nDimensiuni : 125 cm x 125 cm, inaltime 15 mm<\/p>\n<p>Pachetul de testare Bowie-Dick este un tip de test de sterilizare folosit frecvent \u00een mediile medicale pentru a se asigura c\u0103 autoclavele func\u021bioneaz\u0103 corect.<\/p>\n<p>Condi\u021bii de punct final: 121\u00b0C \u2013 15 min. \/ 134\u00b0C \u2013 3,5 min. Instruc\u021biuni de utilizare<\/p>\n<ol>\n<li>\u00cenainte de a folosi un pachet de testare Bowie-Dick, asigur\u0103-te c\u0103 autoclava a fost cur\u0103\u021bat\u0103 corespunz\u0103tor.<\/li>\n<li>Pune pachetul de test \u00een autoclav \u00een aceea\u0219i pozi\u021bie ca pentru o \u00eenc\u0103rc\u0103tur\u0103 standard.<\/li>\n<li>Ruleaz\u0103 ciclul autoclavului conform instruc\u021biunilor produc\u0103torului,<\/li>\n<\/ol>\n<p>Asigur\u0103-te c\u0103 timpul de ciclu, temperatura \u0219i presiunea sunt toate \u00een limitele recomandate.<\/p>\n<ol start=\"4\">\n<li>Dup\u0103 ce ciclul s-a \u00eencheiat, scoate pachetul de testare din autoclav \u0219i las\u0103-l s\u0103 se r\u0103ceasc\u0103.<\/li>\n<li>Inspecteaz\u0103 pachetul de testare pentru orice semne de decolorare sau alte modific\u0103ri care ar putea indica o problem\u0103 la autoclave.<\/li>\n<li>Noteaz\u0103 rezultatele pachetului de test Bowie-Dick \u00een jurnalul autoclavului sau \u00een alt\u0103 documenta\u021bie corespunz\u0103toare.<\/li>\n<li>Repet\u0103 testul Bowie-Dick cel pu\u021bin o dat\u0103 pezi. ATEN\u021aIE!<\/li>\n<\/ol>\n<p>Dac\u0103 pachetul de testare indic\u0103 o problem\u0103 cu autoclavul, nu \u00eel folosi\u021bi p\u00e2n\u0103 c\u00e2nd problema nu este rezolvat\u0103.<\/p>","protected":false},"excerpt":{"rendered":"<p>Pachet de testare Bowie Dick ISO 11140-1, ISO11140-4 Pachetul de testare Bowie Dick este conceput pentru a detecta scurgerile de aer, eliminarea inadecvat\u0103 a aerului \u0219i p\u0103trunderea aburului \u00een sterilizatoarele&#8230;<\/p>","protected":false},"featured_media":11360,"comment_status":"open","ping_status":"closed","template":"","meta":[],"product_brand":[],"product_cat":[1450,31,1463,1451,1442],"product_tag":[1630,1660,1656,1658,1041,1659,655,1238,1657],"class_list":{"0":"post-11357","1":"product","2":"type-product","3":"status-publish","4":"has-post-thumbnail","6":"product_cat-indicatori-chimici","7":"product_cat-indicatori-control-sterilizare","8":"product_cat-control-sterilizare-indicatori","9":"product_cat-sterilizare","10":"product_cat-trasabilitate-sterilizare","11":"product_tag-abur","12":"product_tag-autoclav","13":"product_tag-bowie","14":"product_tag-bowie-dick-pachet","15":"product_tag-indicator","16":"product_tag-indicator-bowie-dick","17":"product_tag-indicator-bowie-dick-abur","18":"product_tag-sterilizare","19":"product_tag-test-autoclav","21":"first","22":"instock","23":"taxable","24":"shipping-taxable","25":"purchasable","26":"product-type-simple"},"_links":{"self":[{"href":"https:\/\/axiomed.ro\/en\/wp-json\/wp\/v2\/product\/11357","targetHints":{"allow":["GET"]}}],"collection":[{"href":"https:\/\/axiomed.ro\/en\/wp-json\/wp\/v2\/product"}],"about":[{"href":"https:\/\/axiomed.ro\/en\/wp-json\/wp\/v2\/types\/product"}],"replies":[{"embeddable":true,"href":"https:\/\/axiomed.ro\/en\/wp-json\/wp\/v2\/comments?post=11357"}],"wp:featuredmedia":[{"embeddable":true,"href":"https:\/\/axiomed.ro\/en\/wp-json\/wp\/v2\/media\/11360"}],"wp:attachment":[{"href":"https:\/\/axiomed.ro\/en\/wp-json\/wp\/v2\/media?parent=11357"}],"wp:term":[{"taxonomy":"product_brand","embeddable":true,"href":"https:\/\/axiomed.ro\/en\/wp-json\/wp\/v2\/product_brand?post=11357"},{"taxonomy":"product_cat","embeddable":true,"href":"https:\/\/axiomed.ro\/en\/wp-json\/wp\/v2\/product_cat?post=11357"},{"taxonomy":"product_tag","embeddable":true,"href":"https:\/\/axiomed.ro\/en\/wp-json\/wp\/v2\/product_tag?post=11357"}],"curies":[{"name":"wp","href":"https:\/\/api.w.org\/{rel}","templated":true}]}}