{"id":11471,"date":"2026-04-24T09:55:32","date_gmt":"2026-04-24T06:55:32","guid":{"rendered":"https:\/\/axiomed.ro\/?post_type=product&#038;p=11471"},"modified":"2026-04-24T10:28:54","modified_gmt":"2026-04-24T07:28:54","slug":"hartie-de-impachetat-crepe-albastra-75cm-x-75cm","status":"publish","type":"product","link":"https:\/\/axiomed.ro\/en\/shop\/hartie-de-impachetat-crepe-albastra-75cm-x-75cm\/","title":{"rendered":"Hartie de impachetat crepe albastra \/ intercalata 75cm X 75cm sterilizare abur"},"content":{"rendered":"<p>Din ingrediente 100% naturale. Este aseptica, antistatica si nu contine toxine.<\/p>\n<p>Datorita tehnologiei de fabricatie, hartia are rezistenta ridicata la ruperea sau gaurirea accidentala.<\/p>\n<p>Este conceputa pentru impachetarea dispozitivelor medicale mari, cum ar fi instrumente chirurgicale, componente medicale si echipament de laborator. C<\/p>\n<p>conform cerintelor, pentru impachetarea dispozitivelor medicale sunt necesare doua foi de hartie. Aceasta dubla ambalare permite observarea cu usurinta a oricarei deteriorari a pachetului. Acest aranjament reduce spatiul de depozitare si sporeste confortul utilizarii pentru personalul medical.<\/p>\n<p>Produsul este in conformitate cu EN 868-2 si EN ISO 11607-1. Utilizare: \u2022 pentru sterilizarea cu abur (ABUR), etilenoxid (EO), radiatii (R) si formaldehida (FORM)<\/p>\n<p>Pret afisat\/coala<\/p>\n<p>&nbsp;<\/p>","protected":false},"excerpt":{"rendered":"<p>MOD DE UTILIZARE<br \/>\nH\u00e2rtie de \u00eempachetat\u00a0 pentru sterilizare<br \/>\n1. Scop<br \/>\nH\u00e2rtia de \u00eempachetat\u00a0 este utilizat\u0103 pentru ambalarea instrumentarului medical \u0219i a materialelor ce urmeaz\u0103 a fi sterilizate, asigur\u00e2nd men\u021binerea sterilit\u0103\u021bii p\u00e2n\u0103 la momentul utiliz\u0103rii.<br \/>\n2. Domeniu de aplicare<br \/>\nSe aplic\u0103 \u00een toate unit\u0103\u021bile medicale unde se realizeaz\u0103 sterilizarea instrumentarului (bloc operator, sterilizare central\u0103, cabinete medicale, stomatologice etc.).<br \/>\n3. Descriere produs<br \/>\nH\u00e2rtia de \u00eempachetat\u00a0 este un material special, permeabil la agentul de sterilizare (abur, EO, plasm\u0103 \u2013 dup\u0103 caz) \u0219i impermeabil la microorganisme dup\u0103 sterilizare.<br \/>\n4. Mod de utilizare<br \/>\n1. Verificarea materialului<br \/>\no Se verific\u0103 integritatea h\u00e2rtiei (f\u0103r\u0103 rupturi, perfora\u021bii, murd\u0103rie).<br \/>\no Se alege dimensiunea corespunz\u0103toare setului de instrumente.<br \/>\n2. Preg\u0103tirea instrumentarului<br \/>\no Instrumentele trebuie s\u0103 fie curate, uscate \u0219i dezinfectate \u00eenainte de ambalare.<br \/>\no Seturile se a\u0219az\u0103 organizat, evit\u00e2nd suprapunerea excesiv\u0103.<br \/>\n3. \u00cempachetarea<br \/>\no Instrumentarul se pozi\u021bioneaz\u0103 (in cosuri pentru instrumentar)central pe h\u00e2rtia ne\u021besut\u0103.<br \/>\no Se realizeaz\u0103 \u00eempachetarea conform tehnicii standard (\u00eempachetare simpl\u0103 sau dubl\u0103, tip \u201eplic\u201d sau \u201eenvelop\u0103\u201d).<br \/>\no Col\u021burile se pliaz\u0103 ferm, f\u0103r\u0103 a tensiona excesiv materialul.<\/p>\n<p>&nbsp;<\/p>\n<p>&nbsp;<\/p>\n<p>4. Sigilarea \u0219i etichetarea<br \/>\no Pachetul se fixeaz\u0103 cu band\u0103 adeziv\u0103 pentru sterilizare sau indicator chimic.<br \/>\no Se aplic\u0103 eticheta cu: data steriliz\u0103rii, con\u021binut, metoda de sterilizare, persoana responsabil\u0103.<br \/>\n5. Sterilizarea<br \/>\no Pachetele se introduc \u00een sterilizator conform instruc\u021biunilor echipamentului.<br \/>\no Se respect\u0103 parametrii specifici metodei de sterilizare utilizate.<br \/>\n6. Depozitarea<br \/>\no Dup\u0103 sterilizare, pachetele se depoziteaz\u0103 \u00een spa\u021bii curate, uscate, ferite de praf \u0219i umezeal\u0103.<br \/>\no Se evit\u0103 comprimarea sau manipularea excesiv\u0103.<br \/>\n5. Avertiz\u0103ri \u0219i precau\u021bii<br \/>\n\u2022 Nu se utilizeaz\u0103 h\u00e2rtia\u00a0 deteriorat\u0103.<br \/>\n\u2022 Nu se reutilizeaz\u0103 materialul de ambalare.<br \/>\n\u2022 Orice pachet compromis se consider\u0103 nesteril.<br \/>\n6. Responsabilit\u0103\u021bi<br \/>\nPersonalul desemnat pentru sterilizare este responsabil de respectarea prezentului mod de utilizare.<\/p>\n<p>&nbsp;<\/p>","protected":false},"featured_media":11475,"comment_status":"open","ping_status":"closed","template":"","meta":[],"product_brand":[],"product_cat":[26,1443,1451],"product_tag":[1665],"class_list":{"0":"post-11471","1":"product","2":"type-product","3":"status-publish","4":"has-post-thumbnail","6":"product_cat-consumabile-medicale","7":"product_cat-impachetare-instrumentar","8":"product_cat-sterilizare","9":"product_tag-75x75sterilizare-impachetare-truse-mari-hartie-hartie-crep-hartie-impachetat-hartie-sterilizare-7x","11":"first","12":"instock","13":"taxable","14":"shipping-taxable","15":"purchasable","16":"product-type-simple"},"_links":{"self":[{"href":"https:\/\/axiomed.ro\/en\/wp-json\/wp\/v2\/product\/11471","targetHints":{"allow":["GET"]}}],"collection":[{"href":"https:\/\/axiomed.ro\/en\/wp-json\/wp\/v2\/product"}],"about":[{"href":"https:\/\/axiomed.ro\/en\/wp-json\/wp\/v2\/types\/product"}],"replies":[{"embeddable":true,"href":"https:\/\/axiomed.ro\/en\/wp-json\/wp\/v2\/comments?post=11471"}],"wp:featuredmedia":[{"embeddable":true,"href":"https:\/\/axiomed.ro\/en\/wp-json\/wp\/v2\/media\/11475"}],"wp:attachment":[{"href":"https:\/\/axiomed.ro\/en\/wp-json\/wp\/v2\/media?parent=11471"}],"wp:term":[{"taxonomy":"product_brand","embeddable":true,"href":"https:\/\/axiomed.ro\/en\/wp-json\/wp\/v2\/product_brand?post=11471"},{"taxonomy":"product_cat","embeddable":true,"href":"https:\/\/axiomed.ro\/en\/wp-json\/wp\/v2\/product_cat?post=11471"},{"taxonomy":"product_tag","embeddable":true,"href":"https:\/\/axiomed.ro\/en\/wp-json\/wp\/v2\/product_tag?post=11471"}],"curies":[{"name":"wp","href":"https:\/\/api.w.org\/{rel}","templated":true}]}}