{"id":1332,"date":"2017-08-14T12:01:52","date_gmt":"2017-08-14T12:01:52","guid":{"rendered":"http:\/\/axiomed.ro\/?post_type=product&#038;p=1332\/"},"modified":"2023-03-14T17:19:49","modified_gmt":"2023-03-14T14:19:49","slug":"oyron-well-d-one-trusa-identificare-prezumtiva-a-microorganismelor-prezente-in-infectiile-tractului-urinar","status":"publish","type":"product","link":"https:\/\/axiomed.ro\/en\/shop\/oyron-well-d-one-trusa-identificare-prezumtiva-a-microorganismelor-prezente-in-infectiile-tractului-urinar\/","title":{"rendered":"OYRON WELL D-ONE - KIT FOR PRESUMPTIVE IDENTIFICATION OF MICROORGANISMS PRESENT IN URINARY TRACT INFECTIONS"},"content":{"rendered":"<p>This system is designed to detect microorganisms in urine samples obtained in different ways.<\/p>\n<p>System consisting of a polypropylene plate containing 32 conical probes for a better visualization of colorimetric reactions occurring as a result of the growth of microorganisms in media specially formulated for selective culture of: <strong><em>Escherichia coli, Streptococcus agalactiae, Staphylococcus aureus, Enterobacter spp., Enterococcus spp., Grupul Proteus \/ Providencia, Pseudomonas spp., Grupul KES (Klebsiella, Enterobacter, Serratia), Candida spp., Candida albicans.<\/em><\/strong><\/p>\n<p>Kit contains:<\/p>\n<ul>\n<li>10 identification panel<\/li>\n<li>10 x 10 ml saline solution<\/li>\n<li>Reagent A (naphthylamine) 1 x 1 ml<\/li>\n<li>Reagent B (sulfanilic acid) 1 x 1 ml<\/li>\n<\/ul>\n<p>Declaration of conformity, CE marking<\/p>\n<p>Packaging: 10 tests \/ kit<\/p>\n<p>Production Italy<\/p>","protected":false},"excerpt":{"rendered":"<p>Acest sistem este conceput pentru a detecta microorganismele din probele de urin\u0103 ob\u021binute \u00een diferite moduri . Sistem compus dintr-o plac\u0103 de polipropilen\u0103 care con\u021bine 32 de sonde conice pentru&#8230;<\/p>","protected":false},"featured_media":1347,"comment_status":"open","ping_status":"closed","template":"","meta":[],"product_brand":[],"product_cat":[17,20],"product_tag":[493,494,491,492],"class_list":{"0":"post-1332","1":"product","2":"type-product","3":"status-publish","4":"has-post-thumbnail","6":"product_cat-diagnostic-laborator","7":"product_cat-microbiologie","8":"product_tag-detectarea-microorganismelelor-din-probele-de-urina","9":"product_tag-diagnostic-de-laborator","10":"product_tag-microbiologie-axiomed","11":"product_tag-trusa-identificare-infectii-ale-tractului-urinar","13":"first","14":"instock","15":"taxable","16":"shipping-taxable","17":"product-type-simple"},"_links":{"self":[{"href":"https:\/\/axiomed.ro\/en\/wp-json\/wp\/v2\/product\/1332","targetHints":{"allow":["GET"]}}],"collection":[{"href":"https:\/\/axiomed.ro\/en\/wp-json\/wp\/v2\/product"}],"about":[{"href":"https:\/\/axiomed.ro\/en\/wp-json\/wp\/v2\/types\/product"}],"replies":[{"embeddable":true,"href":"https:\/\/axiomed.ro\/en\/wp-json\/wp\/v2\/comments?post=1332"}],"wp:featuredmedia":[{"embeddable":true,"href":"https:\/\/axiomed.ro\/en\/wp-json\/wp\/v2\/media\/1347"}],"wp:attachment":[{"href":"https:\/\/axiomed.ro\/en\/wp-json\/wp\/v2\/media?parent=1332"}],"wp:term":[{"taxonomy":"product_brand","embeddable":true,"href":"https:\/\/axiomed.ro\/en\/wp-json\/wp\/v2\/product_brand?post=1332"},{"taxonomy":"product_cat","embeddable":true,"href":"https:\/\/axiomed.ro\/en\/wp-json\/wp\/v2\/product_cat?post=1332"},{"taxonomy":"product_tag","embeddable":true,"href":"https:\/\/axiomed.ro\/en\/wp-json\/wp\/v2\/product_tag?post=1332"}],"curies":[{"name":"wp","href":"https:\/\/api.w.org\/{rel}","templated":true}]}}