{"id":1376,"date":"2017-08-14T16:55:33","date_gmt":"2017-08-14T13:55:33","guid":{"rendered":"http:\/\/axiomed.ro\/?post_type=product&#038;p=1376\/"},"modified":"2026-02-26T13:46:04","modified_gmt":"2026-02-26T11:46:04","slug":"anti-b-igm-ser-grupe-sanguine-2","status":"publish","type":"product","link":"https:\/\/axiomed.ro\/en\/shop\/anti-b-igm-ser-grupe-sanguine-2\/","title":{"rendered":"Anti-AB IgM serum anti-A IgM blood group - professional use"},"content":{"rendered":"<p>PRINCIPLE<br \/>\nThe test is based on the agglutination principle. Red cells with the antigen will agglutinate when tested against the corresponding antibody (Monoclonal Anti-A,B)<\/p>\n<p>10 ml bottle - 100 tests \/ bottle<\/p>\n<p>The ABO blood group is determined by testing the reaction of unknown cells with known antibodies anti A, anti B and anti A+B. Used in conjunction with anti A, anti B. The presence or absence of erythrocyte agglutination indicates the presence or absence of the corresponding antigen.<br \/>\nReagents for the determination of blood groups with monoclonal antibodies have brought the advantage of a constant and absolute identity of reproducibility and specificity.<\/p>\n<p><strong>!<\/strong> <em>The reagents are intended for \"in vitro\" diagnostic use and are strictly intended for professional use by qualified personnel with proven immunohistological expertise.<\/em><\/p>\n<p><em><strong>PRICE STICK \/ BOTTLE 10 ML - Anti-AB IgM SER BLOOD GROUP<\/strong><\/em><\/p>","protected":false},"excerpt":{"rendered":"<p>PRINCIPIU Testul se bazeaz\u0103 pe principiul aglutin\u0103rii. Celulele ro\u0219ii cu antigenul se vor aglutina atunci c\u00e2nd se testeaz\u0103 \u00eempotriva anticorpului corespunz\u0103tor (Anti-A,B Monoclonal) Flacon de 10 ml &#8211; 100 teste&#8230;<\/p>","protected":false},"featured_media":1343,"comment_status":"open","ping_status":"closed","template":"","meta":[],"product_brand":[],"product_cat":[17,258],"product_tag":[939,455,457],"class_list":{"0":"post-1376","1":"product","2":"type-product","3":"status-publish","4":"has-post-thumbnail","6":"product_cat-diagnostic-laborator","7":"product_cat-imunohematologie","8":"product_tag-anti-ab-axiomed-en","9":"product_tag-anti-ab-igm-ser-grupe-sanguine","10":"product_tag-determinare-grupe-sange","12":"first","13":"instock","14":"taxable","15":"shipping-taxable","16":"purchasable","17":"product-type-simple"},"_links":{"self":[{"href":"https:\/\/axiomed.ro\/en\/wp-json\/wp\/v2\/product\/1376","targetHints":{"allow":["GET"]}}],"collection":[{"href":"https:\/\/axiomed.ro\/en\/wp-json\/wp\/v2\/product"}],"about":[{"href":"https:\/\/axiomed.ro\/en\/wp-json\/wp\/v2\/types\/product"}],"replies":[{"embeddable":true,"href":"https:\/\/axiomed.ro\/en\/wp-json\/wp\/v2\/comments?post=1376"}],"wp:featuredmedia":[{"embeddable":true,"href":"https:\/\/axiomed.ro\/en\/wp-json\/wp\/v2\/media\/1343"}],"wp:attachment":[{"href":"https:\/\/axiomed.ro\/en\/wp-json\/wp\/v2\/media?parent=1376"}],"wp:term":[{"taxonomy":"product_brand","embeddable":true,"href":"https:\/\/axiomed.ro\/en\/wp-json\/wp\/v2\/product_brand?post=1376"},{"taxonomy":"product_cat","embeddable":true,"href":"https:\/\/axiomed.ro\/en\/wp-json\/wp\/v2\/product_cat?post=1376"},{"taxonomy":"product_tag","embeddable":true,"href":"https:\/\/axiomed.ro\/en\/wp-json\/wp\/v2\/product_tag?post=1376"}],"curies":[{"name":"wp","href":"https:\/\/api.w.org\/{rel}","templated":true}]}}