{"id":1506,"date":"2017-08-21T12:22:23","date_gmt":"2017-08-21T12:22:23","guid":{"rendered":"http:\/\/axiomed.ro\/?post_type=product&#038;p=1506\/"},"modified":"2022-07-11T10:12:51","modified_gmt":"2022-07-11T07:12:51","slug":"ck-mb-test-rapid","status":"publish","type":"product","link":"https:\/\/axiomed.ro\/en\/shop\/ck-mb-test-rapid\/","title":{"rendered":"CK-MB QUICK TEST"},"content":{"rendered":"<p>CK-MB test is a rapid chromatographic immunoassay for the qualitative detection of CK-MB in whole blood, serum or plasma as an aid in the diagnosis of myocardial infarction (MI).<\/p>\n<p>KIT CONTAINS:<\/p>\n<ul>\n<li>5 CK-MB test cassettes<\/li>\n<li>1 tampon<\/li>\n<li>5 Instilator<\/li>\n<\/ul>\n<p>Packaging: 5 tests \/ kit, sterile, individually wrapped.<\/p>\n<p>Displayed price \/ test<br \/>\nCE marking, expiry date, batch no., manufacturer.<\/p>\n<p>Sold in kit of 5 tests<\/p>\n<p><strong>THE PRODUCT IS SOLD EXCLUSIVELY TO SPECIALIZED LEGAL ENTITIES (MEDICAL CLINICS, MEDICAL LABORATORIES, FAMILY DOCTORS, ETC).<\/strong><\/p>\n<p>&nbsp;<\/p>","protected":false},"excerpt":{"rendered":"<p>CK-MB test este un test imunologic rapid cromatografic pentru detectarea calitativa a CK-MB \u00een s\u00e2nge integral, ser sau plasma ca un ajutor \u00een diagnosticul de infarct miocardic (IM). KITUL CONTINE:&#8230;<\/p>","protected":false},"featured_media":1453,"comment_status":"open","ping_status":"closed","template":"","meta":[],"product_brand":[],"product_cat":[17,23],"product_tag":[522,232,503],"class_list":{"0":"post-1506","1":"product","2":"type-product","3":"status-publish","4":"has-post-thumbnail","6":"product_cat-diagnostic-laborator","7":"product_cat-teste-rapide","8":"product_tag-test-rapid-ck-mb","9":"product_tag-teste-rapide","10":"product_tag-teste-rapide-axiomed","12":"first","13":"instock","14":"taxable","15":"shipping-taxable","16":"purchasable","17":"product-type-simple"},"_links":{"self":[{"href":"https:\/\/axiomed.ro\/en\/wp-json\/wp\/v2\/product\/1506","targetHints":{"allow":["GET"]}}],"collection":[{"href":"https:\/\/axiomed.ro\/en\/wp-json\/wp\/v2\/product"}],"about":[{"href":"https:\/\/axiomed.ro\/en\/wp-json\/wp\/v2\/types\/product"}],"replies":[{"embeddable":true,"href":"https:\/\/axiomed.ro\/en\/wp-json\/wp\/v2\/comments?post=1506"}],"wp:featuredmedia":[{"embeddable":true,"href":"https:\/\/axiomed.ro\/en\/wp-json\/wp\/v2\/media\/1453"}],"wp:attachment":[{"href":"https:\/\/axiomed.ro\/en\/wp-json\/wp\/v2\/media?parent=1506"}],"wp:term":[{"taxonomy":"product_brand","embeddable":true,"href":"https:\/\/axiomed.ro\/en\/wp-json\/wp\/v2\/product_brand?post=1506"},{"taxonomy":"product_cat","embeddable":true,"href":"https:\/\/axiomed.ro\/en\/wp-json\/wp\/v2\/product_cat?post=1506"},{"taxonomy":"product_tag","embeddable":true,"href":"https:\/\/axiomed.ro\/en\/wp-json\/wp\/v2\/product_tag?post=1506"}],"curies":[{"name":"wp","href":"https:\/\/api.w.org\/{rel}","templated":true}]}}