{"id":1511,"date":"2017-08-21T13:57:11","date_gmt":"2017-08-21T13:57:11","guid":{"rendered":"http:\/\/axiomed.ro\/?post_type=product&#038;p=1511\/"},"modified":"2023-02-14T11:12:27","modified_gmt":"2023-02-14T08:12:27","slug":"hav-igm-hepatita-a-igm-test-rapid-caseta-germania","status":"publish","type":"product","link":"https:\/\/axiomed.ro\/en\/shop\/hav-igm-hepatita-a-igm-test-rapid-caseta-germania\/","title":{"rendered":"HAV IGM (HEPATITIS A IgM) QUICK TEST CASE GERMANY"},"content":{"rendered":"<p>Rapid test based immunochromatographic method for the qualitative detection of IGM antibodies to hepatitis A virus in serum or plasma.<\/p>\n<p>Design only <strong>FOR PROFESSIONAL USE<\/strong> for diagnostic.<\/p>\n<p>The test result should be read within 15 min after application.<\/p>\n<p>Presentation: 30 tests \/ kit<\/p>\n<p>Kit contains<\/p>\n<ul>\n<li>30 quick test cassettes,<\/li>\n<li>plastic pipettes<\/li>\n<li>dehydrator,<\/li>\n<li>diluent<\/li>\n<\/ul>\n<p>CE marking, batch no., production Germany<br \/>\nSold in kits of 30 tests<br \/>\nPrice displayed \/ test<\/p>\n<p><strong>THE PRODUCT IS SOLD EXCLUSIVELY TO SPECIALIZED LEGAL ENTITIES (MEDICAL CLINICS, MEDICAL LABORATORIES, FAMILY DOCTORS, ETC).<\/strong><\/p>","protected":false},"excerpt":{"rendered":"<p>Test rapid bazat pe metoda imunocromatografic\u0103 de detectare calitativ\u0103 a anticorpilor IGM pentru virusul hepatitei A \u00een ser sau plasm\u0103. Proiectat doar PENTRU UZ PROFESIONAL de diagnostic. Rezultatul testului trebuie&#8230;<\/p>","protected":false},"featured_media":1463,"comment_status":"open","ping_status":"closed","template":"","meta":[],"product_brand":[],"product_cat":[17,23],"product_tag":[518,519,232,503],"class_list":{"0":"post-1511","1":"product","2":"type-product","3":"status-publish","4":"has-post-thumbnail","6":"product_cat-diagnostic-laborator","7":"product_cat-teste-rapide","8":"product_tag-hav-igm-test-rapid","9":"product_tag-test-rapid-hepatita-a","10":"product_tag-teste-rapide","11":"product_tag-teste-rapide-axiomed","13":"first","14":"instock","15":"taxable","16":"shipping-taxable","17":"purchasable","18":"product-type-simple"},"_links":{"self":[{"href":"https:\/\/axiomed.ro\/en\/wp-json\/wp\/v2\/product\/1511","targetHints":{"allow":["GET"]}}],"collection":[{"href":"https:\/\/axiomed.ro\/en\/wp-json\/wp\/v2\/product"}],"about":[{"href":"https:\/\/axiomed.ro\/en\/wp-json\/wp\/v2\/types\/product"}],"replies":[{"embeddable":true,"href":"https:\/\/axiomed.ro\/en\/wp-json\/wp\/v2\/comments?post=1511"}],"wp:featuredmedia":[{"embeddable":true,"href":"https:\/\/axiomed.ro\/en\/wp-json\/wp\/v2\/media\/1463"}],"wp:attachment":[{"href":"https:\/\/axiomed.ro\/en\/wp-json\/wp\/v2\/media?parent=1511"}],"wp:term":[{"taxonomy":"product_brand","embeddable":true,"href":"https:\/\/axiomed.ro\/en\/wp-json\/wp\/v2\/product_brand?post=1511"},{"taxonomy":"product_cat","embeddable":true,"href":"https:\/\/axiomed.ro\/en\/wp-json\/wp\/v2\/product_cat?post=1511"},{"taxonomy":"product_tag","embeddable":true,"href":"https:\/\/axiomed.ro\/en\/wp-json\/wp\/v2\/product_tag?post=1511"}],"curies":[{"name":"wp","href":"https:\/\/api.w.org\/{rel}","templated":true}]}}