{"id":1544,"date":"2017-08-22T12:34:09","date_gmt":"2017-08-22T12:34:09","guid":{"rendered":"http:\/\/axiomed.ro\/?post_type=product&#038;p=1544\/"},"modified":"2024-12-29T20:28:47","modified_gmt":"2024-12-29T17:28:47","slug":"salmonella-spp-test-rapid-caseta-germania","status":"publish","type":"product","link":"https:\/\/axiomed.ro\/en\/shop\/salmonella-spp-test-rapid-caseta-germania\/","title":{"rendered":"SALMONELLA SPP POSITIVE CONTROL"},"content":{"rendered":"<p>The Salmonella positive control consists of an extract of Salmonella antigen, dried in a sterile buffer.<\/p>\n<p>It is an external quality control for Salmonella spp. Test.<\/p>\n<p>This rapid chromatographic immunoassay is used for the detection of Salmonella spp. antigens in human fecal samples to aid in the diagnosis of Salmonella.<\/p>\n<p>DISPLAYED PRICE \/ TEST<\/p>","protected":false},"excerpt":{"rendered":"<p>Salmonella controlul pozitiv const\u0103 \u00eentr-un extract de antigen de Salmonella, uscat \u00eentr-un tampon steril. Este un control extern al calit\u0103\u021bii pentru Salmonella spp. Test. Aceast\u0103 imunotest\u0103 cromatografic\u0103 rapid\u0103 este utilizat\u0103&#8230;<\/p>","protected":false},"featured_media":1516,"comment_status":"open","ping_status":"closed","template":"","meta":[],"product_brand":[],"product_cat":[17,23],"product_tag":[509,508,232,503],"class_list":{"0":"post-1544","1":"product","2":"type-product","3":"status-publish","4":"has-post-thumbnail","6":"product_cat-diagnostic-laborator","7":"product_cat-teste-rapide","8":"product_tag-control-pozitiv-samonella","9":"product_tag-salmonella-spp-control-pozitiv","10":"product_tag-teste-rapide","11":"product_tag-teste-rapide-axiomed","13":"first","14":"instock","15":"taxable","16":"shipping-taxable","17":"purchasable","18":"product-type-simple"},"_links":{"self":[{"href":"https:\/\/axiomed.ro\/en\/wp-json\/wp\/v2\/product\/1544","targetHints":{"allow":["GET"]}}],"collection":[{"href":"https:\/\/axiomed.ro\/en\/wp-json\/wp\/v2\/product"}],"about":[{"href":"https:\/\/axiomed.ro\/en\/wp-json\/wp\/v2\/types\/product"}],"replies":[{"embeddable":true,"href":"https:\/\/axiomed.ro\/en\/wp-json\/wp\/v2\/comments?post=1544"}],"wp:featuredmedia":[{"embeddable":true,"href":"https:\/\/axiomed.ro\/en\/wp-json\/wp\/v2\/media\/1516"}],"wp:attachment":[{"href":"https:\/\/axiomed.ro\/en\/wp-json\/wp\/v2\/media?parent=1544"}],"wp:term":[{"taxonomy":"product_brand","embeddable":true,"href":"https:\/\/axiomed.ro\/en\/wp-json\/wp\/v2\/product_brand?post=1544"},{"taxonomy":"product_cat","embeddable":true,"href":"https:\/\/axiomed.ro\/en\/wp-json\/wp\/v2\/product_cat?post=1544"},{"taxonomy":"product_tag","embeddable":true,"href":"https:\/\/axiomed.ro\/en\/wp-json\/wp\/v2\/product_tag?post=1544"}],"curies":[{"name":"wp","href":"https:\/\/api.w.org\/{rel}","templated":true}]}}