{"id":1554,"date":"2017-08-22T13:30:07","date_gmt":"2017-08-22T13:30:07","guid":{"rendered":"http:\/\/axiomed.ro\/?post_type=product&#038;p=1554\/"},"modified":"2022-07-11T12:57:39","modified_gmt":"2022-07-11T09:57:39","slug":"test-rapid-one-step-ige-card","status":"publish","type":"product","link":"https:\/\/axiomed.ro\/en\/shop\/test-rapid-one-step-ige-card\/","title":{"rendered":"Rapid One Step IgE Test (Card)"},"content":{"rendered":"<p>The IgE test is a highly sensitive immunoassay for the qualitative determination of human IgE in plasma or serum.<br \/>\nThis test is intended for\u00a0<strong>FOR PROFESSIONAL USE<\/strong>l as an aid in the diagnosis and treatment of IgE-mediated allergic and autoimmune disorders.<\/p>\n<p>The sensitivity of the test is 80 IU\/ml.<\/p>\n<p>The IgE test kit contains the following items to perform the test:<\/p>\n<ul>\n<li>IgE test device.<\/li>\n<li>Disposable dropper.<\/li>\n<\/ul>\n<p>In Vitro diagnostics only.<\/p>\n<p><strong>THE PRODUCT IS SOLD EXCLUSIVELY TO SPECIALIZED LEGAL ENTITIES (MEDICAL CLINICS, MEDICAL LABORATORIES, FAMILY DOCTORS, ETC).<\/strong><\/p>","protected":false},"excerpt":{"rendered":"<p>Testul IgE este o imunoanaliz\u0103 extrem de sensibil\u0103 pentru determinarea calitativ\u0103 IgE uman \u00een plasm\u0103 sau ser. Acest test este destinat\u00a0PENTRU UZ PROFESIONALl ca un ajutor \u00een diagnosticul \u0219i tratamentul&#8230;<\/p>","protected":false},"featured_media":1453,"comment_status":"open","ping_status":"closed","template":"","meta":[],"product_brand":[],"product_cat":[17,23],"product_tag":[502,232,503],"class_list":{"0":"post-1554","1":"product","2":"type-product","3":"status-publish","4":"has-post-thumbnail","6":"product_cat-diagnostic-laborator","7":"product_cat-teste-rapide","8":"product_tag-test-rapid-one-step-ige","9":"product_tag-teste-rapide","10":"product_tag-teste-rapide-axiomed","12":"first","13":"instock","14":"taxable","15":"shipping-taxable","16":"product-type-simple"},"_links":{"self":[{"href":"https:\/\/axiomed.ro\/en\/wp-json\/wp\/v2\/product\/1554","targetHints":{"allow":["GET"]}}],"collection":[{"href":"https:\/\/axiomed.ro\/en\/wp-json\/wp\/v2\/product"}],"about":[{"href":"https:\/\/axiomed.ro\/en\/wp-json\/wp\/v2\/types\/product"}],"replies":[{"embeddable":true,"href":"https:\/\/axiomed.ro\/en\/wp-json\/wp\/v2\/comments?post=1554"}],"wp:featuredmedia":[{"embeddable":true,"href":"https:\/\/axiomed.ro\/en\/wp-json\/wp\/v2\/media\/1453"}],"wp:attachment":[{"href":"https:\/\/axiomed.ro\/en\/wp-json\/wp\/v2\/media?parent=1554"}],"wp:term":[{"taxonomy":"product_brand","embeddable":true,"href":"https:\/\/axiomed.ro\/en\/wp-json\/wp\/v2\/product_brand?post=1554"},{"taxonomy":"product_cat","embeddable":true,"href":"https:\/\/axiomed.ro\/en\/wp-json\/wp\/v2\/product_cat?post=1554"},{"taxonomy":"product_tag","embeddable":true,"href":"https:\/\/axiomed.ro\/en\/wp-json\/wp\/v2\/product_tag?post=1554"}],"curies":[{"name":"wp","href":"https:\/\/api.w.org\/{rel}","templated":true}]}}