{"id":242,"date":"2017-05-12T07:07:52","date_gmt":"2017-05-12T07:07:52","guid":{"rendered":"http:\/\/axiomed.ro\/?post_type=product&#038;p=242"},"modified":"2022-03-10T11:00:58","modified_gmt":"2022-03-10T11:00:58","slug":"ace-spinale","status":"publish","type":"product","link":"https:\/\/axiomed.ro\/en\/shop\/ace-spinale\/","title":{"rendered":"Spinal needle"},"content":{"rendered":"<p>Spinal needles \/ spinal anesthesia.<\/p>\n<p>Dimensions: 18G-27G *90 mm.<\/p>\n<ul>\n<li>Material: top-quality steel with a three-fold cut tip,<\/li>\n<li>Transparent ambo for visualization of CSF or blood,<\/li>\n<li>Respect the international color code for sizes.<\/li>\n<\/ul>\n<p>Packaging: individual, marked with batch no., date of manufacture, expiration date, manufacturer, CE mark, boxes x 25 pcs<\/p>\n<p>displayed price \/ box of 25 pcs<\/p>","protected":false},"excerpt":{"rendered":"<p>Ace spinale \/ rahianestezie. Dimensiuni: \u00a018G-27G *90 mm. Material: o\u021bel de cea mai bun\u0103 calitate, cu v\u00e2rf t\u0103iat \u00een trei pliuri , Ambou transparent pentru vizualizarea LCR sau s\u00e2nge ,&#8230;<\/p>","protected":false},"featured_media":2057,"comment_status":"open","ping_status":"closed","template":"","meta":[],"product_brand":[],"product_cat":[26,29],"product_tag":[446,445,447],"class_list":{"0":"post-242","1":"product","2":"type-product","3":"status-publish","4":"has-post-thumbnail","6":"product_cat-consumabile-medicale","7":"product_cat-medicina-generala","8":"product_tag-ace-rahianestezie","9":"product_tag-ace-spinale","10":"product_tag-ace-spinale-axiomed","12":"first","13":"instock","14":"featured","15":"taxable","16":"shipping-taxable","17":"purchasable","18":"product-type-simple"},"_links":{"self":[{"href":"https:\/\/axiomed.ro\/en\/wp-json\/wp\/v2\/product\/242","targetHints":{"allow":["GET"]}}],"collection":[{"href":"https:\/\/axiomed.ro\/en\/wp-json\/wp\/v2\/product"}],"about":[{"href":"https:\/\/axiomed.ro\/en\/wp-json\/wp\/v2\/types\/product"}],"replies":[{"embeddable":true,"href":"https:\/\/axiomed.ro\/en\/wp-json\/wp\/v2\/comments?post=242"}],"wp:featuredmedia":[{"embeddable":true,"href":"https:\/\/axiomed.ro\/en\/wp-json\/wp\/v2\/media\/2057"}],"wp:attachment":[{"href":"https:\/\/axiomed.ro\/en\/wp-json\/wp\/v2\/media?parent=242"}],"wp:term":[{"taxonomy":"product_brand","embeddable":true,"href":"https:\/\/axiomed.ro\/en\/wp-json\/wp\/v2\/product_brand?post=242"},{"taxonomy":"product_cat","embeddable":true,"href":"https:\/\/axiomed.ro\/en\/wp-json\/wp\/v2\/product_cat?post=242"},{"taxonomy":"product_tag","embeddable":true,"href":"https:\/\/axiomed.ro\/en\/wp-json\/wp\/v2\/product_tag?post=242"}],"curies":[{"name":"wp","href":"https:\/\/api.w.org\/{rel}","templated":true}]}}