{"id":2480,"date":"2018-03-18T14:02:48","date_gmt":"2018-03-18T14:02:48","guid":{"rendered":"http:\/\/axiomed.ro\/?post_type=product&#038;p=2480"},"modified":"2024-06-08T21:22:14","modified_gmt":"2024-06-08T18:22:14","slug":"indicator-bowie-dick-card-autoclav-suport-card-kbd8948x","status":"publish","type":"product","link":"https:\/\/axiomed.ro\/en\/shop\/indicator-bowie-dick-card-autoclav-suport-card-kbd8948x\/","title":{"rendered":"Bowie Dick autoclave card indicator + KBD8948X card holder"},"content":{"rendered":"<p>The Bowie &amp; Dick test monitors the effectiveness of vacuum air removal in steam sterilizers. Designed for 3.5 minute cycles at 134\u00b0C \/ 4.0 minutes at 132\u00b0C.<br \/>\nApplicable regulation<br \/>\nISO 11140-1: 2014 \u0219i ISO 11140-4: 2007<br \/>\nAuthorization<br \/>\nDesigned according to ISO13485: 2003 \/ NS-EN ISO 13485: 2012 quality management system standards<br \/>\nfeatures<br \/>\nBD8948X<br \/>\nBowie &amp; Dick Test Card Chemical Indicator.<br \/>\nType 2 chemical indicator<br \/>\nInitial color: purple<br \/>\nFinal color: green<br \/>\nDimensions: 89mm x 48mm x 0.33mm<br \/>\nMaterial: laminated cardboard of 240 g \/ m2.<br \/>\nMaterial: laminated cardboard of 240 g \/ m2.<br \/>\nCycle information can be recorded on the back of the card.<br \/>\nNOTE:<br \/>\nAir removal problems are presented as heterogeneous color changes, i.e. the presence of purple color.<\/p>\n<p>&nbsp;<\/p>\n<p>The stainless steel holder is REUSABLE for Bowie &amp; Dick Card, it shows great strength and durability and is covered by a protective layer.<br \/>\nP\u0103streaz\u0103 fixat cardul de testare in timpul ciclului de sterilizare BD8948X\u00a0 pentru o sterilizare corect\u0103 .<br \/>\nHeight: 42.7mm<br \/>\nBase: 133.2mm x 72.4mm<br \/>\nTop where the BD8948X test card fits: 93mm x 53.5mm<\/p>\n<p>&nbsp;<\/p>\n<p>DISPLAYED PRICE \/ 120 BOWIE DICK CARDS + 1 BOWIE DICK CARD HOLDER<\/p>\n<p>See: <a href=\"https:\/\/axiomed.ro\/wp-content\/uploads\/2020\/08\/Declaratie-de-conformitate-indicatori-chimicibiologici-axmo.pdf\">Declaration of compliance chemical, biological indicators axmo<\/a><\/p>","protected":false},"excerpt":{"rendered":"<p>Testul Bowie &amp; Dick monitorizeaz\u0103 eficacitatea \u00eendep\u0103rt\u0103rii aerului \u00een vacuum la sterilizatoare cu abur. Proiectat pentru cicluri de 3,5 minute la 134\u00b0 C \/ 4,0 minute la 132 \u00b0 C&#8230;.<\/p>","protected":false},"featured_media":2481,"comment_status":"open","ping_status":"closed","template":"","meta":[],"product_brand":[],"product_cat":[1450,31],"product_tag":[1125,1127,1126],"class_list":{"0":"post-2480","1":"product","2":"type-product","3":"status-publish","4":"has-post-thumbnail","6":"product_cat-indicatori-chimici","7":"product_cat-indicatori-control-sterilizare","8":"product_tag-indicator-bowie-dick-card","9":"product_tag-suport-bowie-dick-card","10":"product_tag-test-bowie-dick-card-suport","12":"first","13":"instock","14":"taxable","15":"shipping-taxable","16":"purchasable","17":"product-type-simple"},"_links":{"self":[{"href":"https:\/\/axiomed.ro\/en\/wp-json\/wp\/v2\/product\/2480","targetHints":{"allow":["GET"]}}],"collection":[{"href":"https:\/\/axiomed.ro\/en\/wp-json\/wp\/v2\/product"}],"about":[{"href":"https:\/\/axiomed.ro\/en\/wp-json\/wp\/v2\/types\/product"}],"replies":[{"embeddable":true,"href":"https:\/\/axiomed.ro\/en\/wp-json\/wp\/v2\/comments?post=2480"}],"wp:featuredmedia":[{"embeddable":true,"href":"https:\/\/axiomed.ro\/en\/wp-json\/wp\/v2\/media\/2481"}],"wp:attachment":[{"href":"https:\/\/axiomed.ro\/en\/wp-json\/wp\/v2\/media?parent=2480"}],"wp:term":[{"taxonomy":"product_brand","embeddable":true,"href":"https:\/\/axiomed.ro\/en\/wp-json\/wp\/v2\/product_brand?post=2480"},{"taxonomy":"product_cat","embeddable":true,"href":"https:\/\/axiomed.ro\/en\/wp-json\/wp\/v2\/product_cat?post=2480"},{"taxonomy":"product_tag","embeddable":true,"href":"https:\/\/axiomed.ro\/en\/wp-json\/wp\/v2\/product_tag?post=2480"}],"curies":[{"name":"wp","href":"https:\/\/api.w.org\/{rel}","templated":true}]}}