{"id":2495,"date":"2018-03-22T06:59:16","date_gmt":"2018-03-22T06:59:16","guid":{"rendered":"http:\/\/axiomed.ro\/?post_type=product&#038;p=2495"},"modified":"2025-10-29T12:29:21","modified_gmt":"2025-10-29T10:29:21","slug":"aseptoman-med","status":"publish","type":"product","link":"https:\/\/axiomed.ro\/en\/shop\/aseptoman-med\/","title":{"rendered":"Aseptoman med 1L"},"content":{"rendered":"<p>Alcoholic disinfectant for hands with friction application. ASEPTOMAN med, due to its low alcohol content, is<br \/>\nvery gentle on the skin, yet having a wide spectrum of effectiveness, which makes it ideal for daily use. ASEPTOMAN med is effective against noro-rota-and adenoviruses, according to hygienic hand disinfection requirements.<br \/>\nASEPTOMAN med meets the requirements for hand hygiene during epidemics with noro-route or adenoviruses. It does not contain perfumes or long-term accumulated agents that can cause skin irritation. In addition, ASEPTOMAN med contains emollients and care ingredients that prevent drying of the skin of the hands.<\/p>\n<p>Antiseptic pentru m\u00e2ini. Realizeaz\u0103 dezinfec\u0163ia igienic\u0103 a m\u00e2inilor \u00een doar 30 sec \u0219i dezinfectia chirurgical\u0103 \u00een 2min. .Conform Aviz 4358 BIO \/ 01 \/ 12.24 prezinta eficacitate bactericid\u0103, levurocid\u0103, micobactericid\u0103, virucid\u0103 (incl. HVB, HIV, HCV, virusuri gripale, coronavirusuri)<br \/>\nProdus avizat de Ministerul Sanatatii, COMISIA NATIONALA PENTRU PRODUSE BIOCIDE, prezinta fisa de securitate si fisa de produs.<\/p>\n<p>Price displayed per 1L<\/p>\n<p>in stock<\/p>","protected":false},"excerpt":{"rendered":"<p>Dezinfectant alcoolic pentru m\u00e2ini cu aplicare prin frecare. ASEPTOMAN med, datorit\u0103 con\u021binutului redus de alcool, este foarte delicat cu pielea, av\u00e2nd totu\u0219i un spectrul larg de eficacitate, ceea ce \u00eel&#8230;<\/p>","protected":false},"featured_media":2501,"comment_status":"open","ping_status":"closed","template":"","meta":[],"product_brand":[],"product_cat":[27,319],"product_tag":[1133,269,722],"class_list":{"0":"post-2495","1":"product","2":"type-product","3":"status-publish","4":"has-post-thumbnail","6":"product_cat-dezinfectanti","7":"product_cat-tegumente","8":"product_tag-dezinfectant-aseptoman","9":"product_tag-dezinfectant-axiomed","10":"product_tag-dezinfectanti-tegumente","12":"first","13":"instock","14":"taxable","15":"shipping-taxable","16":"purchasable","17":"product-type-simple"},"_links":{"self":[{"href":"https:\/\/axiomed.ro\/en\/wp-json\/wp\/v2\/product\/2495","targetHints":{"allow":["GET"]}}],"collection":[{"href":"https:\/\/axiomed.ro\/en\/wp-json\/wp\/v2\/product"}],"about":[{"href":"https:\/\/axiomed.ro\/en\/wp-json\/wp\/v2\/types\/product"}],"replies":[{"embeddable":true,"href":"https:\/\/axiomed.ro\/en\/wp-json\/wp\/v2\/comments?post=2495"}],"wp:featuredmedia":[{"embeddable":true,"href":"https:\/\/axiomed.ro\/en\/wp-json\/wp\/v2\/media\/2501"}],"wp:attachment":[{"href":"https:\/\/axiomed.ro\/en\/wp-json\/wp\/v2\/media?parent=2495"}],"wp:term":[{"taxonomy":"product_brand","embeddable":true,"href":"https:\/\/axiomed.ro\/en\/wp-json\/wp\/v2\/product_brand?post=2495"},{"taxonomy":"product_cat","embeddable":true,"href":"https:\/\/axiomed.ro\/en\/wp-json\/wp\/v2\/product_cat?post=2495"},{"taxonomy":"product_tag","embeddable":true,"href":"https:\/\/axiomed.ro\/en\/wp-json\/wp\/v2\/product_tag?post=2495"}],"curies":[{"name":"wp","href":"https:\/\/api.w.org\/{rel}","templated":true}]}}