{"id":252,"date":"2017-05-12T08:09:52","date_gmt":"2017-05-12T08:09:52","guid":{"rendered":"http:\/\/axiomed.ro\/?post_type=product&#038;p=252"},"modified":"2023-02-08T13:01:04","modified_gmt":"2023-02-08T10:01:04","slug":"anse-inoculare","status":"publish","type":"product","link":"https:\/\/axiomed.ro\/en\/shop\/anse-inoculare\/","title":{"rendered":"Calibrated inoculation loops"},"content":{"rendered":"<p>A simple instrument, mainly used by microbiologists, for the recovery and inoculation from a culture of microorganisms. It is a plastic wire and at the end forms a small loop about 5 mm in diameter.<\/p>\n<p>Volume 1 \u00b5l or 10 \u00b5l, made of PS polystyrene, gamma-sterilized.<\/p>\n<p>This loop is useful for making an inoculation from a liquid using the surface tension phenomenon. Inoculation loops are intended for single use for each experiment and discarded after completion. Unlike metal loops you can sterilize and use again.<\/p>\n<p>Packaging:<\/p>\n<p>- Loops 1 \u00b5l - 10 pcs \/ indivisible packaging<\/p>\n<p>- Loops 10 \u00b5l - 20 pcs \/ indivisible packaging<\/p>\n<p>Lot no., date of manufacture, expiry date, manufacturer, CE mark<\/p>\n<p>DISPLAYED PRICE \/ PCS<\/p>\n<p>SOLD IN UNDIVIDABLE PACKAGES.<\/p>","protected":false},"excerpt":{"rendered":"<p>Un instrument simplu, folosit \u00een principal de c\u0103tre microbiologi, pentru recuperarea \u0219i inocularea dintr-o cultur\u0103 a microorganismelor. Este o s\u00e2rm\u0103 din plastic \u0219i la cap\u0103t formeaz\u0103 o bucl\u0103 mic\u0103 cu&#8230;<\/p>","protected":false},"featured_media":1975,"comment_status":"open","ping_status":"closed","template":"","meta":[],"product_brand":[],"product_cat":[26,28],"product_tag":[387,388],"class_list":{"0":"post-252","1":"product","2":"type-product","3":"status-publish","4":"has-post-thumbnail","6":"product_cat-consumabile-medicale","7":"product_cat-laborator","8":"product_tag-anse-inoculare","9":"product_tag-anse-inoculare-axiomed","11":"first","12":"instock","13":"taxable","14":"shipping-taxable","15":"purchasable","16":"product-type-simple"},"_links":{"self":[{"href":"https:\/\/axiomed.ro\/en\/wp-json\/wp\/v2\/product\/252","targetHints":{"allow":["GET"]}}],"collection":[{"href":"https:\/\/axiomed.ro\/en\/wp-json\/wp\/v2\/product"}],"about":[{"href":"https:\/\/axiomed.ro\/en\/wp-json\/wp\/v2\/types\/product"}],"replies":[{"embeddable":true,"href":"https:\/\/axiomed.ro\/en\/wp-json\/wp\/v2\/comments?post=252"}],"wp:featuredmedia":[{"embeddable":true,"href":"https:\/\/axiomed.ro\/en\/wp-json\/wp\/v2\/media\/1975"}],"wp:attachment":[{"href":"https:\/\/axiomed.ro\/en\/wp-json\/wp\/v2\/media?parent=252"}],"wp:term":[{"taxonomy":"product_brand","embeddable":true,"href":"https:\/\/axiomed.ro\/en\/wp-json\/wp\/v2\/product_brand?post=252"},{"taxonomy":"product_cat","embeddable":true,"href":"https:\/\/axiomed.ro\/en\/wp-json\/wp\/v2\/product_cat?post=252"},{"taxonomy":"product_tag","embeddable":true,"href":"https:\/\/axiomed.ro\/en\/wp-json\/wp\/v2\/product_tag?post=252"}],"curies":[{"name":"wp","href":"https:\/\/api.w.org\/{rel}","templated":true}]}}