{"id":2535,"date":"2018-04-15T15:00:08","date_gmt":"2018-04-15T15:00:08","guid":{"rendered":"http:\/\/axiomed.ro\/shop\/descosept-af-1l\/"},"modified":"2024-10-24T12:08:01","modified_gmt":"2024-10-24T09:08:01","slug":"descosept-af-1l","status":"publish","type":"product","link":"https:\/\/axiomed.ro\/en\/shop\/descosept-af-1l\/","title":{"rendered":"DESCOSEPT SENSITIVE 750 ML"},"content":{"rendered":"<p>DESCOSEPT SENSITIVE &#8211; Dezinfectant alcoolic rapid, Flacon de 750 ml cu pulverizator.<\/p>\n<ul>\n<li>ideal si sigur pentru dezinfectia zilnica<\/li>\n<li>spectru larg de actiune, efect rapid<\/li>\n<li>foarte buna compatibilitate cu materialele<\/li>\n<\/ul>\n<p>DESCOSEPT SENSITIVE este un dezinfectant rapid pe baza de alcool (etanol) pentru curatarea si dezinfectia delicata a dispozitivelor si echipamentelor medicale, precum si a suprafetelor de orice tip. Produsul este recomandat \u00een special pentru dezinfectia zonelor din preajma pacientului, atunci c\u00e2nd este necesar un spectru larg de actiune. Pe l\u00e2nga timpul de actiune foarte scurt, produsul prezinta si o excelenta compatibilitate cu materialele, fara a lasa reziduuri.<\/p>\n<p>Prezinta efect bactericid, levurocid, tuberculocid si virucid(inclusiv HIV,HBV,HCV) in doar 1 minut.<\/p>\n<p>Domeniu de utilizare:<\/p>\n<p>Conform Regulamentului pentru Produse Biocide (BPR): Curatarea si dezinfectia rapida a tuturor suprafetelor si mobilierului rezistent la alcool, \u00een special cele din apropierea pacientului.<br \/>\nConform Directivei privind Dispozitivele Medicale (MDR): Curatarea si dezinfectia rapida a dispozitivelor medicale non-invazive, \u00een special a celor cu suprafete sensibile.<\/p>\n<p>Produsul este avizat de Ministerul Sanatatii, COMISIA NATIONALA PENTRU PRODUSE BIOCIDE<\/p>\n<p>Prezinta fisa d securitate si fisa de produs.<\/p>\n<p>produced in Germany<\/p>\n<p>Declaration of compliance<\/p>","protected":false},"excerpt":{"rendered":"<p>DESCOSEPT SENSITIVE &#8211; Dezinfectant alcoolic rapid, Flacon de 750 ml cu pulverizator. ideal si sigur pentru dezinfectia zilnica spectru larg de actiune, efect rapid foarte buna compatibilitate cu materialele DESCOSEPT&#8230;<\/p>","protected":false},"featured_media":10272,"comment_status":"open","ping_status":"closed","template":"","meta":[],"product_brand":[],"product_cat":[1396],"product_tag":[741,1150,1152,1151,746],"class_list":{"0":"post-2535","1":"product","2":"type-product","3":"status-publish","4":"has-post-thumbnail","6":"product_cat-fara-categorie","7":"product_tag-disinfectant-axiomed","8":"product_tag-disinfectant-descosept-af","9":"product_tag-equipment-disinfectant","10":"product_tag-furniture-disinfectant","11":"product_tag-surfaces-disinfecting","13":"first","14":"instock","15":"taxable","16":"shipping-taxable","17":"purchasable","18":"product-type-simple"},"_links":{"self":[{"href":"https:\/\/axiomed.ro\/en\/wp-json\/wp\/v2\/product\/2535","targetHints":{"allow":["GET"]}}],"collection":[{"href":"https:\/\/axiomed.ro\/en\/wp-json\/wp\/v2\/product"}],"about":[{"href":"https:\/\/axiomed.ro\/en\/wp-json\/wp\/v2\/types\/product"}],"replies":[{"embeddable":true,"href":"https:\/\/axiomed.ro\/en\/wp-json\/wp\/v2\/comments?post=2535"}],"wp:featuredmedia":[{"embeddable":true,"href":"https:\/\/axiomed.ro\/en\/wp-json\/wp\/v2\/media\/10272"}],"wp:attachment":[{"href":"https:\/\/axiomed.ro\/en\/wp-json\/wp\/v2\/media?parent=2535"}],"wp:term":[{"taxonomy":"product_brand","embeddable":true,"href":"https:\/\/axiomed.ro\/en\/wp-json\/wp\/v2\/product_brand?post=2535"},{"taxonomy":"product_cat","embeddable":true,"href":"https:\/\/axiomed.ro\/en\/wp-json\/wp\/v2\/product_cat?post=2535"},{"taxonomy":"product_tag","embeddable":true,"href":"https:\/\/axiomed.ro\/en\/wp-json\/wp\/v2\/product_tag?post=2535"}],"curies":[{"name":"wp","href":"https:\/\/api.w.org\/{rel}","templated":true}]}}