{"id":265,"date":"2017-05-12T09:20:28","date_gmt":"2017-05-12T06:20:28","guid":{"rendered":"http:\/\/axiomed.ro\/?post_type=product&#038;p=265"},"modified":"2023-11-06T11:41:01","modified_gmt":"2023-11-06T08:41:01","slug":"bonete-chirurgicale-cu-elastic-perimetru-nesterile","status":"publish","type":"product","link":"https:\/\/axiomed.ro\/en\/shop\/bonete-chirurgicale-cu-elastic-perimetru-nesterile\/","title":{"rendered":"Surgical bonnets with perimeter elastic, non sterile"},"content":{"rendered":"<p>Medical protective headgear<\/p>\n<ul>\n<li>polypropylene \/ non-woven,<\/li>\n<li>latex free<\/li>\n<li>white, blue or green;<\/li>\n<li>their material allows easy air circulation<\/li>\n<\/ul>\n<p>Packaging: pack 100 pcs<\/p>\n<p>Lot no., date of manufacture, expiry date, manufacturer, CE mark<\/p>\n<p>Displayed price \/ box of 100 pcs<\/p>","protected":false},"excerpt":{"rendered":"<p>Bonete medicale de protec\u021bie pentru cap polipropilen\u0103 \/ material ne\u021besut, nu con\u021bine latex, culoare alb\u0103, albastr\u0103 sau verde; materialul din care sunt executate face posibil\u0103 circula\u021bia usoar\u0103 a aerului Mod&#8230;<\/p>","protected":false},"featured_media":1719,"comment_status":"open","ping_status":"closed","template":"","meta":[],"product_brand":[],"product_cat":[33,34],"product_tag":[585,588,587,586,570,569],"class_list":{"0":"post-265","1":"product","2":"type-product","3":"status-publish","4":"has-post-thumbnail","6":"product_cat-protectie","7":"product_cat-protectie-uf","8":"product_tag-bonete-chirurgicale","9":"product_tag-bonete-chirurgicale-cu-elastic-perimetru","10":"product_tag-bonete-nesterile","11":"product_tag-capeline-chirurgicale","12":"product_tag-protectie-axiomed","13":"product_tag-protectie-unica-folosinta","15":"first","16":"outofstock","17":"taxable","18":"shipping-taxable","19":"purchasable","20":"product-type-simple"},"_links":{"self":[{"href":"https:\/\/axiomed.ro\/en\/wp-json\/wp\/v2\/product\/265","targetHints":{"allow":["GET"]}}],"collection":[{"href":"https:\/\/axiomed.ro\/en\/wp-json\/wp\/v2\/product"}],"about":[{"href":"https:\/\/axiomed.ro\/en\/wp-json\/wp\/v2\/types\/product"}],"replies":[{"embeddable":true,"href":"https:\/\/axiomed.ro\/en\/wp-json\/wp\/v2\/comments?post=265"}],"wp:featuredmedia":[{"embeddable":true,"href":"https:\/\/axiomed.ro\/en\/wp-json\/wp\/v2\/media\/1719"}],"wp:attachment":[{"href":"https:\/\/axiomed.ro\/en\/wp-json\/wp\/v2\/media?parent=265"}],"wp:term":[{"taxonomy":"product_brand","embeddable":true,"href":"https:\/\/axiomed.ro\/en\/wp-json\/wp\/v2\/product_brand?post=265"},{"taxonomy":"product_cat","embeddable":true,"href":"https:\/\/axiomed.ro\/en\/wp-json\/wp\/v2\/product_cat?post=265"},{"taxonomy":"product_tag","embeddable":true,"href":"https:\/\/axiomed.ro\/en\/wp-json\/wp\/v2\/product_tag?post=265"}],"curies":[{"name":"wp","href":"https:\/\/api.w.org\/{rel}","templated":true}]}}