{"id":2848,"date":"2019-01-19T22:21:39","date_gmt":"2019-01-19T22:21:39","guid":{"rendered":"http:\/\/axiomed.ro\/?post_type=product&#038;p=2848"},"modified":"2023-02-09T15:13:15","modified_gmt":"2023-02-09T12:13:15","slug":"dispozitiv-pentru-indicatori-spalare","status":"publish","type":"product","link":"https:\/\/axiomed.ro\/en\/shop\/dispozitiv-pentru-indicatori-spalare\/","title":{"rendered":"Device for washing indicators"},"content":{"rendered":"<p class=\"translation-block\">The device is designed to mimic cleaning challenges during the wash cycle and can be fixed on the tray, which allows reproducible location of the cleaning indicator in<br>\nwashing machine. When the CDWA4 is placed in the holder, half of the test surface is covered, thus simulating the joining of surgical instruments with an indirectly impinging water flow. The other half of the test is covered by a net, which is a difficulty for the flow of water<br>\nto reach it, imitating shaded or occluded surfaces.<br>\nThe new design of the CDWAH optimizes the control of detergent washing ability to force water and detergent into and onto the test.<\/p>\n<p>It is used with CDW3 \/ CDW4 washing indicators<\/p>","protected":false},"excerpt":{"rendered":"<p>Dispozitivul este conceput pentru a imita provoc\u0103rile de cur\u0103\u021bare in timpul ciclului de sp\u0103lare \u0219i poate fi fixat\u0103 pe tav\u0103, care permite localizarea reproductibil\u0103 a indicatorului de cur\u0103\u021bare \u00een ma\u0219in\u0103&#8230;<\/p>","protected":false},"featured_media":2849,"comment_status":"open","ping_status":"closed","template":"","meta":[],"product_brand":[],"product_cat":[1031,1463,1451],"product_tag":[1189],"class_list":{"0":"post-2848","1":"product","2":"type-product","3":"status-publish","4":"has-post-thumbnail","6":"product_cat-control-igiena-spalare-dezinfectie","7":"product_cat-control-sterilizare-indicatori","8":"product_cat-sterilizare","9":"product_tag-dispozitiv-indicator-spalare","11":"first","12":"instock","13":"taxable","14":"shipping-taxable","15":"purchasable","16":"product-type-simple"},"_links":{"self":[{"href":"https:\/\/axiomed.ro\/en\/wp-json\/wp\/v2\/product\/2848","targetHints":{"allow":["GET"]}}],"collection":[{"href":"https:\/\/axiomed.ro\/en\/wp-json\/wp\/v2\/product"}],"about":[{"href":"https:\/\/axiomed.ro\/en\/wp-json\/wp\/v2\/types\/product"}],"replies":[{"embeddable":true,"href":"https:\/\/axiomed.ro\/en\/wp-json\/wp\/v2\/comments?post=2848"}],"wp:featuredmedia":[{"embeddable":true,"href":"https:\/\/axiomed.ro\/en\/wp-json\/wp\/v2\/media\/2849"}],"wp:attachment":[{"href":"https:\/\/axiomed.ro\/en\/wp-json\/wp\/v2\/media?parent=2848"}],"wp:term":[{"taxonomy":"product_brand","embeddable":true,"href":"https:\/\/axiomed.ro\/en\/wp-json\/wp\/v2\/product_brand?post=2848"},{"taxonomy":"product_cat","embeddable":true,"href":"https:\/\/axiomed.ro\/en\/wp-json\/wp\/v2\/product_cat?post=2848"},{"taxonomy":"product_tag","embeddable":true,"href":"https:\/\/axiomed.ro\/en\/wp-json\/wp\/v2\/product_tag?post=2848"}],"curies":[{"name":"wp","href":"https:\/\/api.w.org\/{rel}","templated":true}]}}