{"id":2986,"date":"2019-04-27T19:48:22","date_gmt":"2019-04-27T19:48:22","guid":{"rendered":"http:\/\/axiomed.ro\/?post_type=product&#038;p=2986"},"modified":"2021-12-11T19:59:40","modified_gmt":"2021-12-11T19:59:40","slug":"rola-cu-cerneala-pentru-aparat-inscriptionat-etichete-sterilizare","status":"publish","type":"product","link":"https:\/\/axiomed.ro\/en\/shop\/rola-cu-cerneala-pentru-aparat-inscriptionat-etichete-sterilizare\/","title":{"rendered":"Ink cartridge\/roll for device with sterilization labels"},"content":{"rendered":"<p>Ink roll for device with sterilization labels<\/p>\n<p class=\"translation-block\">Product features<br>\nMATERIAL: POLYURETHANE<br>\nFREE NICKEL<br>\nPackaging<br>\nPolyurethane roll in plastic cartridge with ink<br>\nEach ink roller is in plastic box<br>\n5 ink rolls in 1 blister<br>\n20 blisters in 1 box<br>\nProduct Conformity<br>\nThis product complies with EN ISO 14001: 2004 and has EN ISO 9001: 2008 quality certification<br>\nPRODUCT CODE: TAMP \/ 3L<br>\nSTORAGE CONDITION<br>\nKeep the product intact in the original packaging.<br>\nTemperature: min. 5 \u00b0 C -max 30 \u00b0 C. Humidity: 35% - max 50%<br>\nESTIMATED EXPIRY DATE: 3 YEARS depending on storage conditions<\/p>\n<p>Price per ink roll<\/p>","protected":false},"excerpt":{"rendered":"<p>Rola cu cerneala pentru aparat inscriptionat etichete sterilizare Caracteristicile produsului MATERIAL: POLIURETAN NICKEL GRATUIT Ambalare Rola de poliuretan in cartus de plastic cu cerneal\u0103 Fiecare rol\u0103 cu cerneal\u0103 este \u00een&#8230;<\/p>","protected":false},"featured_media":2991,"comment_status":"open","ping_status":"closed","template":"","meta":[],"product_brand":[],"product_cat":[32,1463],"product_tag":[1217,1216],"class_list":{"0":"post-2986","1":"product","2":"type-product","3":"status-publish","4":"has-post-thumbnail","6":"product_cat-echipamente-sterilizare","7":"product_cat-control-sterilizare-indicatori","8":"product_tag-cartus-cerneala","9":"product_tag-rola-cu-cerneala-aparat-inscriptionat-sterilizare","11":"first","12":"instock","13":"taxable","14":"shipping-taxable","15":"purchasable","16":"product-type-simple"},"_links":{"self":[{"href":"https:\/\/axiomed.ro\/en\/wp-json\/wp\/v2\/product\/2986","targetHints":{"allow":["GET"]}}],"collection":[{"href":"https:\/\/axiomed.ro\/en\/wp-json\/wp\/v2\/product"}],"about":[{"href":"https:\/\/axiomed.ro\/en\/wp-json\/wp\/v2\/types\/product"}],"replies":[{"embeddable":true,"href":"https:\/\/axiomed.ro\/en\/wp-json\/wp\/v2\/comments?post=2986"}],"wp:featuredmedia":[{"embeddable":true,"href":"https:\/\/axiomed.ro\/en\/wp-json\/wp\/v2\/media\/2991"}],"wp:attachment":[{"href":"https:\/\/axiomed.ro\/en\/wp-json\/wp\/v2\/media?parent=2986"}],"wp:term":[{"taxonomy":"product_brand","embeddable":true,"href":"https:\/\/axiomed.ro\/en\/wp-json\/wp\/v2\/product_brand?post=2986"},{"taxonomy":"product_cat","embeddable":true,"href":"https:\/\/axiomed.ro\/en\/wp-json\/wp\/v2\/product_cat?post=2986"},{"taxonomy":"product_tag","embeddable":true,"href":"https:\/\/axiomed.ro\/en\/wp-json\/wp\/v2\/product_tag?post=2986"}],"curies":[{"name":"wp","href":"https:\/\/api.w.org\/{rel}","templated":true}]}}