{"id":301,"date":"2017-05-15T08:53:32","date_gmt":"2017-05-15T05:53:32","guid":{"rendered":"http:\/\/axiomed.ro\/?post_type=product&#038;p=301"},"modified":"2024-12-29T20:28:18","modified_gmt":"2024-12-29T17:28:18","slug":"indicator-biologic-sterilizare-cu-spori-atropheus-si-stearotermophilus-caldura-uscataeoabur-strip-dual","status":"publish","type":"product","link":"https:\/\/axiomed.ro\/en\/shop\/indicator-biologic-sterilizare-cu-spori-atropheus-si-stearotermophilus-caldura-uscataeoabur-strip-dual\/","title":{"rendered":"ATROPHEUS and STEAROTERMOPHILUS spore sterilization biological indicator (dry heat\/EO\/steam) dual strip"},"content":{"rendered":"<p>Dual biological indicator strip with atrophaeus and stearothermophilus spores (dry heat\/EO\/steam)<\/p>\n<p><strong>Use<\/strong><\/p>\n<p>EO, steam and dry heat sterilization processes.<\/p>\n<p><strong>Clasificare produs<\/strong><\/p>\n<p>Risk class 1.<\/p>\n<p><strong>Caracteristicile produsului<\/strong><\/p>\n<p>25 mm x 70 mm glassinepackage, cod Violet<\/p>\n<p>6mm x 25mm filter paper strips.<\/p>\n<p>105 or 106 Geobacillus stearothermophilus ATCC 7953 and 106 spores Bacillus atrophaeus ATCC 9372 spores on tape.<\/p>\n<p>Upon completion of the sterilization cycle, the spore strip should be tested in a suitable culture medium at 37\u00b0C or 60\u00b0C.<\/p>\n<p>We suggest the use of BIONOVA\u00ae MC1020 or MC1030 culture media for final reading in 48 hours at 37\u00b0C ethylene oxide and dry heat time or BIONOVA\u00ae MC20 or MC1020 culture media with final reading in 24 hours at 60\u00b0C for the indicator steam sterilization control. For conventional culture media, such as TSB, incubation for 7 days is recommended.Requires clinical laboratory labor.<\/p>\n<p>See: <a href=\"https:\/\/axiomed.ro\/wp-content\/uploads\/2020\/08\/Declaratie-de-conformitate-indicatori-chimicibiologici-axmo.pdf\">Declaration of compliance chemical, biological indicators axmo<\/a><\/p>\n<p>DISPLAYED PRICE \/ STRIP<\/p>","protected":false},"excerpt":{"rendered":"<p>Indicator biologic strip dual cu spori atrophaeus \u0219i stearothermophilus (caldur\u0103 uscat\u0103\/EO\/abur) Utilizare EO, abur\u00a0\u0219i procesele de sterilizare cu c\u0103ldur\u0103 uscat\u0103. Clasificare produs Clasa 1 de risc. Caracteristicile produsului 25 mm&#8230;<\/p>","protected":false},"featured_media":1645,"comment_status":"open","ping_status":"closed","template":"","meta":[],"product_brand":[],"product_cat":[1449,31,1451],"product_tag":[593,688,687,594],"class_list":{"0":"post-301","1":"product","2":"type-product","3":"status-publish","4":"has-post-thumbnail","6":"product_cat-indicatori-biologici","7":"product_cat-indicatori-control-sterilizare","8":"product_cat-sterilizare","9":"product_tag-consumabile-sterilizare","10":"product_tag-indicator-biologic-sterilizare-cu-abur-strip-dual","11":"product_tag-indicator-biologic-sterilizare-cu-spori-atropheus-si-stearotermophilus-strip-dual","12":"product_tag-sterilizare-axiomed","14":"first","15":"outofstock","16":"taxable","17":"shipping-taxable","18":"purchasable","19":"product-type-simple"},"_links":{"self":[{"href":"https:\/\/axiomed.ro\/en\/wp-json\/wp\/v2\/product\/301","targetHints":{"allow":["GET"]}}],"collection":[{"href":"https:\/\/axiomed.ro\/en\/wp-json\/wp\/v2\/product"}],"about":[{"href":"https:\/\/axiomed.ro\/en\/wp-json\/wp\/v2\/types\/product"}],"replies":[{"embeddable":true,"href":"https:\/\/axiomed.ro\/en\/wp-json\/wp\/v2\/comments?post=301"}],"wp:featuredmedia":[{"embeddable":true,"href":"https:\/\/axiomed.ro\/en\/wp-json\/wp\/v2\/media\/1645"}],"wp:attachment":[{"href":"https:\/\/axiomed.ro\/en\/wp-json\/wp\/v2\/media?parent=301"}],"wp:term":[{"taxonomy":"product_brand","embeddable":true,"href":"https:\/\/axiomed.ro\/en\/wp-json\/wp\/v2\/product_brand?post=301"},{"taxonomy":"product_cat","embeddable":true,"href":"https:\/\/axiomed.ro\/en\/wp-json\/wp\/v2\/product_cat?post=301"},{"taxonomy":"product_tag","embeddable":true,"href":"https:\/\/axiomed.ro\/en\/wp-json\/wp\/v2\/product_tag?post=301"}],"curies":[{"name":"wp","href":"https:\/\/api.w.org\/{rel}","templated":true}]}}