{"id":309,"date":"2017-05-15T09:09:07","date_gmt":"2017-05-15T09:09:07","guid":{"rendered":"http:\/\/axiomed.ro\/?post_type=product&#038;p=309"},"modified":"2025-11-19T14:51:57","modified_gmt":"2025-11-19T12:51:57","slug":"indicator-sterilizare-banda-autoclav-19mm-x-50m-rola","status":"publish","type":"product","link":"https:\/\/axiomed.ro\/en\/shop\/indicator-sterilizare-banda-autoclav-19mm-x-50m-rola\/","title":{"rendered":"Sterilization indicator autoclave tape 19mm x 50m - roll"},"content":{"rendered":"<p>Adhesive tape with use for wet heat (steam) sterilization.<\/p>\n<p>The backing is made of semi-white crepe paper resistant to high temperatures, easy to glue and printed with indicator ink in the form of vertical lines.<\/p>\n<p>After completing the steam sterilization cycle, the special indicator ink changes color from blue to green. The backing is silicone based adhesive resistant to high temperature and humidity, gives a good adhesion on paper, plastic, metal, towels and non-woven material.<\/p>\n<p>The tape can be easily removed without leaving any trace of adhesive on the surface being used.<\/p>\n<ul>\n<li>length 50 m ,<\/li>\n<li>min. width 19 mm.<\/li>\n<\/ul>\n<p>Shelf life 2 years from date of manufacture.<\/p>\n<p>Tagged: batch no., dimensions, shelf life.<\/p>\n<p>See: <a href=\"https:\/\/axiomed.ro\/wp-content\/uploads\/2020\/08\/Declaratie-de-conformitate-indicatori-chimicibiologici-axmo.pdf\">Declaration of compliance chemical, biological indicators axmo<\/a><\/p>","protected":false},"excerpt":{"rendered":"<p>Band\u0103 adeziv\u0103 cu utilizare pentru sterilizarea la c\u0103ldur\u0103 umeda (abur). Suportul este din h\u00e2rtie creponat\u0103 semi-alba rezistent la temperaturi ridicate, usor de lipit si imprimata cu cerneal\u0103- indicator sub forma&#8230;<\/p>","protected":false},"featured_media":1618,"comment_status":"open","ping_status":"closed","template":"","meta":[],"product_brand":[],"product_cat":[1450,31],"product_tag":[662,663,593,664,665,594],"class_list":{"0":"post-309","1":"product","2":"type-product","3":"status-publish","4":"has-post-thumbnail","6":"product_cat-indicatori-chimici","7":"product_cat-indicatori-control-sterilizare","8":"product_tag-banda-sterilizare-autoclav","9":"product_tag-banda-sterilizare-autoclav-19mmx50m","10":"product_tag-consumabile-sterilizare","11":"product_tag-indicator-banda-sterilizare-autoclav","12":"product_tag-indicator-sterilizare-banda-autoclav","13":"product_tag-sterilizare-axiomed","15":"first","16":"instock","17":"taxable","18":"shipping-taxable","19":"purchasable","20":"product-type-simple"},"_links":{"self":[{"href":"https:\/\/axiomed.ro\/en\/wp-json\/wp\/v2\/product\/309","targetHints":{"allow":["GET"]}}],"collection":[{"href":"https:\/\/axiomed.ro\/en\/wp-json\/wp\/v2\/product"}],"about":[{"href":"https:\/\/axiomed.ro\/en\/wp-json\/wp\/v2\/types\/product"}],"replies":[{"embeddable":true,"href":"https:\/\/axiomed.ro\/en\/wp-json\/wp\/v2\/comments?post=309"}],"wp:featuredmedia":[{"embeddable":true,"href":"https:\/\/axiomed.ro\/en\/wp-json\/wp\/v2\/media\/1618"}],"wp:attachment":[{"href":"https:\/\/axiomed.ro\/en\/wp-json\/wp\/v2\/media?parent=309"}],"wp:term":[{"taxonomy":"product_brand","embeddable":true,"href":"https:\/\/axiomed.ro\/en\/wp-json\/wp\/v2\/product_brand?post=309"},{"taxonomy":"product_cat","embeddable":true,"href":"https:\/\/axiomed.ro\/en\/wp-json\/wp\/v2\/product_cat?post=309"},{"taxonomy":"product_tag","embeddable":true,"href":"https:\/\/axiomed.ro\/en\/wp-json\/wp\/v2\/product_tag?post=309"}],"curies":[{"name":"wp","href":"https:\/\/api.w.org\/{rel}","templated":true}]}}