{"id":336,"date":"2017-05-15T10:54:37","date_gmt":"2017-05-15T10:54:37","guid":{"rendered":"http:\/\/axiomed.ro\/?post_type=product&#038;p=336"},"modified":"2024-12-29T20:27:03","modified_gmt":"2024-12-29T17:27:03","slug":"manusi-chirurgicale-sterile","status":"publish","type":"product","link":"https:\/\/axiomed.ro\/en\/shop\/manusi-chirurgicale-sterile\/","title":{"rendered":"Surgical gloves, sterile"},"content":{"rendered":"<p>Features<\/p>\n<ul>\n<li>natural latex<\/li>\n<li>sterilized with gamma rays,<\/li>\n<li>disposable,<\/li>\n<li>color: from natural to white and uniform, allowing a gradual change according to thickness variations,<\/li>\n<li>specific design and presentation for the hand, with curved, textured fingers, cuffs with welted cuffs, powdered inside with absorbable starch,<\/li>\n<li>sizes: from 6.5 to 8.5<\/li>\n<\/ul>\n<p>Packaging: 50 pairs \/ box<\/p>\n<p>Lot no., date of manufacture, expiry date, manufacturer, CE mark<\/p>\n<p>Displayed price\/pair<\/p>","protected":false},"excerpt":{"rendered":"<p>Caracteristici: latex natural, sterilizate cu raze gamma, unic\u0103 folosin\u021b\u0103, culoare: de la natural la alb \u0219i uniform, permi\u021b\u00e2nd o modificare gradual\u0103 \u00een func\u021bie de varia\u021biile de grosime, design \u0219i prezentare&#8230;<\/p>","protected":false},"featured_media":1705,"comment_status":"open","ping_status":"closed","template":"","meta":[],"product_brand":[],"product_cat":[33,34],"product_tag":[571,577,570,569],"class_list":{"0":"post-336","1":"product","2":"type-product","3":"status-publish","4":"has-post-thumbnail","6":"product_cat-protectie","7":"product_cat-protectie-uf","8":"product_tag-manusi-chirurgicale","9":"product_tag-manusi-sterile","10":"product_tag-protectie-axiomed","11":"product_tag-protectie-unica-folosinta","13":"first","14":"instock","15":"taxable","16":"shipping-taxable","17":"purchasable","18":"product-type-simple"},"_links":{"self":[{"href":"https:\/\/axiomed.ro\/en\/wp-json\/wp\/v2\/product\/336","targetHints":{"allow":["GET"]}}],"collection":[{"href":"https:\/\/axiomed.ro\/en\/wp-json\/wp\/v2\/product"}],"about":[{"href":"https:\/\/axiomed.ro\/en\/wp-json\/wp\/v2\/types\/product"}],"replies":[{"embeddable":true,"href":"https:\/\/axiomed.ro\/en\/wp-json\/wp\/v2\/comments?post=336"}],"wp:featuredmedia":[{"embeddable":true,"href":"https:\/\/axiomed.ro\/en\/wp-json\/wp\/v2\/media\/1705"}],"wp:attachment":[{"href":"https:\/\/axiomed.ro\/en\/wp-json\/wp\/v2\/media?parent=336"}],"wp:term":[{"taxonomy":"product_brand","embeddable":true,"href":"https:\/\/axiomed.ro\/en\/wp-json\/wp\/v2\/product_brand?post=336"},{"taxonomy":"product_cat","embeddable":true,"href":"https:\/\/axiomed.ro\/en\/wp-json\/wp\/v2\/product_cat?post=336"},{"taxonomy":"product_tag","embeddable":true,"href":"https:\/\/axiomed.ro\/en\/wp-json\/wp\/v2\/product_tag?post=336"}],"curies":[{"name":"wp","href":"https:\/\/api.w.org\/{rel}","templated":true}]}}