{"id":338,"date":"2017-05-15T10:56:33","date_gmt":"2017-05-15T10:56:33","guid":{"rendered":"http:\/\/axiomed.ro\/?post_type=product&#038;p=338"},"modified":"2025-03-26T12:38:16","modified_gmt":"2025-03-26T10:38:16","slug":"masca-oxigen-adulti-copii","status":"publish","type":"product","link":"https:\/\/axiomed.ro\/en\/shop\/masca-oxigen-adulti-copii\/","title":{"rendered":"Adult oxygen mask"},"content":{"rendered":"<p>Features<\/p>\n<ul>\n<li>disposable,<\/li>\n<li>made of clear vinyl,<\/li>\n<li>transparent ,soft;<\/li>\n<li>green<\/li>\n<li>with oxygen supply tube 225cm,<\/li>\n<li>with metal nose flap,<\/li>\n<li>unsterile<\/li>\n<\/ul>\n<p>Packaging: individual, 100 pcs\/bax<\/p>\n<p>Lot no., date of manufacture, expiry date, manufacturer, CE mark<\/p>","protected":false},"excerpt":{"rendered":"<p>Caracteristici: unic\u0103 folosin\u021b\u0103, fabricat din vinil clar, transparent moale; culoare verde, cu tub de aprovizionare oxigen 225cm, cu foi\u021b\u0103 nazal\u0103 metalic\u0103, nesterile Mod de ambalare: individual, 100 buc\/bax Marcaj nr.lot,&#8230;<\/p>","protected":false},"featured_media":1930,"comment_status":"open","ping_status":"closed","template":"","meta":[],"product_brand":[],"product_cat":[26,29],"product_tag":[423,425,424],"class_list":{"0":"post-338","1":"product","2":"type-product","3":"status-publish","4":"has-post-thumbnail","6":"product_cat-consumabile-medicale","7":"product_cat-medicina-generala","8":"product_tag-masca-oxigen-adulti","9":"product_tag-masca-oxigen-axiomed","10":"product_tag-masca-oxigen-copii","12":"first","13":"instock","14":"taxable","15":"shipping-taxable","16":"purchasable","17":"product-type-simple"},"_links":{"self":[{"href":"https:\/\/axiomed.ro\/en\/wp-json\/wp\/v2\/product\/338","targetHints":{"allow":["GET"]}}],"collection":[{"href":"https:\/\/axiomed.ro\/en\/wp-json\/wp\/v2\/product"}],"about":[{"href":"https:\/\/axiomed.ro\/en\/wp-json\/wp\/v2\/types\/product"}],"replies":[{"embeddable":true,"href":"https:\/\/axiomed.ro\/en\/wp-json\/wp\/v2\/comments?post=338"}],"wp:featuredmedia":[{"embeddable":true,"href":"https:\/\/axiomed.ro\/en\/wp-json\/wp\/v2\/media\/1930"}],"wp:attachment":[{"href":"https:\/\/axiomed.ro\/en\/wp-json\/wp\/v2\/media?parent=338"}],"wp:term":[{"taxonomy":"product_brand","embeddable":true,"href":"https:\/\/axiomed.ro\/en\/wp-json\/wp\/v2\/product_brand?post=338"},{"taxonomy":"product_cat","embeddable":true,"href":"https:\/\/axiomed.ro\/en\/wp-json\/wp\/v2\/product_cat?post=338"},{"taxonomy":"product_tag","embeddable":true,"href":"https:\/\/axiomed.ro\/en\/wp-json\/wp\/v2\/product_tag?post=338"}],"curies":[{"name":"wp","href":"https:\/\/api.w.org\/{rel}","templated":true}]}}