{"id":339,"date":"2017-05-15T10:57:32","date_gmt":"2017-05-15T10:57:32","guid":{"rendered":"http:\/\/axiomed.ro\/?post_type=product&#038;p=339"},"modified":"2024-12-29T20:30:45","modified_gmt":"2024-12-29T17:30:45","slug":"masti-chirurgicale-3-pliuri-cu-legaturi-sau-elastic","status":"publish","type":"product","link":"https:\/\/axiomed.ro\/en\/shop\/masti-chirurgicale-3-pliuri-cu-legaturi-sau-elastic\/","title":{"rendered":"Surgical mask UZ MEDICAL 3 folds with elastic"},"content":{"rendered":"<p>Surgical mask UZ MEDICAL type II R with 3 layers and 3 folds with elastic.<\/p>\n<p>Fitted with PVC coated aluminum nose clip, non-woven polypropylene.<\/p>\n<p>Properties:<\/p>\n<ul>\n<li>non-irritating,<\/li>\n<li>ensures good air permeability.<\/li>\n<\/ul>\n<p>Packaging: 100 pcs \/ box<\/p>\n<p>Lot no., date of manufacture, expiry date, manufacturer, CE mark<\/p>\n<p>In accordance with the European Directive EC93\/42 on medical devices and the national legislation in force<br \/>\nEquipped with PVC coated aluminum nose clip, uncut polypropylene.<\/p>\n<p>displayed price \/ pcs<\/p>","protected":false},"excerpt":{"rendered":"<p>Masc\u0103 chirurgical\u0103 UZ MEDICAL tip II R cu 3 straturi \u0219i 3 pliuri prins\u0103 cu elastic. Prevazut\u0103 cu clem\u0103 nazal\u0103 din aluminiu acoperit cu PVC, polipropilen\u0103 ne\u021besut\u0103. Propriet\u0103\u021bi: neiritant\u0103, asigur\u0103&#8230;<\/p>","protected":false},"featured_media":1695,"comment_status":"open","ping_status":"closed","template":"","meta":[],"product_brand":[],"product_cat":[33,34],"product_tag":[574,570,569],"class_list":{"0":"post-339","1":"product","2":"type-product","3":"status-publish","4":"has-post-thumbnail","6":"product_cat-protectie","7":"product_cat-protectie-uf","8":"product_tag-masti-chirurgicale-3-pliuri-cu-elastic","9":"product_tag-protectie-axiomed","10":"product_tag-protectie-unica-folosinta","12":"first","13":"instock","14":"taxable","15":"shipping-taxable","16":"purchasable","17":"product-type-simple"},"_links":{"self":[{"href":"https:\/\/axiomed.ro\/en\/wp-json\/wp\/v2\/product\/339","targetHints":{"allow":["GET"]}}],"collection":[{"href":"https:\/\/axiomed.ro\/en\/wp-json\/wp\/v2\/product"}],"about":[{"href":"https:\/\/axiomed.ro\/en\/wp-json\/wp\/v2\/types\/product"}],"replies":[{"embeddable":true,"href":"https:\/\/axiomed.ro\/en\/wp-json\/wp\/v2\/comments?post=339"}],"wp:featuredmedia":[{"embeddable":true,"href":"https:\/\/axiomed.ro\/en\/wp-json\/wp\/v2\/media\/1695"}],"wp:attachment":[{"href":"https:\/\/axiomed.ro\/en\/wp-json\/wp\/v2\/media?parent=339"}],"wp:term":[{"taxonomy":"product_brand","embeddable":true,"href":"https:\/\/axiomed.ro\/en\/wp-json\/wp\/v2\/product_brand?post=339"},{"taxonomy":"product_cat","embeddable":true,"href":"https:\/\/axiomed.ro\/en\/wp-json\/wp\/v2\/product_cat?post=339"},{"taxonomy":"product_tag","embeddable":true,"href":"https:\/\/axiomed.ro\/en\/wp-json\/wp\/v2\/product_tag?post=339"}],"curies":[{"name":"wp","href":"https:\/\/api.w.org\/{rel}","templated":true}]}}