{"id":342,"date":"2017-05-15T11:01:45","date_gmt":"2017-05-15T11:01:45","guid":{"rendered":"http:\/\/axiomed.ro\/?post_type=product&#038;p=342"},"modified":"2024-12-29T20:29:40","modified_gmt":"2024-12-29T17:29:40","slug":"microcentrifuga-mpw-55","status":"publish","type":"product","link":"https:\/\/axiomed.ro\/en\/shop\/microcentrifuga-mpw-55\/","title":{"rendered":"Microcentrifuge MPW-55"},"content":{"rendered":"<p>Microcentrifuge MPW-55<\/p>\n<p>Features<\/p>\n<ul>\n<li>maintenance-free induction motor<\/li>\n<li>- modern software system<\/li>\n<li>9 operating programs<\/li>\n<li>LCD display<\/li>\n<li>RPM\/RCF adjustment<\/li>\n<li>- 3 acceleration\/deceleration curve<\/li>\n<li>easy to operate<\/li>\n<li>- spin time adjustment<\/li>\n<li>continuous operating mode<\/li>\n<li>- \"SHORT\" operating mode<\/li>\n<li>Small size Safety<\/li>\n<li>imbalance warning<\/li>\n<li>cover lock during rotor operation<\/li>\n<li>emergency lid release<\/li>\n<\/ul>\n<p>Manufactured in accordance with international safety standards EN-61010-1 and EN-61010-2-020<\/p>","protected":false},"excerpt":{"rendered":"<p>Microcentrifug\u0103 MPW-55 Caracteristici; motor cu induc\u021bie, f\u0103r\u0103 necesitate de \u00eentre\u021binere sistem software modern 9 programe de operare afi\u0219aj LCD ajustare RPM\/RCF 3 curbe accelerare\/decelerare u\u0219or de operat ajustare timp de&#8230;<\/p>","protected":false},"featured_media":2030,"comment_status":"open","ping_status":"closed","template":"","meta":[],"product_brand":[],"product_cat":[25,24],"product_tag":[558,557,560],"class_list":{"0":"post-342","1":"product","2":"type-product","3":"status-publish","4":"has-post-thumbnail","6":"product_cat-aparatura-explorari-diagnostic","7":"product_cat-echipamente-medicale","8":"product_tag-aparatura-diagnostic-aparatura-axiomed","9":"product_tag-aparatura-exploatari","10":"product_tag-multicentrifuga-mpw","12":"first","13":"instock","14":"taxable","15":"shipping-taxable","16":"product-type-simple"},"_links":{"self":[{"href":"https:\/\/axiomed.ro\/en\/wp-json\/wp\/v2\/product\/342","targetHints":{"allow":["GET"]}}],"collection":[{"href":"https:\/\/axiomed.ro\/en\/wp-json\/wp\/v2\/product"}],"about":[{"href":"https:\/\/axiomed.ro\/en\/wp-json\/wp\/v2\/types\/product"}],"replies":[{"embeddable":true,"href":"https:\/\/axiomed.ro\/en\/wp-json\/wp\/v2\/comments?post=342"}],"wp:featuredmedia":[{"embeddable":true,"href":"https:\/\/axiomed.ro\/en\/wp-json\/wp\/v2\/media\/2030"}],"wp:attachment":[{"href":"https:\/\/axiomed.ro\/en\/wp-json\/wp\/v2\/media?parent=342"}],"wp:term":[{"taxonomy":"product_brand","embeddable":true,"href":"https:\/\/axiomed.ro\/en\/wp-json\/wp\/v2\/product_brand?post=342"},{"taxonomy":"product_cat","embeddable":true,"href":"https:\/\/axiomed.ro\/en\/wp-json\/wp\/v2\/product_cat?post=342"},{"taxonomy":"product_tag","embeddable":true,"href":"https:\/\/axiomed.ro\/en\/wp-json\/wp\/v2\/product_tag?post=342"}],"curies":[{"name":"wp","href":"https:\/\/api.w.org\/{rel}","templated":true}]}}