{"id":343,"date":"2017-05-15T11:02:41","date_gmt":"2017-05-15T11:02:41","guid":{"rendered":"http:\/\/axiomed.ro\/?post_type=product&#038;p=343"},"modified":"2023-03-14T15:39:52","modified_gmt":"2023-03-14T12:39:52","slug":"microperfuzoare-fluturasi","status":"publish","type":"product","link":"https:\/\/axiomed.ro\/en\/shop\/microperfuzoare-fluturasi\/","title":{"rendered":"Micro-flowers (flyers)"},"content":{"rendered":"<p>Device for peripheral venous catheterization.<\/p>\n<p>Features<\/p>\n<ul>\n<li>Composed of an intravenous cannula, two fins and a tube with a stopper facilitating their use for intermittent intravenous administration.<\/li>\n<li>The fins are made of a soft PVC material for easy handling;<\/li>\n<li>They are colored differently, depending on the diameter of the cannula (the diameter is indicated on the fins),<\/li>\n<li>The tube is made of PVC, non-toxic, non-pyrogenic<\/li>\n<li>Sterile, disposable<\/li>\n<\/ul>\n<p>Packaging:<\/p>\n<ul>\n<li>Individually in materials impermeable to microorganisms,<\/li>\n<li>with transparent, soft, non-toxic polyethylene protective packaging;<\/li>\n<li>100 pcs\/box<\/li>\n<\/ul>\n<p>Sizes: 19G, 20G, 21G, 21G, 22G, 23G, 24G, 25G, 27G<\/p>\n<p>SOLD IN UNDIVIDABLE BOX OF 100 PIECES<\/p>\n<p>DISPLAYED PRICE \/ BOX<\/p>\n<p>Lot no., date of manufacture, expiry date, manufacturer, CE mark<\/p>","protected":false},"excerpt":{"rendered":"<p>Dispozitiv pentru cateterizare venoas\u0103 periferic\u0103. Caracteristici: Compus din canul\u0103 intravenoas\u0103, dou\u0103 aripioare \u0219i un tub prev\u0103zut cu dop ce faciliteaz\u0103 folosirea lor pentru administrare intravenoas\u0103 intermitent\u0103. Aripioarele sunt confec\u021bionate dintr-un&#8230;<\/p>","protected":false},"featured_media":2024,"comment_status":"open","ping_status":"closed","template":"","meta":[],"product_brand":[],"product_cat":[26,29],"product_tag":[421,420,419,422],"class_list":{"0":"post-343","1":"product","2":"type-product","3":"status-publish","4":"has-post-thumbnail","6":"product_cat-consumabile-medicale","7":"product_cat-medicina-generala","8":"product_tag-dispozitiv-pentru-cateterizare-venoasa-periferica","9":"product_tag-fluturasi","10":"product_tag-microperfuzoare","11":"product_tag-microperfuzoare-axiomed","13":"first","14":"instock","15":"taxable","16":"shipping-taxable","17":"purchasable","18":"product-type-simple"},"_links":{"self":[{"href":"https:\/\/axiomed.ro\/en\/wp-json\/wp\/v2\/product\/343","targetHints":{"allow":["GET"]}}],"collection":[{"href":"https:\/\/axiomed.ro\/en\/wp-json\/wp\/v2\/product"}],"about":[{"href":"https:\/\/axiomed.ro\/en\/wp-json\/wp\/v2\/types\/product"}],"replies":[{"embeddable":true,"href":"https:\/\/axiomed.ro\/en\/wp-json\/wp\/v2\/comments?post=343"}],"wp:featuredmedia":[{"embeddable":true,"href":"https:\/\/axiomed.ro\/en\/wp-json\/wp\/v2\/media\/2024"}],"wp:attachment":[{"href":"https:\/\/axiomed.ro\/en\/wp-json\/wp\/v2\/media?parent=343"}],"wp:term":[{"taxonomy":"product_brand","embeddable":true,"href":"https:\/\/axiomed.ro\/en\/wp-json\/wp\/v2\/product_brand?post=343"},{"taxonomy":"product_cat","embeddable":true,"href":"https:\/\/axiomed.ro\/en\/wp-json\/wp\/v2\/product_cat?post=343"},{"taxonomy":"product_tag","embeddable":true,"href":"https:\/\/axiomed.ro\/en\/wp-json\/wp\/v2\/product_tag?post=343"}],"curies":[{"name":"wp","href":"https:\/\/api.w.org\/{rel}","templated":true}]}}