{"id":347,"date":"2017-05-15T11:07:38","date_gmt":"2017-05-15T11:07:38","guid":{"rendered":"http:\/\/axiomed.ro\/?post_type=product&#038;p=347"},"modified":"2023-03-14T17:14:01","modified_gmt":"2023-03-14T14:14:01","slug":"neonat-kit-de-diagnostic-rapid","status":"publish","type":"product","link":"https:\/\/axiomed.ro\/en\/shop\/neonat-kit-de-diagnostic-rapid\/","title":{"rendered":"NEONATAL WELL D-ONE - KIT FOR PRESUMPTIVE IDENTIFICATION OF MICROORGANISMS IN NEONATAL INFECTIONS"},"content":{"rendered":"<p>Rapid diagnostic kit for presumptive identification of pathogens in clinical syndrome characterized by signs and symptoms of systemic infection manifested in the first 28 days after birth (infant \/ mother)<\/p>\n<p>System consisting of a polypropylene plate containing 32 wells, designed for better visualization of colorimetric reactions occurring as a result of the growth of microorganisms in a specially formulated medium for selective growth of:\u00a0<strong>streptococcus agalactiae, escherichia coli, enterococcus spp., haemophilus influenzae, acinetobacter spp. , gruparea kes, enterobacter spp. , streptococcus pneumoniae, listeria spp. , staphylococcus aureus \/ mrsa, mycoplasma hominis, ureaplasma urealyticum \/parvum.<\/strong><\/p>\n<p>Antibiogram:<strong> erythromycin, clindamycin, cefotaxime vancomycin meropenem<\/strong><\/p>\n<p>Production Italy<br \/>\nDisplayed price \/ kit 10 tests<br \/>\nPackaging: 10 tests \/ kit<\/p>\n<p>&nbsp;<\/p>\n<p><strong>THE PRODUCT IS SOLD EXCLUSIVELY TO SPECIALIZED LEGAL ENTITIES (MEDICAL CLINICS, MEDICAL LABORATORIES, FAMILY DOCTORS, ETC).<\/strong><\/p>","protected":false},"excerpt":{"rendered":"<p>Kit de diagnostic rapid pentru identificarea prezumtiv\u0103 a agen\u021bilor patogeni \u00een sindromul clinic caracterizat prin semne \u0219i simptome de infec\u021bie sistemic\u0103 manifestat\u0103 \u00een primele 28 de zile dup\u0103 nastere (copil&#8230;<\/p>","protected":false},"featured_media":1308,"comment_status":"open","ping_status":"closed","template":"","meta":[],"product_brand":[],"product_cat":[17,20],"product_tag":[39,256,257],"class_list":{"0":"post-347","1":"product","2":"type-product","3":"status-publish","4":"has-post-thumbnail","6":"product_cat-diagnostic-laborator","7":"product_cat-microbiologie","8":"product_tag-diagnostic-laborator","9":"product_tag-microbiologie","10":"product_tag-neonatal","12":"first","13":"instock","14":"taxable","15":"shipping-taxable","16":"purchasable","17":"product-type-simple"},"_links":{"self":[{"href":"https:\/\/axiomed.ro\/en\/wp-json\/wp\/v2\/product\/347","targetHints":{"allow":["GET"]}}],"collection":[{"href":"https:\/\/axiomed.ro\/en\/wp-json\/wp\/v2\/product"}],"about":[{"href":"https:\/\/axiomed.ro\/en\/wp-json\/wp\/v2\/types\/product"}],"replies":[{"embeddable":true,"href":"https:\/\/axiomed.ro\/en\/wp-json\/wp\/v2\/comments?post=347"}],"wp:featuredmedia":[{"embeddable":true,"href":"https:\/\/axiomed.ro\/en\/wp-json\/wp\/v2\/media\/1308"}],"wp:attachment":[{"href":"https:\/\/axiomed.ro\/en\/wp-json\/wp\/v2\/media?parent=347"}],"wp:term":[{"taxonomy":"product_brand","embeddable":true,"href":"https:\/\/axiomed.ro\/en\/wp-json\/wp\/v2\/product_brand?post=347"},{"taxonomy":"product_cat","embeddable":true,"href":"https:\/\/axiomed.ro\/en\/wp-json\/wp\/v2\/product_cat?post=347"},{"taxonomy":"product_tag","embeddable":true,"href":"https:\/\/axiomed.ro\/en\/wp-json\/wp\/v2\/product_tag?post=347"}],"curies":[{"name":"wp","href":"https:\/\/api.w.org\/{rel}","templated":true}]}}