{"id":3516,"date":"2020-03-30T14:15:47","date_gmt":"2020-03-30T14:15:47","guid":{"rendered":"http:\/\/axiomed.ro\/?post_type=product&#038;p=3516"},"modified":"2022-01-27T12:23:55","modified_gmt":"2022-01-27T12:23:55","slug":"covid-19-igmigg-test-rapid-detectie-coronavirus","status":"publish","type":"product","link":"https:\/\/axiomed.ro\/en\/shop\/covid-19-igmigg-test-rapid-detectie-coronavirus\/","title":{"rendered":"Covid-19 IGM\/IGG Rapid Coronavirus Antibody Test"},"content":{"rendered":"<p>The COVID-19 IgG\/IgM plus lateral flow chromatographic immunoassay for the qualitative detection of anti-SARS-CoV-2 IgG and IgM in human whole blood, serum or plasma specimens of symptomatic patients.In the early stages of infection (3 to 7 days after onset of symptoms) and anti-SARS-CoV-2 IgG IgM may be below the detection limit of the test. This test is intended for use as an aid in the diagnosis of SARS-CoV-2 . The testing procedure is not automated and does not require any special training or skill. NADAL\u00ae COVID-19<br \/>\nIgG\/IgM Test is designed for professional use only.<\/p>\n<p>Packaging:<\/p>\n<ul>\n<li>25 NADAL\u00ae COVID-19 IgG\/IgM* test cassettes;<\/li>\n<li>25 disposable pipettes (5 \u00b5L)<\/li>\n<li>25 Additional lancets (for finger prick whole blood samples only),<\/li>\n<li>25 alcohol swabs<\/li>\n<li>1 buffer (3ml)<\/li>\n<li>User manual<\/li>\n<\/ul>\n<p><strong>DETECT THE PRESENCE OF ANTIBODIES POST VACCINATION COVID<br \/>\nANMDM APPROVED TEST<br \/>\nPrice per kit (25 tests)<\/p>","protected":false},"excerpt":{"rendered":"<p>Testul COVID-19 IgG \/ IgM plus test imunologic cromatografic in flux lateral pentru detectarea calitativ\u0103 a anti-SARS-CoV-2 IgG \u0219i IgM \u00een s\u00e2nge \u00eentreg uman, ser sau epruvete plasmatice ale pacien\u021bilor&#8230;<\/p>","protected":false},"featured_media":1453,"comment_status":"open","ping_status":"closed","template":"","meta":[],"product_brand":[],"product_cat":[17,23],"product_tag":[1266,1265,1267,1268,1269,1270],"class_list":{"0":"post-3516","1":"product","2":"type-product","3":"status-publish","4":"has-post-thumbnail","6":"product_cat-diagnostic-laborator","7":"product_cat-teste-rapide","8":"product_tag-coronavirus","9":"product_tag-covid","10":"product_tag-test-rapid-covid-19","11":"product_tag-teste-rapid-coronavirus","12":"product_tag-teste-rapide-coronavirus","13":"product_tag-teste-rapide-covid-19","15":"first","16":"instock","17":"sale","18":"purchasable","19":"product-type-simple"},"_links":{"self":[{"href":"https:\/\/axiomed.ro\/en\/wp-json\/wp\/v2\/product\/3516","targetHints":{"allow":["GET"]}}],"collection":[{"href":"https:\/\/axiomed.ro\/en\/wp-json\/wp\/v2\/product"}],"about":[{"href":"https:\/\/axiomed.ro\/en\/wp-json\/wp\/v2\/types\/product"}],"replies":[{"embeddable":true,"href":"https:\/\/axiomed.ro\/en\/wp-json\/wp\/v2\/comments?post=3516"}],"wp:featuredmedia":[{"embeddable":true,"href":"https:\/\/axiomed.ro\/en\/wp-json\/wp\/v2\/media\/1453"}],"wp:attachment":[{"href":"https:\/\/axiomed.ro\/en\/wp-json\/wp\/v2\/media?parent=3516"}],"wp:term":[{"taxonomy":"product_brand","embeddable":true,"href":"https:\/\/axiomed.ro\/en\/wp-json\/wp\/v2\/product_brand?post=3516"},{"taxonomy":"product_cat","embeddable":true,"href":"https:\/\/axiomed.ro\/en\/wp-json\/wp\/v2\/product_cat?post=3516"},{"taxonomy":"product_tag","embeddable":true,"href":"https:\/\/axiomed.ro\/en\/wp-json\/wp\/v2\/product_tag?post=3516"}],"curies":[{"name":"wp","href":"https:\/\/api.w.org\/{rel}","templated":true}]}}