{"id":366,"date":"2017-05-15T12:33:19","date_gmt":"2017-05-15T12:33:19","guid":{"rendered":"http:\/\/axiomed.ro\/?post_type=product&#038;p=366"},"modified":"2024-10-16T10:24:09","modified_gmt":"2024-10-16T07:24:09","slug":"recoltor-exudat-faringian-in-tubsteril","status":"publish","type":"product","link":"https:\/\/axiomed.ro\/en\/shop\/recoltor-exudat-faringian-in-tubsteril\/","title":{"rendered":"Pharyngeal exudate collector in sterile tube"},"content":{"rendered":"<p>Pharyngeal exudate swab,<\/p>\n<p>Description:<\/p>\n<ul>\n<li>13x175mm,<\/li>\n<li>wooden rod + cotton,<\/li>\n<li>sterilized with ethylene oxide,<\/li>\n<li>in labeled tube.<\/li>\n<li>Packaging: 100 pcs\/bag<\/li>\n<\/ul>\n<p>Lot no., date of manufacture, expiry date, manufacturer, CE mark<\/p>\n<p>DISPLAYED PRICE \/ BOX 100 PCS<\/p>","protected":false},"excerpt":{"rendered":"<p>Tampon recoltor exudat faringian, Descriere: 13x175mm, tij\u0103 din lemn + bumbac, sterilizat cu oxid de etilena, \u00een tub cu etichet\u0103. Mod ambalare:\u00a0 100 buc\/pung\u0103 Marcaj nr.lot, data fabrica\u021biei, data expir\u0103rii,&#8230;<\/p>","protected":false},"featured_media":1946,"comment_status":"open","ping_status":"closed","template":"","meta":[],"product_brand":[],"product_cat":[26,28],"product_tag":[362,361,360],"class_list":{"0":"post-366","1":"product","2":"type-product","3":"status-publish","4":"has-post-thumbnail","6":"product_cat-consumabile-medicale","7":"product_cat-laborator","8":"product_tag-exudat-faringian-axiomed","9":"product_tag-recoltor-exudat-faringian-in-tub","10":"product_tag-tampon-recoltor-exudat-faringian","12":"first","13":"instock","14":"taxable","15":"shipping-taxable","16":"purchasable","17":"product-type-simple"},"_links":{"self":[{"href":"https:\/\/axiomed.ro\/en\/wp-json\/wp\/v2\/product\/366","targetHints":{"allow":["GET"]}}],"collection":[{"href":"https:\/\/axiomed.ro\/en\/wp-json\/wp\/v2\/product"}],"about":[{"href":"https:\/\/axiomed.ro\/en\/wp-json\/wp\/v2\/types\/product"}],"replies":[{"embeddable":true,"href":"https:\/\/axiomed.ro\/en\/wp-json\/wp\/v2\/comments?post=366"}],"wp:featuredmedia":[{"embeddable":true,"href":"https:\/\/axiomed.ro\/en\/wp-json\/wp\/v2\/media\/1946"}],"wp:attachment":[{"href":"https:\/\/axiomed.ro\/en\/wp-json\/wp\/v2\/media?parent=366"}],"wp:term":[{"taxonomy":"product_brand","embeddable":true,"href":"https:\/\/axiomed.ro\/en\/wp-json\/wp\/v2\/product_brand?post=366"},{"taxonomy":"product_cat","embeddable":true,"href":"https:\/\/axiomed.ro\/en\/wp-json\/wp\/v2\/product_cat?post=366"},{"taxonomy":"product_tag","embeddable":true,"href":"https:\/\/axiomed.ro\/en\/wp-json\/wp\/v2\/product_tag?post=366"}],"curies":[{"name":"wp","href":"https:\/\/api.w.org\/{rel}","templated":true}]}}