{"id":3877,"date":"2020-10-09T11:32:58","date_gmt":"2020-10-09T11:32:58","guid":{"rendered":"http:\/\/axiomed.ro\/?post_type=product&#038;p=3877"},"modified":"2025-03-11T09:57:37","modified_gmt":"2025-03-11T07:57:37","slug":"aseptoman-med-10l","status":"publish","type":"product","link":"https:\/\/axiomed.ro\/en\/shop\/aseptoman-med-10l\/","title":{"rendered":"Decontaman Servetele"},"content":{"rendered":"<p>Servetele antimicrobiene pentru curatarea tegumentelor.<\/p>\n<p>Practice \u0219i usor de utilizat, din material ne\u021besut, nu necesit\u0103 cl\u0103tire, pot fi \u00eenc\u0103lzite la microunde<br \/>\nPentru cur\u0103\u021barea antimicrobian\u0103, preoperatorie, f\u0103r\u0103 cl\u0103tire<br \/>\nSpectru larg de eficacitate \u00eempotriva bacteriilor, inclusiv a germenilor multirezisten\u021bi (MDRO) .<\/p>\n<p>DECONTAMAN PRE WIPES sunt \u0219erve\u021bele gata de utilizare, pentru cur\u0103\u021barea delicat\u0103, antimicrobian\u0103 a pielii. \u0218erve\u021belele de dimensiuni mari, sunt fabricate din material ne\u021besut rezistent \u0219i prietenos cu pielea \u0219i sunt impregnate cu solu\u021bie dezinfectant\u0103 ce con\u021bine 2% clorhexidin\u0103. Nu este necesar\u0103 cl\u0103tirea dup\u0103 cur\u0103\u021barea cu DECONTAMAN PRE WIPES. Datorit\u0103 stratului de ingrediente active dezinfectante ce r\u0103m\u00e2ne pe piele, este asigurat\u0103 o ac\u021biune antibacterian\u0103 rezidual\u0103 de 24 ore.<\/p>\n<p>DECONTAMAN PRE WIPES sunt recomandate pentru cur\u0103\u021barea rapid\u0103 \u0219i eficient\u0103 a pielii colonizate cu MDRO \u0219i poate fi utilizat\u0103 \u0219i pentru preg\u0103tirea preoperatorie a pacien\u021bilor.<\/p>\n<p>Prezinta declaratie de conformitate, fisa de produs si fisa de securitate.<\/p>\n<p>Pret afisat \/ pachet cu 10 servetele.<\/p>\n<p>Productie: Germania<\/p>\n<p>&nbsp;<\/p>","protected":false},"excerpt":{"rendered":"<p>Servetele antimicrobiene pentru curatarea tegumentelor. Practice \u0219i usor de utilizat, din material ne\u021besut, nu necesit\u0103 cl\u0103tire, pot fi \u00eenc\u0103lzite la microunde Pentru cur\u0103\u021barea antimicrobian\u0103, preoperatorie, f\u0103r\u0103 cl\u0103tire Spectru larg de&#8230;<\/p>","protected":false},"featured_media":10276,"comment_status":"open","ping_status":"closed","template":"","meta":[],"product_brand":[],"product_cat":[27,319],"product_tag":[1605,1394,268,722,1606],"class_list":{"0":"post-3877","1":"product","2":"type-product","3":"status-publish","4":"has-post-thumbnail","6":"product_cat-dezinfectanti","7":"product_cat-tegumente","8":"product_tag-clorhexidina","9":"product_tag-dezinfectant","10":"product_tag-dezinfectant-pentru-maini","11":"product_tag-dezinfectanti-tegumente","12":"product_tag-servetele-dezinfectante","14":"first","15":"instock","16":"featured","17":"taxable","18":"shipping-taxable","19":"purchasable","20":"product-type-simple"},"_links":{"self":[{"href":"https:\/\/axiomed.ro\/en\/wp-json\/wp\/v2\/product\/3877","targetHints":{"allow":["GET"]}}],"collection":[{"href":"https:\/\/axiomed.ro\/en\/wp-json\/wp\/v2\/product"}],"about":[{"href":"https:\/\/axiomed.ro\/en\/wp-json\/wp\/v2\/types\/product"}],"replies":[{"embeddable":true,"href":"https:\/\/axiomed.ro\/en\/wp-json\/wp\/v2\/comments?post=3877"}],"wp:featuredmedia":[{"embeddable":true,"href":"https:\/\/axiomed.ro\/en\/wp-json\/wp\/v2\/media\/10276"}],"wp:attachment":[{"href":"https:\/\/axiomed.ro\/en\/wp-json\/wp\/v2\/media?parent=3877"}],"wp:term":[{"taxonomy":"product_brand","embeddable":true,"href":"https:\/\/axiomed.ro\/en\/wp-json\/wp\/v2\/product_brand?post=3877"},{"taxonomy":"product_cat","embeddable":true,"href":"https:\/\/axiomed.ro\/en\/wp-json\/wp\/v2\/product_cat?post=3877"},{"taxonomy":"product_tag","embeddable":true,"href":"https:\/\/axiomed.ro\/en\/wp-json\/wp\/v2\/product_tag?post=3877"}],"curies":[{"name":"wp","href":"https:\/\/api.w.org\/{rel}","templated":true}]}}