{"id":408,"date":"2017-05-15T13:17:18","date_gmt":"2017-05-15T13:17:18","guid":{"rendered":"http:\/\/axiomed.ro\/?post_type=product&#038;p=408"},"modified":"2024-12-29T20:28:48","modified_gmt":"2024-12-29T17:28:48","slug":"test-rapid-e-coli-o157-2","status":"publish","type":"product","link":"https:\/\/axiomed.ro\/en\/shop\/test-rapid-e-coli-o157-2\/","title":{"rendered":"Rapid test E.COLI O157"},"content":{"rendered":"<p>The E. coli O157 rapid test is a rapid chromatographic immunoassay for the qualitative detection of E. coli O157 antigens in human feces to aid in the diagnosis of E. coli infections.<\/p>\n<p><em><strong>Exclusively for professional use<\/strong><\/em><br \/>\nKit contains<\/p>\n<ul>\n<li>10 cassettes E.coli O157<\/li>\n<li>Instructions for use<\/li>\n<li>10 sample collection bottles with swab<\/li>\n<\/ul>\n<p>Sensitivity: Detection of E. coli O157:H7 showed 100% accuracy in sensitivity.<\/p>\n<p>Specificity: Detection of E. coli O157:H7 showed 85% accuracy in specificity.<br \/>\nPPV showed 70% and NPV showed 100%.<br \/>\nAccuracy: Detection of E. coli O157:H7 showed an accuracy of 94%.<br \/>\nPacking: 10 tests \/ kit<br \/>\nDisplayed price \/ kit<br \/>\nMarcaj CE, termen valabilitate, nr.lot,<\/p>\n<p>Manufacturer Germany.<\/p>\n<p><strong>THE PRODUCT IS SOLD EXCLUSIVELY TO SPECIALIZED LEGAL ENTITIES (MEDICAL CLINICS, MEDICAL LABORATORIES, FAMILY DOCTORS, ETC).<\/strong><\/p>\n<p>&nbsp;<\/p>","protected":false},"excerpt":{"rendered":"<p>Testul rapid E. coli O157 este o imunoanaliz\u0103 rapid\u0103 cromatografic\u0103 pentru detectarea calitativ\u0103 a E. coli O157 antigeni \u00een materiile fecale umane pentru a ajuta la diagnosticul infec\u021biilor cu E&#8230;.<\/p>","protected":false},"featured_media":1453,"comment_status":"open","ping_status":"closed","template":"","meta":[],"product_brand":[],"product_cat":[17,23],"product_tag":[552,232,503],"class_list":{"0":"post-408","1":"product","2":"type-product","3":"status-publish","4":"has-post-thumbnail","6":"product_cat-diagnostic-laborator","7":"product_cat-teste-rapide","8":"product_tag-test-rapid-e-coli","9":"product_tag-teste-rapide","10":"product_tag-teste-rapide-axiomed","12":"first","13":"instock","14":"taxable","15":"shipping-taxable","16":"purchasable","17":"product-type-simple"},"_links":{"self":[{"href":"https:\/\/axiomed.ro\/en\/wp-json\/wp\/v2\/product\/408","targetHints":{"allow":["GET"]}}],"collection":[{"href":"https:\/\/axiomed.ro\/en\/wp-json\/wp\/v2\/product"}],"about":[{"href":"https:\/\/axiomed.ro\/en\/wp-json\/wp\/v2\/types\/product"}],"replies":[{"embeddable":true,"href":"https:\/\/axiomed.ro\/en\/wp-json\/wp\/v2\/comments?post=408"}],"wp:featuredmedia":[{"embeddable":true,"href":"https:\/\/axiomed.ro\/en\/wp-json\/wp\/v2\/media\/1453"}],"wp:attachment":[{"href":"https:\/\/axiomed.ro\/en\/wp-json\/wp\/v2\/media?parent=408"}],"wp:term":[{"taxonomy":"product_brand","embeddable":true,"href":"https:\/\/axiomed.ro\/en\/wp-json\/wp\/v2\/product_brand?post=408"},{"taxonomy":"product_cat","embeddable":true,"href":"https:\/\/axiomed.ro\/en\/wp-json\/wp\/v2\/product_cat?post=408"},{"taxonomy":"product_tag","embeddable":true,"href":"https:\/\/axiomed.ro\/en\/wp-json\/wp\/v2\/product_tag?post=408"}],"curies":[{"name":"wp","href":"https:\/\/api.w.org\/{rel}","templated":true}]}}