{"id":409,"date":"2017-05-15T13:18:28","date_gmt":"2017-05-15T13:18:28","guid":{"rendered":"http:\/\/axiomed.ro\/?post_type=product&#038;p=409"},"modified":"2024-12-29T20:30:46","modified_gmt":"2024-12-29T17:30:46","slug":"test-rapid-syphilis","status":"publish","type":"product","link":"https:\/\/axiomed.ro\/en\/shop\/test-rapid-syphilis\/","title":{"rendered":"SYPHILIS rapid test"},"content":{"rendered":"<p>Rapid test based on the rapid chromatographic method for the qualitative detection of antibodies (IgG and IgM) and Treponema pallidum (T. pallidum) in whole blood, serum or plasma to aid in the diagnosis of syphilis.<\/p>\n<p><em><strong>Exclusively for professional use<\/strong><\/em><\/p>\n<p>Packaging: 20 tests \/ kit.<br \/>\nDisplayed price \/kit<\/p>\n<p>Kit contains<\/p>\n<ul>\n<li>20 cassettes,<\/li>\n<li>1 buffer.<\/li>\n<\/ul>\n<p>CE marking, batch no., production Germany.<\/p>\n<p><strong>THE PRODUCT IS SOLD EXCLUSIVELY TO SPECIALIZED LEGAL ENTITIES (MEDICAL CLINICS, MEDICAL LABORATORIES, FAMILY DOCTORS, ETC).<\/strong><\/p>\n<p>.<\/p>","protected":false},"excerpt":{"rendered":"<p>Testul rapid bazat pe metoda cromatografic\u0103\u00a0rapid\u0103 pentru detectarea calitativ\u0103 a anticorpilor (IgG si IgM) \u0219i Treponema pallidum (T. pallidum) \u00een s\u00e2nge integral, ser sau plasm\u0103 pentru a ajuta la diagnosticul&#8230;<\/p>","protected":false},"featured_media":1388,"comment_status":"open","ping_status":"closed","template":"","meta":[],"product_brand":[],"product_cat":[17,23],"product_tag":[550,551,232,503],"class_list":{"0":"post-409","1":"product","2":"type-product","3":"status-publish","4":"has-post-thumbnail","6":"product_cat-diagnostic-laborator","7":"product_cat-teste-rapide","8":"product_tag-test-rapid-sifilis","9":"product_tag-test-rapid-syphilis","10":"product_tag-teste-rapide","11":"product_tag-teste-rapide-axiomed","13":"first","14":"instock","15":"taxable","16":"shipping-taxable","17":"purchasable","18":"product-type-simple"},"_links":{"self":[{"href":"https:\/\/axiomed.ro\/en\/wp-json\/wp\/v2\/product\/409","targetHints":{"allow":["GET"]}}],"collection":[{"href":"https:\/\/axiomed.ro\/en\/wp-json\/wp\/v2\/product"}],"about":[{"href":"https:\/\/axiomed.ro\/en\/wp-json\/wp\/v2\/types\/product"}],"replies":[{"embeddable":true,"href":"https:\/\/axiomed.ro\/en\/wp-json\/wp\/v2\/comments?post=409"}],"wp:featuredmedia":[{"embeddable":true,"href":"https:\/\/axiomed.ro\/en\/wp-json\/wp\/v2\/media\/1388"}],"wp:attachment":[{"href":"https:\/\/axiomed.ro\/en\/wp-json\/wp\/v2\/media?parent=409"}],"wp:term":[{"taxonomy":"product_brand","embeddable":true,"href":"https:\/\/axiomed.ro\/en\/wp-json\/wp\/v2\/product_brand?post=409"},{"taxonomy":"product_cat","embeddable":true,"href":"https:\/\/axiomed.ro\/en\/wp-json\/wp\/v2\/product_cat?post=409"},{"taxonomy":"product_tag","embeddable":true,"href":"https:\/\/axiomed.ro\/en\/wp-json\/wp\/v2\/product_tag?post=409"}],"curies":[{"name":"wp","href":"https:\/\/api.w.org\/{rel}","templated":true}]}}