{"id":411,"date":"2017-05-15T13:20:03","date_gmt":"2017-05-15T10:20:03","guid":{"rendered":"http:\/\/axiomed.ro\/?post_type=product&#038;p=411"},"modified":"2024-12-29T20:29:40","modified_gmt":"2024-12-29T17:29:40","slug":"test-rapid-anti-hiv-%c2%bd","status":"publish","type":"product","link":"https:\/\/axiomed.ro\/en\/shop\/test-rapid-anti-hiv-%c2%bd\/","title":{"rendered":"ANTI-HIV \u00bd RAPID TEST BOX"},"content":{"rendered":"<p>The anti-HIV \u00bd cassette test is used as a diagnostic device for the qualitative immunochromatographic detection of HIV \u00bd viruses in human serum\/plasma.<br \/>\nHIV test device,<\/p>\n<p>Disposable plastic dropper,<\/p>\n<p><em><strong>Exclusively for professional use.<\/strong><\/em><\/p>\n<p>Packaging: 25 cassettes\/kit<br \/>\nCE marking, expiry date<br \/>\nDisplayed price \/ kit<br \/>\nManufacturer China<\/p>\n<p><strong>THE PRODUCT IS SOLD EXCLUSIVELY TO SPECIALIZED LEGAL ENTITIES (MEDICAL CLINICS, MEDICAL LABORATORIES, FAMILY DOCTORS, ETC).<\/strong><\/p>","protected":false},"excerpt":{"rendered":"<p>Testul anti-HIV \u00bd cu caset\u0103 este utilizat ca dispozitiv de diagnosticare pentru detectarea calitativ\u0103 a virusurilor HIV \u00bd pe baz\u0103 imunochromatografic\u0103 \u00een serul \/ plasma uman\u0103. Dispozitiv de testare anti-HIV,&#8230;<\/p>","protected":false},"featured_media":8082,"comment_status":"open","ping_status":"closed","template":"","meta":[],"product_brand":[],"product_cat":[17,23],"product_tag":[1404,547,232,503],"class_list":{"0":"post-411","1":"product","2":"type-product","3":"status-publish","4":"has-post-thumbnail","6":"product_cat-diagnostic-laborator","7":"product_cat-teste-rapide","8":"product_tag-hiv","9":"product_tag-test-rapid-hiv","10":"product_tag-teste-rapide","11":"product_tag-teste-rapide-axiomed","13":"first","14":"outofstock","15":"sale","16":"taxable","17":"shipping-taxable","18":"purchasable","19":"product-type-simple"},"_links":{"self":[{"href":"https:\/\/axiomed.ro\/en\/wp-json\/wp\/v2\/product\/411","targetHints":{"allow":["GET"]}}],"collection":[{"href":"https:\/\/axiomed.ro\/en\/wp-json\/wp\/v2\/product"}],"about":[{"href":"https:\/\/axiomed.ro\/en\/wp-json\/wp\/v2\/types\/product"}],"replies":[{"embeddable":true,"href":"https:\/\/axiomed.ro\/en\/wp-json\/wp\/v2\/comments?post=411"}],"wp:featuredmedia":[{"embeddable":true,"href":"https:\/\/axiomed.ro\/en\/wp-json\/wp\/v2\/media\/8082"}],"wp:attachment":[{"href":"https:\/\/axiomed.ro\/en\/wp-json\/wp\/v2\/media?parent=411"}],"wp:term":[{"taxonomy":"product_brand","embeddable":true,"href":"https:\/\/axiomed.ro\/en\/wp-json\/wp\/v2\/product_brand?post=411"},{"taxonomy":"product_cat","embeddable":true,"href":"https:\/\/axiomed.ro\/en\/wp-json\/wp\/v2\/product_cat?post=411"},{"taxonomy":"product_tag","embeddable":true,"href":"https:\/\/axiomed.ro\/en\/wp-json\/wp\/v2\/product_tag?post=411"}],"curies":[{"name":"wp","href":"https:\/\/api.w.org\/{rel}","templated":true}]}}