{"id":413,"date":"2017-05-15T13:21:31","date_gmt":"2017-05-15T10:21:31","guid":{"rendered":"http:\/\/axiomed.ro\/?post_type=product&#038;p=413"},"modified":"2023-10-12T10:45:34","modified_gmt":"2023-10-12T07:45:34","slug":"test-rapid-anti-hcv","status":"publish","type":"product","link":"https:\/\/axiomed.ro\/en\/shop\/test-rapid-anti-hcv\/","title":{"rendered":"ANTI-HCV TEST RAPID DETERMINARE HEPATITA C CASETA"},"content":{"rendered":"<p>The rapid anti-HCV test is a 4th generation test, which as a diagnostic device aims to qualitatively detect the hepatitis C virus on an immunochromatographic basis in human serum\/blood plasma.<\/p>\n<p><em><strong>Exclusively for professional use.<\/strong><\/em><\/p>\n<p>Minimum quantity : 1 kit<br \/>\nPackaging: 25 cassettes\/kit<br \/>\nCE marking, expiry date<br \/>\nDisplayed price \/ kit<br \/>\nManufacturer China<\/p>\n<p><strong>THE PRODUCT IS SOLD EXCLUSIVELY TO SPECIALIZED LEGAL ENTITIES (MEDICAL CLINICS, MEDICAL LABORATORIES, FAMILY DOCTORS, ETC).<\/strong><\/p>","protected":false},"excerpt":{"rendered":"<p>Testul rapid anti-HCV este un test de genera\u021bie a 4-a, care, ca dispozitiv de diagnosticare urm\u0103re\u0219te detectarea calitativ\u0103 a virusului hepatitei C pe baza imunochromatografic\u0103 \u00een serul \/ plasma s\u00e2ngelui&#8230;<\/p>","protected":false},"featured_media":8575,"comment_status":"open","ping_status":"closed","template":"","meta":[],"product_brand":[],"product_cat":[17,23],"product_tag":[546,232,503],"class_list":{"0":"post-413","1":"product","2":"type-product","3":"status-publish","4":"has-post-thumbnail","6":"product_cat-diagnostic-laborator","7":"product_cat-teste-rapide","8":"product_tag-test-rapid-anti-hcv","9":"product_tag-teste-rapide","10":"product_tag-teste-rapide-axiomed","12":"first","13":"outofstock","14":"taxable","15":"shipping-taxable","16":"purchasable","17":"product-type-simple"},"_links":{"self":[{"href":"https:\/\/axiomed.ro\/en\/wp-json\/wp\/v2\/product\/413","targetHints":{"allow":["GET"]}}],"collection":[{"href":"https:\/\/axiomed.ro\/en\/wp-json\/wp\/v2\/product"}],"about":[{"href":"https:\/\/axiomed.ro\/en\/wp-json\/wp\/v2\/types\/product"}],"replies":[{"embeddable":true,"href":"https:\/\/axiomed.ro\/en\/wp-json\/wp\/v2\/comments?post=413"}],"wp:featuredmedia":[{"embeddable":true,"href":"https:\/\/axiomed.ro\/en\/wp-json\/wp\/v2\/media\/8575"}],"wp:attachment":[{"href":"https:\/\/axiomed.ro\/en\/wp-json\/wp\/v2\/media?parent=413"}],"wp:term":[{"taxonomy":"product_brand","embeddable":true,"href":"https:\/\/axiomed.ro\/en\/wp-json\/wp\/v2\/product_brand?post=413"},{"taxonomy":"product_cat","embeddable":true,"href":"https:\/\/axiomed.ro\/en\/wp-json\/wp\/v2\/product_cat?post=413"},{"taxonomy":"product_tag","embeddable":true,"href":"https:\/\/axiomed.ro\/en\/wp-json\/wp\/v2\/product_tag?post=413"}],"curies":[{"name":"wp","href":"https:\/\/api.w.org\/{rel}","templated":true}]}}