{"id":414,"date":"2017-05-15T13:22:23","date_gmt":"2017-05-15T13:22:23","guid":{"rendered":"http:\/\/axiomed.ro\/?post_type=product&#038;p=414"},"modified":"2024-05-24T16:20:14","modified_gmt":"2024-05-24T13:20:14","slug":"test-rapid-anti-hcv-canada","status":"publish","type":"product","link":"https:\/\/axiomed.ro\/en\/shop\/test-rapid-anti-hcv-canada\/","title":{"rendered":"ANTI-HCV RAPID HEPATITIS C TEST ARTRON"},"content":{"rendered":"<p>The rapid anti-HCV test is a 4th generation test, which as a diagnostic device aims to qualitatively detect the hepatitis C virus on an immunochromatographic basis in human serum\/blood plasma.<\/p>\n<p><em><strong>Exclusively for professional in vitro diagnostic use<\/strong><\/em>.<\/p>\n<p>Minimum quantity : 1 kit<\/p>\n<p>Packaging: 25 cassettes\/kit<\/p>\n<p>CE marking, expiry date<\/p>\n<p>Displayed price \/ kit<\/p>\n<p>Manufacturer: Artron Canada<\/p>\n<p><strong>THE PRODUCT IS SOLD EXCLUSIVELY TO SPECIALIZED LEGAL ENTITIES (MEDICAL CLINICS, MEDICAL LABORATORIES, FAMILY DOCTORS, ETC).<\/strong><\/p>","protected":false},"excerpt":{"rendered":"<p>Testul rapid anti-HCV este un test de genera\u021bie a 4-a, care, ca dispozitiv de diagnosticare urm\u0103re\u0219te detectarea calitativ\u0103 a virusului hepatitei C pe baza imunochromatografic\u0103 \u00een serul \/ plasma s\u00e2ngelui&#8230;<\/p>","protected":false},"featured_media":1470,"comment_status":"open","ping_status":"closed","template":"","meta":[],"product_brand":[],"product_cat":[17,23],"product_tag":[1406,1405,546,232,503],"class_list":{"0":"post-414","1":"product","2":"type-product","3":"status-publish","4":"has-post-thumbnail","6":"product_cat-diagnostic-laborator","7":"product_cat-teste-rapide","8":"product_tag-hcv","9":"product_tag-hepatita-c","10":"product_tag-test-rapid-anti-hcv","11":"product_tag-teste-rapide","12":"product_tag-teste-rapide-axiomed","14":"first","15":"instock","16":"taxable","17":"shipping-taxable","18":"purchasable","19":"product-type-simple"},"_links":{"self":[{"href":"https:\/\/axiomed.ro\/en\/wp-json\/wp\/v2\/product\/414","targetHints":{"allow":["GET"]}}],"collection":[{"href":"https:\/\/axiomed.ro\/en\/wp-json\/wp\/v2\/product"}],"about":[{"href":"https:\/\/axiomed.ro\/en\/wp-json\/wp\/v2\/types\/product"}],"replies":[{"embeddable":true,"href":"https:\/\/axiomed.ro\/en\/wp-json\/wp\/v2\/comments?post=414"}],"wp:featuredmedia":[{"embeddable":true,"href":"https:\/\/axiomed.ro\/en\/wp-json\/wp\/v2\/media\/1470"}],"wp:attachment":[{"href":"https:\/\/axiomed.ro\/en\/wp-json\/wp\/v2\/media?parent=414"}],"wp:term":[{"taxonomy":"product_brand","embeddable":true,"href":"https:\/\/axiomed.ro\/en\/wp-json\/wp\/v2\/product_brand?post=414"},{"taxonomy":"product_cat","embeddable":true,"href":"https:\/\/axiomed.ro\/en\/wp-json\/wp\/v2\/product_cat?post=414"},{"taxonomy":"product_tag","embeddable":true,"href":"https:\/\/axiomed.ro\/en\/wp-json\/wp\/v2\/product_tag?post=414"}],"curies":[{"name":"wp","href":"https:\/\/api.w.org\/{rel}","templated":true}]}}