{"id":421,"date":"2017-05-15T13:27:17","date_gmt":"2017-05-15T13:27:17","guid":{"rendered":"http:\/\/axiomed.ro\/?post_type=product&#038;p=421"},"modified":"2025-01-21T15:08:19","modified_gmt":"2025-01-21T13:08:19","slug":"test-rapid-depistare-cancer-vezica-urinara-bca-hb","status":"publish","type":"product","link":"https:\/\/axiomed.ro\/en\/shop\/test-rapid-depistare-cancer-vezica-urinara-bca-hb\/","title":{"rendered":"Rapid Test for URINARY Bladder CANCER BCA \/ HB"},"content":{"rendered":"<p>The BCA\/HB rapid test to detect bladder cancer in urine. Immediate diagnosis in the field of bladder cancer screening from urine.<\/p>\n<p>Exposure time: 9 minutes.<\/p>\n<p><em><strong>Exclusively for professional use<\/strong><\/em><\/p>\n<ul>\n<li>Sensitivity: 97.1% against biopsy (G3 clinical sensitivity, BCA, HB)<\/li>\n<li>Specificity: 72% compared to biopsy (Group of patients previously diagnosed with bladder cancer)<\/li>\n<\/ul>\n<p>Provides rapid diagnosis of common cancers such as bladder, colon and prostate.<\/p>\n<p>Aceste teste rapide detecteaz\u0103 simultan antigenul de cancer de vezic\u0103 urinar\u0103 (hcFHrp) \u0219i hemoglobin\u0103.<\/p>\n<p>Packaging:<\/p>\n<ul>\n<li>10 individually wrapped cassettes;<\/li>\n<li>individually wrapped pipettes,<\/li>\n<li>10 urine collection containers,<\/li>\n<li>10 covers for urine collector,<\/li>\n<\/ul>\n<p>Displayed price \/kit<\/p>\n<p>CE marking, batch no., production Germany<\/p>\n<p><strong>THE PRODUCT IS SOLD EXCLUSIVELY TO SPECIALIZED LEGAL ENTITIES (MEDICAL CLINICS, MEDICAL LABORATORIES, FAMILY DOCTORS, ETC).<\/strong><\/p>","protected":false},"excerpt":{"rendered":"<p>Diagnostic imediat \u00een sfera de depistare a cancerului de vezic\u0103 urinar\u0103, din urin\u0103.<\/p>","protected":false},"featured_media":1482,"comment_status":"open","ping_status":"closed","template":"","meta":[],"product_brand":[],"product_cat":[17,23],"product_tag":[540,232,503],"class_list":{"0":"post-421","1":"product","2":"type-product","3":"status-publish","4":"has-post-thumbnail","6":"product_cat-diagnostic-laborator","7":"product_cat-teste-rapide","8":"product_tag-test-rapid-depistare-cancer-vezica-urinara","9":"product_tag-teste-rapide","10":"product_tag-teste-rapide-axiomed","12":"first","13":"instock","14":"taxable","15":"shipping-taxable","16":"purchasable","17":"product-type-simple"},"_links":{"self":[{"href":"https:\/\/axiomed.ro\/en\/wp-json\/wp\/v2\/product\/421","targetHints":{"allow":["GET"]}}],"collection":[{"href":"https:\/\/axiomed.ro\/en\/wp-json\/wp\/v2\/product"}],"about":[{"href":"https:\/\/axiomed.ro\/en\/wp-json\/wp\/v2\/types\/product"}],"replies":[{"embeddable":true,"href":"https:\/\/axiomed.ro\/en\/wp-json\/wp\/v2\/comments?post=421"}],"wp:featuredmedia":[{"embeddable":true,"href":"https:\/\/axiomed.ro\/en\/wp-json\/wp\/v2\/media\/1482"}],"wp:attachment":[{"href":"https:\/\/axiomed.ro\/en\/wp-json\/wp\/v2\/media?parent=421"}],"wp:term":[{"taxonomy":"product_brand","embeddable":true,"href":"https:\/\/axiomed.ro\/en\/wp-json\/wp\/v2\/product_brand?post=421"},{"taxonomy":"product_cat","embeddable":true,"href":"https:\/\/axiomed.ro\/en\/wp-json\/wp\/v2\/product_cat?post=421"},{"taxonomy":"product_tag","embeddable":true,"href":"https:\/\/axiomed.ro\/en\/wp-json\/wp\/v2\/product_tag?post=421"}],"curies":[{"name":"wp","href":"https:\/\/api.w.org\/{rel}","templated":true}]}}