{"id":422,"date":"2017-05-15T13:27:56","date_gmt":"2017-05-15T13:27:56","guid":{"rendered":"http:\/\/axiomed.ro\/?post_type=product&#038;p=422"},"modified":"2022-07-11T10:37:17","modified_gmt":"2022-07-11T07:37:17","slug":"test-rapid-enterovirus","status":"publish","type":"product","link":"https:\/\/axiomed.ro\/en\/shop\/test-rapid-enterovirus\/","title":{"rendered":"ENTEROVIRUS rapid test"},"content":{"rendered":"<p>Rapid test based on immunochromatographic method for the qualitative determination of enterovirus antigen in feces.<\/p>\n<p><em><strong>Exclusively for professional use<\/strong><\/em><\/p>\n<p>You can read the results after 10 min.<\/p>\n<p>Packaging: 10 tests \/ kit,<\/p>\n<p>Kit contains<\/p>\n<ul>\n<li>10 quick test cassettes,<\/li>\n<li>10 collection vial<\/li>\n<\/ul>\n<p>CE marking, batch no., production Germany.<\/p>\n<p>Displayed price \/kit<\/p>\n<p><strong>THE PRODUCT IS SOLD EXCLUSIVELY TO SPECIALIZED LEGAL ENTITIES (MEDICAL CLINICS, MEDICAL LABORATORIES, FAMILY DOCTORS, ETC).<\/strong><\/p>\n<p>&nbsp;<\/p>","protected":false},"excerpt":{"rendered":"<p>Test rapid bazat pe metoda imunocromatografic\u0103 de determinare calitativ\u0103 a antigenului enterovirus din materii fecale. Exclusiv pentru uz profesional Citirea rezultatelor se poate face dup\u0103 10 min. Mod de ambalare:&#8230;<\/p>","protected":false},"featured_media":1453,"comment_status":"open","ping_status":"closed","template":"","meta":[],"product_brand":[],"product_cat":[17,23],"product_tag":[539,232,503],"class_list":{"0":"post-422","1":"product","2":"type-product","3":"status-publish","4":"has-post-thumbnail","6":"product_cat-diagnostic-laborator","7":"product_cat-teste-rapide","8":"product_tag-test-rapid-enterovirus","9":"product_tag-teste-rapide","10":"product_tag-teste-rapide-axiomed","12":"first","13":"instock","14":"taxable","15":"shipping-taxable","16":"purchasable","17":"product-type-simple"},"_links":{"self":[{"href":"https:\/\/axiomed.ro\/en\/wp-json\/wp\/v2\/product\/422","targetHints":{"allow":["GET"]}}],"collection":[{"href":"https:\/\/axiomed.ro\/en\/wp-json\/wp\/v2\/product"}],"about":[{"href":"https:\/\/axiomed.ro\/en\/wp-json\/wp\/v2\/types\/product"}],"replies":[{"embeddable":true,"href":"https:\/\/axiomed.ro\/en\/wp-json\/wp\/v2\/comments?post=422"}],"wp:featuredmedia":[{"embeddable":true,"href":"https:\/\/axiomed.ro\/en\/wp-json\/wp\/v2\/media\/1453"}],"wp:attachment":[{"href":"https:\/\/axiomed.ro\/en\/wp-json\/wp\/v2\/media?parent=422"}],"wp:term":[{"taxonomy":"product_brand","embeddable":true,"href":"https:\/\/axiomed.ro\/en\/wp-json\/wp\/v2\/product_brand?post=422"},{"taxonomy":"product_cat","embeddable":true,"href":"https:\/\/axiomed.ro\/en\/wp-json\/wp\/v2\/product_cat?post=422"},{"taxonomy":"product_tag","embeddable":true,"href":"https:\/\/axiomed.ro\/en\/wp-json\/wp\/v2\/product_tag?post=422"}],"curies":[{"name":"wp","href":"https:\/\/api.w.org\/{rel}","templated":true}]}}