{"id":424,"date":"2017-05-15T13:30:44","date_gmt":"2017-05-15T13:30:44","guid":{"rendered":"http:\/\/axiomed.ro\/?post_type=product&#038;p=424"},"modified":"2022-07-11T10:28:03","modified_gmt":"2022-07-11T07:28:03","slug":"test-rapid-giardia-crypto-2","status":"publish","type":"product","link":"https:\/\/axiomed.ro\/en\/shop\/test-rapid-giardia-crypto-2\/","title":{"rendered":"Quick test GIARDIA CRYPTO"},"content":{"rendered":"<p>Rapid test based on immunochromatographic method for the simultaneous qualitative determination of antigens for GIARDIA LAMBILIA ZYSTEN and CRYPTOSPORIDIUM in samples and feces from the acute phase of infection. Results can be read after 10 min. Designed for professional in vitro diagnostic use only.<\/p>\n<p><em><strong>Exclusively for professional use<\/strong><\/em><\/p>\n<p>Packaging: 10 tests\/kit.<\/p>\n<p>Kit contains<\/p>\n<ul>\n<li>10 quick test cassettes,<\/li>\n<li>10 harvest vials with diluent<\/li>\n<\/ul>\n<p>CE marking, batch no., production GERMANY<\/p>\n<p>Displayed price \/kit<\/p>\n<p><strong>THE PRODUCT IS SOLD EXCLUSIVELY TO SPECIALIZED LEGAL ENTITIES (MEDICAL CLINICS, MEDICAL LABORATORIES, FAMILY DOCTORS, ETC).<\/strong><\/p>\n<p>&nbsp;<\/p>","protected":false},"excerpt":{"rendered":"<p>Test rapid bazat pe metoda imunocromatografic\u0103 de determinare simultan\u0103 calitativ\u0103 a antigenilor pentru GIARDIA LAMBILIA ZYSTEN \u0219i CRYPTOSPORIDIUM \u00een probele \u0219i\u00a0materii fecale din faza acut\u0103 a infec\u021biei. Citirea rezultatelor se&#8230;<\/p>","protected":false},"featured_media":1453,"comment_status":"open","ping_status":"closed","template":"","meta":[],"product_brand":[],"product_cat":[17,23],"product_tag":[538,232,503],"class_list":{"0":"post-424","1":"product","2":"type-product","3":"status-publish","4":"has-post-thumbnail","6":"product_cat-diagnostic-laborator","7":"product_cat-teste-rapide","8":"product_tag-test-rapid-giardia-crypto","9":"product_tag-teste-rapide","10":"product_tag-teste-rapide-axiomed","12":"first","13":"instock","14":"taxable","15":"shipping-taxable","16":"purchasable","17":"product-type-simple"},"_links":{"self":[{"href":"https:\/\/axiomed.ro\/en\/wp-json\/wp\/v2\/product\/424","targetHints":{"allow":["GET"]}}],"collection":[{"href":"https:\/\/axiomed.ro\/en\/wp-json\/wp\/v2\/product"}],"about":[{"href":"https:\/\/axiomed.ro\/en\/wp-json\/wp\/v2\/types\/product"}],"replies":[{"embeddable":true,"href":"https:\/\/axiomed.ro\/en\/wp-json\/wp\/v2\/comments?post=424"}],"wp:featuredmedia":[{"embeddable":true,"href":"https:\/\/axiomed.ro\/en\/wp-json\/wp\/v2\/media\/1453"}],"wp:attachment":[{"href":"https:\/\/axiomed.ro\/en\/wp-json\/wp\/v2\/media?parent=424"}],"wp:term":[{"taxonomy":"product_brand","embeddable":true,"href":"https:\/\/axiomed.ro\/en\/wp-json\/wp\/v2\/product_brand?post=424"},{"taxonomy":"product_cat","embeddable":true,"href":"https:\/\/axiomed.ro\/en\/wp-json\/wp\/v2\/product_cat?post=424"},{"taxonomy":"product_tag","embeddable":true,"href":"https:\/\/axiomed.ro\/en\/wp-json\/wp\/v2\/product_tag?post=424"}],"curies":[{"name":"wp","href":"https:\/\/api.w.org\/{rel}","templated":true}]}}