{"id":426,"date":"2017-05-15T13:32:39","date_gmt":"2017-05-15T13:32:39","guid":{"rendered":"http:\/\/axiomed.ro\/?post_type=product&#038;p=426"},"modified":"2022-07-11T10:27:37","modified_gmt":"2022-07-11T07:27:37","slug":"test-rapid-gonoree","status":"publish","type":"product","link":"https:\/\/axiomed.ro\/en\/shop\/test-rapid-gonoree\/","title":{"rendered":"Quick test GONOREE"},"content":{"rendered":"<p>The test for gonorrhea is a rapid immunologic test for the visual detection of gonorrhea antigen in secretory samples of the urogenital tract. The test is used as an aid in the diagnosis of gonococcal infection. The test is used for in vitro diagnosis only by a specialist. The test result can be easily interpreted after 10-20 minutes. Washing procedures or comparison with standards are not necessary; therefore, this rapid point test is easy to operate.<\/p>\n<p><em><strong>Exclusively for professional use<\/strong><\/em><\/p>\n<p>Rapid test for the diagnosis of gonorrhea from urogenital secretion.<\/p>\n<p>Designed for professional in vitro diagnostic use only.<\/p>\n<p>Packaging: kit of 10 tests.<br \/>\nKit contains:<\/p>\n<ul>\n<li>10 individually wrapped test cassettes,<\/li>\n<li>10 individually wrapped pad-holders for the harvest,<\/li>\n<li>10 test tubes (including drip caps),<\/li>\n<li>1 reagent holder,<\/li>\n<li>1 vial reagent 1,<\/li>\n<li>1 vial reagent 2,<\/li>\n<\/ul>\n<p>CE marking, batch no., production GERMANY<\/p>\n<p>Displayed price \/ kit<\/p>\n<p>Sold in kits of 10 tests.<\/p>\n<p><strong>THE PRODUCT IS SOLD EXCLUSIVELY TO SPECIALIZED LEGAL ENTITIES (MEDICAL CLINICS, MEDICAL LABORATORIES, FAMILY DOCTORS, ETC).<\/strong><\/p>","protected":false},"excerpt":{"rendered":"<p>Testul pentru gonoree este un test imunologic rapid pentru detectarea vizual\u0103 a antigenului gonoreic \u00een probele secretoare ale tractului urogenital. Testul este folosit ca ajutor \u00een diagnosticul infec\u021biei cu gonococ&#8230;.<\/p>","protected":false},"featured_media":1476,"comment_status":"open","ping_status":"closed","template":"","meta":[],"product_brand":[],"product_cat":[17,23],"product_tag":[536,232,503],"class_list":{"0":"post-426","1":"product","2":"type-product","3":"status-publish","4":"has-post-thumbnail","6":"product_cat-diagnostic-laborator","7":"product_cat-teste-rapide","8":"product_tag-test-rapid-gonoree","9":"product_tag-teste-rapide","10":"product_tag-teste-rapide-axiomed","12":"first","13":"instock","14":"taxable","15":"shipping-taxable","16":"purchasable","17":"product-type-simple"},"_links":{"self":[{"href":"https:\/\/axiomed.ro\/en\/wp-json\/wp\/v2\/product\/426","targetHints":{"allow":["GET"]}}],"collection":[{"href":"https:\/\/axiomed.ro\/en\/wp-json\/wp\/v2\/product"}],"about":[{"href":"https:\/\/axiomed.ro\/en\/wp-json\/wp\/v2\/types\/product"}],"replies":[{"embeddable":true,"href":"https:\/\/axiomed.ro\/en\/wp-json\/wp\/v2\/comments?post=426"}],"wp:featuredmedia":[{"embeddable":true,"href":"https:\/\/axiomed.ro\/en\/wp-json\/wp\/v2\/media\/1476"}],"wp:attachment":[{"href":"https:\/\/axiomed.ro\/en\/wp-json\/wp\/v2\/media?parent=426"}],"wp:term":[{"taxonomy":"product_brand","embeddable":true,"href":"https:\/\/axiomed.ro\/en\/wp-json\/wp\/v2\/product_brand?post=426"},{"taxonomy":"product_cat","embeddable":true,"href":"https:\/\/axiomed.ro\/en\/wp-json\/wp\/v2\/product_cat?post=426"},{"taxonomy":"product_tag","embeddable":true,"href":"https:\/\/axiomed.ro\/en\/wp-json\/wp\/v2\/product_tag?post=426"}],"curies":[{"name":"wp","href":"https:\/\/api.w.org\/{rel}","templated":true}]}}