{"id":429,"date":"2017-05-15T13:36:06","date_gmt":"2017-05-15T13:36:06","guid":{"rendered":"http:\/\/axiomed.ro\/?post_type=product&#038;p=429"},"modified":"2023-11-03T12:34:59","modified_gmt":"2023-11-03T09:34:59","slug":"test-rapid-helicobacter-pylori-anticorpi-canada","status":"publish","type":"product","link":"https:\/\/axiomed.ro\/en\/shop\/test-rapid-helicobacter-pylori-anticorpi-canada\/","title":{"rendered":"Helicobacter pylori rapid antibody test - Canada"},"content":{"rendered":"<p>Rapid diagnostic test for qualitative immunochromatographic detection of antibodies <em>Helicobacter pylori<\/em> \u00een sange;<\/p>\n<p>Package contents:<\/p>\n<ul>\n<li>Helicobacter pylori test device,<\/li>\n<li>Disposable plastic pipette<\/li>\n<li>Bag of humidifier gel.<\/li>\n<\/ul>\n<p>Professional use<\/p>\n<p>Minimum quantity : 1 kit<\/p>\n<p>Ambalare: 25\u00a0casete\/kit<\/p>\n<p>CE marking, expiry date<\/p>\n<p>Displayed price \/ test<\/p>\n<p>Production Canada<\/p>\n<p><strong>THE PRODUCT IS SOLD EXCLUSIVELY TO SPECIALIZED LEGAL ENTITIES (MEDICAL CLINICS, MEDICAL LABORATORIES, FAMILY DOCTORS, ETC).<\/strong><\/p>","protected":false},"excerpt":{"rendered":"<p>Test rapid de diagnostic pentru detectare imunocromatografic\u0103 calitativ\u0103 a anticorpilor Helicobacter pylori \u00een sange; Con\u021binutul pachetului: Dispozitivul de testare Helicobacter pylori, Pipeta plastic de unic\u0103 folosin\u021b\u0103 Pung\u0103 de gel umidificator&#8230;.<\/p>","protected":false},"featured_media":1470,"comment_status":"open","ping_status":"closed","template":"","meta":[],"product_brand":[],"product_cat":[17,23],"product_tag":[534,232,503],"class_list":{"0":"post-429","1":"product","2":"type-product","3":"status-publish","4":"has-post-thumbnail","6":"product_cat-diagnostic-laborator","7":"product_cat-teste-rapide","8":"product_tag-test-rapid-helicobacter-pylori-anticorpi","9":"product_tag-teste-rapide","10":"product_tag-teste-rapide-axiomed","12":"first","13":"outofstock","14":"taxable","15":"shipping-taxable","16":"purchasable","17":"product-type-simple"},"_links":{"self":[{"href":"https:\/\/axiomed.ro\/en\/wp-json\/wp\/v2\/product\/429","targetHints":{"allow":["GET"]}}],"collection":[{"href":"https:\/\/axiomed.ro\/en\/wp-json\/wp\/v2\/product"}],"about":[{"href":"https:\/\/axiomed.ro\/en\/wp-json\/wp\/v2\/types\/product"}],"replies":[{"embeddable":true,"href":"https:\/\/axiomed.ro\/en\/wp-json\/wp\/v2\/comments?post=429"}],"wp:featuredmedia":[{"embeddable":true,"href":"https:\/\/axiomed.ro\/en\/wp-json\/wp\/v2\/media\/1470"}],"wp:attachment":[{"href":"https:\/\/axiomed.ro\/en\/wp-json\/wp\/v2\/media?parent=429"}],"wp:term":[{"taxonomy":"product_brand","embeddable":true,"href":"https:\/\/axiomed.ro\/en\/wp-json\/wp\/v2\/product_brand?post=429"},{"taxonomy":"product_cat","embeddable":true,"href":"https:\/\/axiomed.ro\/en\/wp-json\/wp\/v2\/product_cat?post=429"},{"taxonomy":"product_tag","embeddable":true,"href":"https:\/\/axiomed.ro\/en\/wp-json\/wp\/v2\/product_tag?post=429"}],"curies":[{"name":"wp","href":"https:\/\/api.w.org\/{rel}","templated":true}]}}