{"id":432,"date":"2017-05-16T06:59:03","date_gmt":"2017-05-16T06:59:03","guid":{"rendered":"http:\/\/axiomed.ro\/?post_type=product&#038;p=432"},"modified":"2023-11-03T08:40:29","modified_gmt":"2023-11-03T05:40:29","slug":"test-rapid-helicobacter-pylori-antigen-canada","status":"publish","type":"product","link":"https:\/\/axiomed.ro\/en\/shop\/test-rapid-helicobacter-pylori-antigen-canada\/","title":{"rendered":"Helicobacter pylori rapid antigen test - Canada"},"content":{"rendered":"<p>Rapid immunochromatographic diagnostic tool for the qualitative detection of antigen in feces. Helicobacter pylori is a gram-negative bacterium that causes inflammation of the stomach lining<\/p>\n<p>Package contents:<\/p>\n<ul>\n<li>Helicobacter pylori Ag test device,<\/li>\n<li>Sampling device, gel humidifier<\/li>\n<\/ul>\n<p>Minimum quantity : 1 kit<\/p>\n<p>Packaging: 30 cassettes\/kit<\/p>\n<p>CE marking, expiry date<\/p>\n<p>Production Canada<\/p>\n<p><strong>THE PRODUCT IS SOLD EXCLUSIVELY TO SPECIALIZED LEGAL ENTITIES (MEDICAL CLINICS, MEDICAL LABORATORIES, FAMILY DOCTORS, ETC).<\/strong><\/p>","protected":false},"excerpt":{"rendered":"<p>Test rapid instrument de diagnostic prin metoda imunocromatografic\u0103 pentru detectarea calitativ\u0103 a antigenului din fecale. Helicobacter pylori este o bacterie gram negativ, care cauzeaz\u0103 inflama\u021bie a mucoasei stomacului Con\u021binutul pachetului:&#8230;<\/p>","protected":false},"featured_media":1470,"comment_status":"closed","ping_status":"closed","template":"","meta":[],"product_brand":[],"product_cat":[17,23],"product_tag":[533,232,503],"class_list":{"0":"post-432","1":"product","2":"type-product","3":"status-publish","4":"has-post-thumbnail","6":"product_cat-diagnostic-laborator","7":"product_cat-teste-rapide","8":"product_tag-test-rapid-helicobacter-pylori-antigen","9":"product_tag-teste-rapide","10":"product_tag-teste-rapide-axiomed","12":"first","13":"outofstock","14":"taxable","15":"shipping-taxable","16":"purchasable","17":"product-type-simple"},"_links":{"self":[{"href":"https:\/\/axiomed.ro\/en\/wp-json\/wp\/v2\/product\/432","targetHints":{"allow":["GET"]}}],"collection":[{"href":"https:\/\/axiomed.ro\/en\/wp-json\/wp\/v2\/product"}],"about":[{"href":"https:\/\/axiomed.ro\/en\/wp-json\/wp\/v2\/types\/product"}],"replies":[{"embeddable":true,"href":"https:\/\/axiomed.ro\/en\/wp-json\/wp\/v2\/comments?post=432"}],"wp:featuredmedia":[{"embeddable":true,"href":"https:\/\/axiomed.ro\/en\/wp-json\/wp\/v2\/media\/1470"}],"wp:attachment":[{"href":"https:\/\/axiomed.ro\/en\/wp-json\/wp\/v2\/media?parent=432"}],"wp:term":[{"taxonomy":"product_brand","embeddable":true,"href":"https:\/\/axiomed.ro\/en\/wp-json\/wp\/v2\/product_brand?post=432"},{"taxonomy":"product_cat","embeddable":true,"href":"https:\/\/axiomed.ro\/en\/wp-json\/wp\/v2\/product_cat?post=432"},{"taxonomy":"product_tag","embeddable":true,"href":"https:\/\/axiomed.ro\/en\/wp-json\/wp\/v2\/product_tag?post=432"}],"curies":[{"name":"wp","href":"https:\/\/api.w.org\/{rel}","templated":true}]}}