{"id":435,"date":"2017-05-16T07:02:55","date_gmt":"2017-05-16T07:02:55","guid":{"rendered":"http:\/\/axiomed.ro\/?post_type=product&#038;p=435"},"modified":"2022-07-11T10:16:18","modified_gmt":"2022-07-11T07:16:18","slug":"test-rapid-rotavirus-antigen","status":"publish","type":"product","link":"https:\/\/axiomed.ro\/en\/shop\/test-rapid-rotavirus-antigen\/","title":{"rendered":"ROTAVIRUS antigen rapid test"},"content":{"rendered":"<p>It is a qualitative rapid chromatographic immunoassay for the detection of rotavirus in human feces to aid in the diagnosis of rotavirus infection (rapid test).<\/p>\n<p class=\"title\"><em><strong><span class=\"field field--name-title field--type-string field--label-hidden\">Exclusively for professional use\u00a0<\/span><\/strong><\/em><\/p>\n<p>The test is designed for professional in vitro diagnosis only.<\/p>\n<p>Rapid test for the detection of Rotavirus antigen in human feces.<\/p>\n<p>Packaging: kit of 10 tests.<\/p>\n<p>Displayed price\/kit<\/p>\n<p>CE marking, batch no., production Germany<\/p>\n<p>Sold in kits of 10 tests.<\/p>\n<p><strong>THE PRODUCT IS SOLD EXCLUSIVELY TO SPECIALIZED LEGAL ENTITIES (MEDICAL CLINICS, MEDICAL LABORATORIES, FAMILY DOCTORS, ETC).<\/strong><\/p>","protected":false},"excerpt":{"rendered":"<p>Este o\u00a0imunoanaliz\u0103 cromatografic\u0103 rapid\u0103 calitativ\u0103 de detectare a rotavirusului din\u00a0materiile\u00a0fecale umane pentru a ajut\u0103 la diagnosticul infec\u021biei cu rotavirus (test rapid). Exclusiv pentru uz profesional\u00a0 Testul este conceput \u00a0doar pentru&#8230;<\/p>","protected":false},"featured_media":1453,"comment_status":"open","ping_status":"closed","template":"","meta":[],"product_brand":[],"product_cat":[17,23],"product_tag":[531,232,503],"class_list":{"0":"post-435","1":"product","2":"type-product","3":"status-publish","4":"has-post-thumbnail","6":"product_cat-diagnostic-laborator","7":"product_cat-teste-rapide","8":"product_tag-test-rapid-rotavirus-antigen","9":"product_tag-teste-rapide","10":"product_tag-teste-rapide-axiomed","12":"first","13":"instock","14":"taxable","15":"shipping-taxable","16":"purchasable","17":"product-type-simple"},"_links":{"self":[{"href":"https:\/\/axiomed.ro\/en\/wp-json\/wp\/v2\/product\/435","targetHints":{"allow":["GET"]}}],"collection":[{"href":"https:\/\/axiomed.ro\/en\/wp-json\/wp\/v2\/product"}],"about":[{"href":"https:\/\/axiomed.ro\/en\/wp-json\/wp\/v2\/types\/product"}],"replies":[{"embeddable":true,"href":"https:\/\/axiomed.ro\/en\/wp-json\/wp\/v2\/comments?post=435"}],"wp:featuredmedia":[{"embeddable":true,"href":"https:\/\/axiomed.ro\/en\/wp-json\/wp\/v2\/media\/1453"}],"wp:attachment":[{"href":"https:\/\/axiomed.ro\/en\/wp-json\/wp\/v2\/media?parent=435"}],"wp:term":[{"taxonomy":"product_brand","embeddable":true,"href":"https:\/\/axiomed.ro\/en\/wp-json\/wp\/v2\/product_brand?post=435"},{"taxonomy":"product_cat","embeddable":true,"href":"https:\/\/axiomed.ro\/en\/wp-json\/wp\/v2\/product_cat?post=435"},{"taxonomy":"product_tag","embeddable":true,"href":"https:\/\/axiomed.ro\/en\/wp-json\/wp\/v2\/product_tag?post=435"}],"curies":[{"name":"wp","href":"https:\/\/api.w.org\/{rel}","templated":true}]}}