{"id":4411,"date":"2021-03-28T09:46:41","date_gmt":"2021-03-28T06:46:41","guid":{"rendered":"https:\/\/axiomed.ro\/?post_type=product&#038;p=4411"},"modified":"2024-12-29T20:29:40","modified_gmt":"2024-12-29T17:29:40","slug":"test-rapid-sarcina-hcg-caseta-surelab","status":"publish","type":"product","link":"https:\/\/axiomed.ro\/en\/shop\/test-rapid-sarcina-hcg-caseta-surelab\/","title":{"rendered":"Rapid pregnancy test HCG box Surelab"},"content":{"rendered":"<p>A rapid test based on immunochromatography for the qualitative detection of the human chorionic gonadotropin hormone (hcg) in urine. the test is for in vitro self-testing only.<\/p>\n<p>Human chorionic gonadotropin (hcg) is the glycoprotein that is secreted by the placenta after insemination. HCG can be detected in human urine (and also in blood or serum) at least 5 - 15 days after pregnancy has started. The level of hcg in the urine after the first missed period is generally about 100 miu\/ml, and in the first three months hcg levels increase and reach 100,000 - 200,000 miu\/ml. The easy detection of hcg in urine and serum immediately after insemination and the rapid rise in levels in the early stages of pregnancy make this hormone a reliable and good screening material for early diagnosis of pregnancy. The aim of this test is to detect early development of beta hcg exceeding 20 miu\/mL.<\/p>\n<p>Package contents:<\/p>\n<p>hCG pregnancy test cassette, disposable plastic pipette, bag with silica gel as humidifier.<\/p>\n<p>Sensibilitate:<\/p>\n<p>The test can detect 20 miu\/mL hCG in the urine<\/p>\n<p>Price per piece<\/p>","protected":false},"excerpt":{"rendered":"<p>Test rapid bazat pe imunocromatografie, care are ca scop detectarea calitativ\u0103 a hormonului gonadotropin\u0103 corionic\u0103 uman\u0103 (hcg) \u00een urin\u0103. testul este doar pentru auto-testare in vitro. Gonadotropina corionic\u0103 uman\u0103 (hcg)&#8230;<\/p>","protected":false},"featured_media":4412,"comment_status":"open","ping_status":"closed","template":"","meta":[],"product_brand":[],"product_cat":[35,1416],"product_tag":[1419,1417,525,1420],"class_list":{"0":"post-4411","1":"product","2":"type-product","3":"status-publish","4":"has-post-thumbnail","6":"product_cat-medicina-acasa","7":"product_cat-teste-rapide-medicina-acasa","8":"product_tag-sarcina","9":"product_tag-test-rapid-sarcina","10":"product_tag-test-sarcina","11":"product_tag-teste-rapide-sarcina","13":"first","14":"outofstock","15":"taxable","16":"shipping-taxable","17":"purchasable","18":"product-type-simple"},"_links":{"self":[{"href":"https:\/\/axiomed.ro\/en\/wp-json\/wp\/v2\/product\/4411","targetHints":{"allow":["GET"]}}],"collection":[{"href":"https:\/\/axiomed.ro\/en\/wp-json\/wp\/v2\/product"}],"about":[{"href":"https:\/\/axiomed.ro\/en\/wp-json\/wp\/v2\/types\/product"}],"replies":[{"embeddable":true,"href":"https:\/\/axiomed.ro\/en\/wp-json\/wp\/v2\/comments?post=4411"}],"wp:featuredmedia":[{"embeddable":true,"href":"https:\/\/axiomed.ro\/en\/wp-json\/wp\/v2\/media\/4412"}],"wp:attachment":[{"href":"https:\/\/axiomed.ro\/en\/wp-json\/wp\/v2\/media?parent=4411"}],"wp:term":[{"taxonomy":"product_brand","embeddable":true,"href":"https:\/\/axiomed.ro\/en\/wp-json\/wp\/v2\/product_brand?post=4411"},{"taxonomy":"product_cat","embeddable":true,"href":"https:\/\/axiomed.ro\/en\/wp-json\/wp\/v2\/product_cat?post=4411"},{"taxonomy":"product_tag","embeddable":true,"href":"https:\/\/axiomed.ro\/en\/wp-json\/wp\/v2\/product_tag?post=4411"}],"curies":[{"name":"wp","href":"https:\/\/api.w.org\/{rel}","templated":true}]}}