{"id":4418,"date":"2021-03-28T11:08:28","date_gmt":"2021-03-28T08:08:28","guid":{"rendered":"https:\/\/axiomed.ro\/?post_type=product&#038;p=4418"},"modified":"2024-12-29T20:30:45","modified_gmt":"2024-12-29T17:30:45","slug":"test-ovulatie-certain","status":"publish","type":"product","link":"https:\/\/axiomed.ro\/en\/shop\/test-ovulatie-certain\/","title":{"rendered":"Rapid Ovulation Test Certain"},"content":{"rendered":"<p>A rapid immunochromatography-based test for the qualitative detection of human luteinizing hormone (LH) in urine.<\/p>\n<p>Luteinizing hormone (LH) is always present in human urine. LH increases considerably in women just before the day that is most suitable for becoming pregnant. This is generally called the LH surge. This LH surge triggers ovulation and this means that eggs are released from the ovum. The egg can be fertilized only 6 to 24 hours after ovulation. This is why determining ovulation by LH surge testing is so important for women who like to get pregnant. The best times to test are 11 in the morning, 15 and 17 in the afternoon and 22 in the evening. Testing early in the morning may not give a good result because the expected LH values cannot be captured. If the LH surge needs to be caught, the test should be completed at later times.<\/p>\n<p>Package contents:<\/p>\n<p>Two ovulation tests, disposable plastic pipettes, silica gel sachets as humidifier.<\/p>\n<p>Sensibility<\/p>\n<p>It can detect 25mIU\/ml LH in urine.<\/p>\n<p>Price per piece<\/p>","protected":false},"excerpt":{"rendered":"<p>Test rapid bazat pe imunocromatografie, care vizeaz\u0103 detectarea calitativ\u0103 a hormonului luteinizant uman (LH) \u00een urin\u0103. Hormonul luteinizant (LH) este \u00eentotdeauna prezent \u00een urina uman\u0103. LH cre\u0219te considerabil la femei&#8230;<\/p>","protected":false},"featured_media":4419,"comment_status":"open","ping_status":"closed","template":"","meta":[],"product_brand":[],"product_cat":[35,1416],"product_tag":[1421,1422,1423,1424],"class_list":{"0":"post-4418","1":"product","2":"type-product","3":"status-publish","4":"has-post-thumbnail","6":"product_cat-medicina-acasa","7":"product_cat-teste-rapide-medicina-acasa","8":"product_tag-ovulatie","9":"product_tag-test-ovulatie","10":"product_tag-test-rapid-ovulatie","11":"product_tag-teste-rapide-oculatie","13":"first","14":"outofstock","15":"taxable","16":"shipping-taxable","17":"purchasable","18":"product-type-simple"},"_links":{"self":[{"href":"https:\/\/axiomed.ro\/en\/wp-json\/wp\/v2\/product\/4418","targetHints":{"allow":["GET"]}}],"collection":[{"href":"https:\/\/axiomed.ro\/en\/wp-json\/wp\/v2\/product"}],"about":[{"href":"https:\/\/axiomed.ro\/en\/wp-json\/wp\/v2\/types\/product"}],"replies":[{"embeddable":true,"href":"https:\/\/axiomed.ro\/en\/wp-json\/wp\/v2\/comments?post=4418"}],"wp:featuredmedia":[{"embeddable":true,"href":"https:\/\/axiomed.ro\/en\/wp-json\/wp\/v2\/media\/4419"}],"wp:attachment":[{"href":"https:\/\/axiomed.ro\/en\/wp-json\/wp\/v2\/media?parent=4418"}],"wp:term":[{"taxonomy":"product_brand","embeddable":true,"href":"https:\/\/axiomed.ro\/en\/wp-json\/wp\/v2\/product_brand?post=4418"},{"taxonomy":"product_cat","embeddable":true,"href":"https:\/\/axiomed.ro\/en\/wp-json\/wp\/v2\/product_cat?post=4418"},{"taxonomy":"product_tag","embeddable":true,"href":"https:\/\/axiomed.ro\/en\/wp-json\/wp\/v2\/product_tag?post=4418"}],"curies":[{"name":"wp","href":"https:\/\/api.w.org\/{rel}","templated":true}]}}