{"id":6743,"date":"2022-01-17T09:44:03","date_gmt":"2022-01-17T09:44:03","guid":{"rendered":"https:\/\/axiomed.ro\/?post_type=product&#038;p=6743"},"modified":"2024-08-28T11:10:00","modified_gmt":"2024-08-28T08:10:00","slug":"incubator-indicatori-biologici-sterilizare","status":"publish","type":"product","link":"https:\/\/axiomed.ro\/en\/shop\/incubator-indicatori-biologici-sterilizare\/","title":{"rendered":"Incubator biological indicators sterilization"},"content":{"rendered":"<p class=\"translation-block\">Biological indicator incubator, created to support health professionals in their activity of verifying and controlling the effectiveness of sterilization.<br>\nWith the respective oncubator it is easy to see if the autoclave has performed its activity correctly.<br>\nThe incubator is fully automatic and thanks to the simple digital interface, it can be adjusted to the desired temperature in a simple and precise way.<br>\nAny use of the device for purposes other than those contained in the user manual will invalidate the warranty.<\/p>\n<p>It is equipped with 13 control stations (13 biological indicators - vials - can be incubated simultaneously)<\/p>\n<p>Declaration of compliance<\/p>\n<p>12-month guarantee<\/p>\n<p>Production Italy<\/p>\n<p>&nbsp;<\/p>\n<p>&nbsp;<\/p>","protected":false},"excerpt":{"rendered":"<p>Incubator indicatori biologici,\u00a0 creat pentru a sprijini profesioni\u0219tii din domeniul s\u0103n\u0103t\u0103\u021bii \u00een activitatea lor de verificare \u0219i control a eficientei sterilizarii. Cu respectivul oncubator\u00a0 este u\u0219or de v\u0103zut dac\u0103 autoclavul&#8230;<\/p>","protected":false},"featured_media":6811,"comment_status":"open","ping_status":"closed","template":"","meta":[],"product_brand":[],"product_cat":[32,1463,1451],"product_tag":[1458,1459,1460,648,700,1034,1317],"class_list":{"0":"post-6743","1":"product","2":"type-product","3":"status-publish","4":"has-post-thumbnail","6":"product_cat-echipamente-sterilizare","7":"product_cat-control-sterilizare-indicatori","8":"product_cat-sterilizare","9":"product_tag-incubator","10":"product_tag-incubator-citire-fiole","11":"product_tag-incubator-sterilizare","12":"product_tag-indicator-biologic","13":"product_tag-indicator-biologic-autoclav-geobacillus-stearothermophilus-citire-rapida-fiola","14":"product_tag-indicator-biologic-sterilizare","15":"product_tag-indicator-biologic-sterilizare-abur","17":"first","18":"outofstock","19":"taxable","20":"shipping-taxable","21":"purchasable","22":"product-type-simple"},"_links":{"self":[{"href":"https:\/\/axiomed.ro\/en\/wp-json\/wp\/v2\/product\/6743","targetHints":{"allow":["GET"]}}],"collection":[{"href":"https:\/\/axiomed.ro\/en\/wp-json\/wp\/v2\/product"}],"about":[{"href":"https:\/\/axiomed.ro\/en\/wp-json\/wp\/v2\/types\/product"}],"replies":[{"embeddable":true,"href":"https:\/\/axiomed.ro\/en\/wp-json\/wp\/v2\/comments?post=6743"}],"wp:featuredmedia":[{"embeddable":true,"href":"https:\/\/axiomed.ro\/en\/wp-json\/wp\/v2\/media\/6811"}],"wp:attachment":[{"href":"https:\/\/axiomed.ro\/en\/wp-json\/wp\/v2\/media?parent=6743"}],"wp:term":[{"taxonomy":"product_brand","embeddable":true,"href":"https:\/\/axiomed.ro\/en\/wp-json\/wp\/v2\/product_brand?post=6743"},{"taxonomy":"product_cat","embeddable":true,"href":"https:\/\/axiomed.ro\/en\/wp-json\/wp\/v2\/product_cat?post=6743"},{"taxonomy":"product_tag","embeddable":true,"href":"https:\/\/axiomed.ro\/en\/wp-json\/wp\/v2\/product_tag?post=6743"}],"curies":[{"name":"wp","href":"https:\/\/api.w.org\/{rel}","templated":true}]}}